{"id":765,"date":"2024-11-29T12:20:32","date_gmt":"2024-11-29T12:20:32","guid":{"rendered":"https:\/\/www.blossom-fund.com\/index.php\/services\/"},"modified":"2025-08-20T12:31:10","modified_gmt":"2025-08-20T10:31:10","slug":"vaatler","status":"publish","type":"page","link":"https:\/\/www.blossom-fund.com\/tr\/vaatler\/","title":{"rendered":"Verdi\u011fimiz S\u00f6zler"},"content":{"rendered":"<div data-elementor-type=\"wp-page\" data-elementor-id=\"765\" class=\"elementor elementor-765\">\n\t\t\t\t<div class=\"elementor-element elementor-element-69de8c0 e-flex e-con-boxed e-con e-parent\" data-id=\"69de8c0\" data-element_type=\"container\" data-settings=\"{&quot;background_background&quot;:&quot;classic&quot;}\">\n\t\t\t\t\t<div class=\"e-con-inner\">\n\t\t\t\t<div class=\"elementor-element elementor-element-53e8d7b elementor-widget elementor-widget-heading\" data-id=\"53e8d7b\" data-element_type=\"widget\" data-widget_type=\"heading.default\">\n\t\t\t\t<div class=\"elementor-widget-container\">\n\t\t\t\t\t<h1 class=\"elementor-heading-title elementor-size-default\">Verdi\u011fimiz S\u00f6zler<\/h1>\t\t\t\t<\/div>\n\t\t\t\t<\/div>\n\t\t\t\t<div class=\"elementor-element elementor-element-2757b43 elementor-widget-divider--view-line elementor-widget elementor-widget-divider\" data-id=\"2757b43\" data-element_type=\"widget\" data-widget_type=\"divider.default\">\n\t\t\t\t<div class=\"elementor-widget-container\">\n\t\t\t\t\t\t\t<div class=\"elementor-divider\">\n\t\t\t<span class=\"elementor-divider-separator\">\n\t\t\t\t\t\t<\/span>\n\t\t<\/div>\n\t\t\t\t\t\t<\/div>\n\t\t\t\t<\/div>\n\t\t\t\t\t<\/div>\n\t\t\t\t<\/div>\n\t\t<div class=\"elementor-element elementor-element-7e50b6d e-flex e-con-boxed e-con e-parent\" data-id=\"7e50b6d\" data-element_type=\"container\" data-settings=\"{&quot;background_background&quot;:&quot;classic&quot;}\">\n\t\t\t\t\t<div class=\"e-con-inner\">\n\t\t<div class=\"elementor-element elementor-element-d901e05 e-con-full e-flex e-con e-child\" data-id=\"d901e05\" data-element_type=\"container\">\n\t\t<div class=\"elementor-element elementor-element-26e6360 e-con-full e-flex e-con e-child\" data-id=\"26e6360\" data-element_type=\"container\">\n\t\t\t\t<div class=\"elementor-element elementor-element-45f24cf elementor-widget elementor-widget-heading\" data-id=\"45f24cf\" data-element_type=\"widget\" data-widget_type=\"heading.default\">\n\t\t\t\t<div class=\"elementor-widget-container\">\n\t\t\t\t\t<h6 class=\"elementor-heading-title elementor-size-default\">01<\/h6>\t\t\t\t<\/div>\n\t\t\t\t<\/div>\n\t\t\t\t<div class=\"elementor-element elementor-element-56b9fce elementor-widget elementor-widget-icon-box\" data-id=\"56b9fce\" data-element_type=\"widget\" data-widget_type=\"icon-box.default\">\n\t\t\t\t<div class=\"elementor-widget-container\">\n\t\t\t\t\t\t\t<div class=\"elementor-icon-box-wrapper\">\n\n\t\t\t\n\t\t\t\t\t\t<div class=\"elementor-icon-box-content\">\n\n\t\t\t\t\t\t\t\t\t<h3 class=\"elementor-icon-box-title\">\n\t\t\t\t\t\t<span  >\n\t\t\t\t\t\t\t\u015eeffafl\u0131k ve yat\u0131r\u0131mc\u0131 g\u00fcvenine ba\u011fl\u0131l\u0131k\t\t\t\t\t\t<\/span>\n\t\t\t\t\t<\/h3>\n\t\t\t\t\n\t\t\t\t\t\t\t\t\t<p class=\"elementor-icon-box-description\">\n\t\t\t\t\t\tBlossom Fund, yat\u0131r\u0131mc\u0131lar\u0131na tam \u015feffafl\u0131k sa\u011flamay\u0131 taahh\u00fct eder:<br><br>\n\n1.\t<b>\u00dc\u00e7 Ayl\u0131k Fon Raporlar\u0131:<\/b> Ayr\u0131nt\u0131l\u0131 fon performans raporlar\u0131 web sitemizde kamuoyunun eri\u015fimine sunulacakt\u0131r.<br><br>\n\n2.\t<b>Fiyat G\u00fcvenlik A\u011f\u0131:<\/b> Blossom Fund, BLOS token fiyat\u0131n\u0131 token sat\u0131n alarak destekleyecektir <b>$0.02 taban fiyat\u0131 ile<\/b>. Fonun bir k\u0131sm\u0131 bu g\u00fcvenlik a\u011f\u0131n\u0131n s\u00fcrd\u00fcr\u00fclmesine tahsis edilerek piyasa g\u00fcveninin tesis edilmesine yard\u0131mc\u0131 olacakt\u0131r.<br>\n<br>\n3.\t<b>Adres G\u00f6r\u00fcn\u00fcrl\u00fc\u011f\u00fcn\u00fc Yak: <\/b>Yakma adresi Blossom Fund web sitesinde g\u00f6r\u00fclebilecek ve yat\u0131r\u0131mc\u0131lar\u0131n her token yakma i\u015flemini \u00e7evrimi\u00e7i olarak takip etmelerine olanak tan\u0131yacakt\u0131r.<br>\n<br>\n4. <b>G\u00fcvenli Token S\u00f6zle\u015fmesi: <\/b>BLOS token s\u00f6zle\u015fmesi Skynet Certik taraf\u0131ndan do\u011frulanm\u0131\u015f ve 100 puan alm\u0131\u015ft\u0131r: <a href=\"https:\/\/skynet.certik.com\/tools\/token-scan\/eth\/0x22585c8E2A7822a770fAe63B80BA0907bec837d0\">https:\/\/skynet.certik.com<\/a>\n\n\t\t\t\t\t<\/p>\n\t\t\t\t\n\t\t\t<\/div>\n\t\t\t\n\t\t<\/div>\n\t\t\t\t\t\t<\/div>\n\t\t\t\t<\/div>\n\t\t\t\t<\/div>\n\t\t<div class=\"elementor-element elementor-element-0c893ef e-con-full e-flex e-con e-child\" data-id=\"0c893ef\" data-element_type=\"container\" data-settings=\"{&quot;background_background&quot;:&quot;classic&quot;}\">\n\t\t\t\t<div class=\"elementor-element elementor-element-aa25285 elementor-widget elementor-widget-heading\" data-id=\"aa25285\" data-element_type=\"widget\" data-widget_type=\"heading.default\">\n\t\t\t\t<div class=\"elementor-widget-container\">\n\t\t\t\t\t<h4 class=\"elementor-heading-title elementor-size-default\">Skynet Certik taraf\u0131ndan M\u00fckemmel Token Tarama Puan\u0131 \n\n<\/h4>\t\t\t\t<\/div>\n\t\t\t\t<\/div>\n\t\t\t\t<div class=\"elementor-element elementor-element-2959c4b elementor-widget elementor-widget-image\" data-id=\"2959c4b\" data-element_type=\"widget\" data-widget_type=\"image.default\">\n\t\t\t\t<div class=\"elementor-widget-container\">\n\t\t\t\t\t\t\t\t\t\t\t\t\t\t\t\t<a href=\"https:\/\/skynet.certik.com\/tools\/token-scan\/eth\/0x22585c8E2A7822a770fAe63B80BA0907bec837d0\">\n\t\t\t\t\t\t\t<img alt=\"\" fetchpriority=\"high\" decoding=\"async\" width=\"820\" height=\"820\" src=\"https:\/\/www.blossom-fund.com\/wp-content\/uploads\/2025\/07\/Blos-Certik-Skynet-100-820.png\" class=\"attachment-large size-large wp-image-2004\" srcset=\"https:\/\/www.blossom-fund.com\/wp-content\/uploads\/2025\/07\/Blos-Certik-Skynet-100-820.png 820w, https:\/\/www.blossom-fund.com\/wp-content\/uploads\/2025\/07\/Blos-Certik-Skynet-100-820-300x300.png 300w, https:\/\/www.blossom-fund.com\/wp-content\/uploads\/2025\/07\/Blos-Certik-Skynet-100-820-150x150.png 150w, https:\/\/www.blossom-fund.com\/wp-content\/uploads\/2025\/07\/Blos-Certik-Skynet-100-820-768x768.png 768w, https:\/\/www.blossom-fund.com\/wp-content\/uploads\/2025\/07\/Blos-Certik-Skynet-100-820-12x12.png 12w\" sizes=\"(max-width: 820px) 100vw, 820px\" \/>\t\t\t\t\t\t\t\t<\/a>\n\t\t\t\t\t\t\t\t\t\t\t\t\t\t\t<\/div>\n\t\t\t\t<\/div>\n\t\t\t\t<\/div>\n\t\t\t\t<\/div>\n\t\t\t\t<div class=\"elementor-element elementor-element-034f111 elementor-widget__width-inherit elementor-widget-divider--view-line elementor-widget elementor-widget-divider\" data-id=\"034f111\" data-element_type=\"widget\" data-widget_type=\"divider.default\">\n\t\t\t\t<div class=\"elementor-widget-container\">\n\t\t\t\t\t\t\t<div class=\"elementor-divider\">\n\t\t\t<span class=\"elementor-divider-separator\">\n\t\t\t\t\t\t<\/span>\n\t\t<\/div>\n\t\t\t\t\t\t<\/div>\n\t\t\t\t<\/div>\n\t\t<div class=\"elementor-element elementor-element-c58e727 e-con-full e-flex e-con e-child\" data-id=\"c58e727\" data-element_type=\"container\" data-settings=\"{&quot;background_background&quot;:&quot;classic&quot;}\">\n\t\t\t\t<\/div>\n\t\t<div class=\"elementor-element elementor-element-1e71b20 e-con-full e-flex e-con e-child\" data-id=\"1e71b20\" data-element_type=\"container\">\n\t\t\t\t<div class=\"elementor-element elementor-element-8ad108a elementor-widget elementor-widget-heading\" data-id=\"8ad108a\" data-element_type=\"widget\" data-widget_type=\"heading.default\">\n\t\t\t\t<div class=\"elementor-widget-container\">\n\t\t\t\t\t<h6 class=\"elementor-heading-title elementor-size-default\">02<\/h6>\t\t\t\t<\/div>\n\t\t\t\t<\/div>\n\t\t\t\t<div class=\"elementor-element elementor-element-348ee14 elementor-widget elementor-widget-icon-box\" data-id=\"348ee14\" data-element_type=\"widget\" data-widget_type=\"icon-box.default\">\n\t\t\t\t<div class=\"elementor-widget-container\">\n\t\t\t\t\t\t\t<div class=\"elementor-icon-box-wrapper\">\n\n\t\t\t\n\t\t\t\t\t\t<div class=\"elementor-icon-box-content\">\n\n\t\t\t\t\t\t\t\t\t<h3 class=\"elementor-icon-box-title\">\n\t\t\t\t\t\t<span  >\n\t\t\t\t\t\t\tProfesyonel Fon Y\u00f6netimi\t\t\t\t\t\t<\/span>\n\t\t\t\t\t<\/h3>\n\t\t\t\t\n\t\t\t\t\t\t\t\t\t<p class=\"elementor-icon-box-description\">\n\t\t\t\t\t\tBlossom Fund, k\u00f6kl\u00fc ve profesyonelce y\u00f6netilen hisse senedi fonlar\u0131na yat\u0131r\u0131m yapar. Yat\u0131r\u0131mc\u0131lar, getiri ve toplam fon de\u011ferine ili\u015fkin ayr\u0131nt\u0131l\u0131 veriler de dahil olmak \u00fczere fonun performans\u0131na ili\u015fkin ayl\u0131k raporlar\u0131 inceleyebilir.<br><br>\n\nBLOS tokenini do\u011frudan bir hisse senedi fonuna ba\u011flayarak, <b>Blossom Fund g\u00fcvenli ve profesyonel bir temel sa\u011flar<\/b> uzun vadeli de\u011fer yaratmak i\u00e7in. \u015eeffafl\u0131k kilit \u00f6neme sahiptir - fonun ilerleyi\u015fine ili\u015fkin d\u00fczenli g\u00fcncellemeler web sitemizde yay\u0131nlanacakt\u0131r<br>\n\t\t\t\t\t<\/p>\n\t\t\t\t\n\t\t\t<\/div>\n\t\t\t\n\t\t<\/div>\n\t\t\t\t\t\t<\/div>\n\t\t\t\t<\/div>\n\t\t\t\t<\/div>\n\t\t\t\t<div class=\"elementor-element elementor-element-e542bb1 elementor-widget__width-inherit elementor-widget-divider--view-line elementor-widget elementor-widget-divider\" data-id=\"e542bb1\" data-element_type=\"widget\" data-widget_type=\"divider.default\">\n\t\t\t\t<div class=\"elementor-widget-container\">\n\t\t\t\t\t\t\t<div class=\"elementor-divider\">\n\t\t\t<span class=\"elementor-divider-separator\">\n\t\t\t\t\t\t<\/span>\n\t\t<\/div>\n\t\t\t\t\t\t<\/div>\n\t\t\t\t<\/div>\n\t\t<div class=\"elementor-element elementor-element-34075b8 e-con-full e-flex e-con e-child\" data-id=\"34075b8\" data-element_type=\"container\">\n\t\t<div class=\"elementor-element elementor-element-82643f7 e-con-full e-flex e-con e-child\" data-id=\"82643f7\" data-element_type=\"container\">\n\t\t\t\t<div class=\"elementor-element elementor-element-497ceff elementor-widget elementor-widget-heading\" data-id=\"497ceff\" data-element_type=\"widget\" data-widget_type=\"heading.default\">\n\t\t\t\t<div class=\"elementor-widget-container\">\n\t\t\t\t\t<h6 class=\"elementor-heading-title elementor-size-default\">03<\/h6>\t\t\t\t<\/div>\n\t\t\t\t<\/div>\n\t\t\t\t<div class=\"elementor-element elementor-element-d0eaca3 elementor-widget elementor-widget-icon-box\" data-id=\"d0eaca3\" data-element_type=\"widget\" data-widget_type=\"icon-box.default\">\n\t\t\t\t<div class=\"elementor-widget-container\">\n\t\t\t\t\t\t\t<div class=\"elementor-icon-box-wrapper\">\n\n\t\t\t\n\t\t\t\t\t\t<div class=\"elementor-icon-box-content\">\n\n\t\t\t\t\t\t\t\t\t<h3 class=\"elementor-icon-box-title\">\n\t\t\t\t\t\t<span  >\n\t\t\t\t\t\t\tGeri sat\u0131n alma ve yakma mekanizmas\u0131\n\n\t\t\t\t\t\t<\/span>\n\t\t\t\t\t<\/h3>\n\t\t\t\t\n\t\t\t\t\t\t\t\t\t<p class=\"elementor-icon-box-description\">\n\t\t\t\t\t\tYat\u0131r\u0131mc\u0131lar\u0131 stake etme yoluyla \u00f6d\u00fcllendiren di\u011fer kripto projelerinin aksine, Blossom Fund farkl\u0131 bir yakla\u015f\u0131m benimsiyor.\n\nBlossom Fund, BLOS tokenlerini geri almak ve yakmak i\u00e7in hisse senedi fonundan elde edilen kar\u0131 kullanacakt\u0131r, <b>arz\u0131 azalt\u0131r ve talebi art\u0131r\u0131r.<\/b><br><br>\u00d6rne\u011fin, fon y\u0131ll\u0131k 7,5% kar elde ederse ($1,5M * 7,5% = $112.500), yakla\u015f\u0131k <b>Y\u0131lda 1,4 milyon token yak\u0131lacak <\/b> $0.08'lik lansman fiyat\u0131na dayanmaktad\u0131r. Bu da potansiyel olarak toplam arz\u0131 be\u015f y\u0131l i\u00e7inde 50 milyondan 43 milyon tokena d\u00fc\u015f\u00fcrebilir.<br><br>\nLikiditeyi korumak i\u00e7in, toplam arz 25 milyon tokena ula\u015ft\u0131\u011f\u0131nda geri al\u0131m ve yakma mekanizmas\u0131 sona erecektir.\n\t\t\t\t\t<\/p>\n\t\t\t\t\n\t\t\t<\/div>\n\t\t\t\n\t\t<\/div>\n\t\t\t\t\t\t<\/div>\n\t\t\t\t<\/div>\n\t\t\t\t<\/div>\n\t\t<div class=\"elementor-element elementor-element-e25012f e-con-full e-flex e-con e-child\" data-id=\"e25012f\" data-element_type=\"container\" data-settings=\"{&quot;background_background&quot;:&quot;classic&quot;}\">\n\t\t\t\t<\/div>\n\t\t\t\t<\/div>\n\t\t\t\t<div class=\"elementor-element elementor-element-d61312f elementor-widget__width-inherit elementor-widget-divider--view-line elementor-widget elementor-widget-divider\" data-id=\"d61312f\" data-element_type=\"widget\" data-widget_type=\"divider.default\">\n\t\t\t\t<div class=\"elementor-widget-container\">\n\t\t\t\t\t\t\t<div class=\"elementor-divider\">\n\t\t\t<span class=\"elementor-divider-separator\">\n\t\t\t\t\t\t<\/span>\n\t\t<\/div>\n\t\t\t\t\t\t<\/div>\n\t\t\t\t<\/div>\n\t\t<div class=\"elementor-element elementor-element-c50e49a e-con-full e-flex e-con e-child\" data-id=\"c50e49a\" data-element_type=\"container\" data-settings=\"{&quot;background_background&quot;:&quot;classic&quot;}\">\n\t\t\t\t<\/div>\n\t\t<div class=\"elementor-element elementor-element-a457687 e-con-full e-flex e-con e-child\" data-id=\"a457687\" data-element_type=\"container\">\n\t\t\t\t<div class=\"elementor-element elementor-element-85db5a8 elementor-widget elementor-widget-heading\" data-id=\"85db5a8\" data-element_type=\"widget\" data-widget_type=\"heading.default\">\n\t\t\t\t<div class=\"elementor-widget-container\">\n\t\t\t\t\t<h6 class=\"elementor-heading-title elementor-size-default\">04<\/h6>\t\t\t\t<\/div>\n\t\t\t\t<\/div>\n\t\t\t\t<div class=\"elementor-element elementor-element-bf73553 elementor-widget elementor-widget-icon-box\" data-id=\"bf73553\" data-element_type=\"widget\" data-widget_type=\"icon-box.default\">\n\t\t\t\t<div class=\"elementor-widget-container\">\n\t\t\t\t\t\t\t<div class=\"elementor-icon-box-wrapper\">\n\n\t\t\t\n\t\t\t\t\t\t<div class=\"elementor-icon-box-content\">\n\n\t\t\t\t\t\t\t\t\t<h3 class=\"elementor-icon-box-title\">\n\t\t\t\t\t\t<span  >\n\t\t\t\t\t\t\tPazarlama Stratejisi\t\t\t\t\t\t<\/span>\n\t\t\t\t\t<\/h3>\n\t\t\t\t\n\t\t\t\t\t\t\t\t\t<p class=\"elementor-icon-box-description\">\n\t\t\t\t\t\tBlossom Fund, sat\u0131\u015f \u00f6ncesi a\u015famada a\u015fa\u011f\u0131dakiler de dahil olmak \u00fczere \u00e7e\u015fitli pazarlama taktikleri uygulayacakt\u0131r:<br><br>\n\n-\t<b>\u0130lgili web sitelerinde reklam<\/b><br><br>\n-\t<b>Chainwire arac\u0131l\u0131\u011f\u0131yla Kripto haber sitelerindeki bas\u0131n b\u00fcltenleri: <a href=\"https:\/\/app.chainwire.org\/report\/LNyrwtjc\">Kapsam Raporu<\/a><\/b><br><br>\n-\t<b>Dexscreener promosyonlar\u0131<\/b><br><br>\n-\t<b>Influencer'lar ile i\u015fbirlikleri<\/b> YouTube, X (eski ad\u0131yla Twitter) ve di\u011fer sosyal medya platformlar\u0131nda<br>\n<br>\nInfluencer'lara ilk $50\/$100 \u00f6demesi (takip\u00e7i say\u0131s\u0131na ba\u011fl\u0131 olarak) ve lansmandan 1 ve 3 ay sonra da\u011f\u0131t\u0131lan 2 x 50.000 BLOS token dahil olmak \u00fczere tazminat teklif edilecektir. <b>Influencer'lar\u0131n projeyi haftada en az 3 kez tan\u0131tmalar\u0131 gerekmektedir<\/b> \u00f6d\u00fcllerden yararlanmaya devam etmek i\u00e7in.\n\t\t\t\t\t<\/p>\n\t\t\t\t\n\t\t\t<\/div>\n\t\t\t\n\t\t<\/div>\n\t\t\t\t\t\t<\/div>\n\t\t\t\t<\/div>\n\t\t\t\t<\/div>\n\t\t\t\t\t<\/div>\n\t\t\t\t<\/div>\n\t\t\t\t<\/div>","protected":false},"excerpt":{"rendered":"<p>Our promises 01 Commitment to transparency and investor confidence Blossom Fund is committed to providing complete transparency to its investors: [&hellip;]<\/p>","protected":false},"author":1,"featured_media":0,"parent":0,"menu_order":0,"comment_status":"closed","ping_status":"closed","template":"","meta":{"_seopress_robots_primary_cat":"","_seopress_titles_title":"Our promises: commitment, investor confidence, transparency","_seopress_titles_desc":"Our team is committed to deliver transparency, extensive marketing and built a strong community with confidence","_seopress_robots_index":"","site-sidebar-layout":"no-sidebar","site-content-layout":"","ast-site-content-layout":"full-width-container","site-content-style":"default","site-sidebar-style":"default","ast-global-header-display":"","ast-banner-title-visibility":"","ast-main-header-display":"","ast-hfb-above-header-display":"","ast-hfb-below-header-display":"","ast-hfb-mobile-header-display":"","site-post-title":"disabled","ast-breadcrumbs-content":"","ast-featured-img":"disabled","footer-sml-layout":"","theme-transparent-header-meta":"enabled","adv-header-id-meta":"","stick-header-meta":"","header-above-stick-meta":"","header-main-stick-meta":"","header-below-stick-meta":"","astra-migrate-meta-layouts":"default","ast-page-background-enabled":"default","ast-page-background-meta":{"desktop":{"background-color":"var(--ast-global-color-4)","background-image":"","background-repeat":"repeat","background-position":"center center","background-size":"auto","background-attachment":"scroll","background-type":"","background-media":"","overlay-type":"","overlay-color":"","overlay-opacity":"","overlay-gradient":""},"tablet":{"background-color":"","background-image":"","background-repeat":"repeat","background-position":"center center","background-size":"auto","background-attachment":"scroll","background-type":"","background-media":"","overlay-type":"","overlay-color":"","overlay-opacity":"","overlay-gradient":""},"mobile":{"background-color":"","background-image":"","background-repeat":"repeat","background-position":"center center","background-size":"auto","background-attachment":"scroll","background-type":"","background-media":"","overlay-type":"","overlay-color":"","overlay-opacity":"","overlay-gradient":""}},"ast-content-background-meta":{"desktop":{"background-color":"var(--ast-global-color-5)","background-image":"","background-repeat":"repeat","background-position":"center center","background-size":"auto","background-attachment":"scroll","background-type":"","background-media":"","overlay-type":"","overlay-color":"","overlay-opacity":"","overlay-gradient":""},"tablet":{"background-color":"var(--ast-global-color-5)","background-image":"","background-repeat":"repeat","background-position":"center center","background-size":"auto","background-attachment":"scroll","background-type":"","background-media":"","overlay-type":"","overlay-color":"","overlay-opacity":"","overlay-gradient":""},"mobile":{"background-color":"var(--ast-global-color-5)","background-image":"","background-repeat":"repeat","background-position":"center center","background-size":"auto","background-attachment":"scroll","background-type":"","background-media":"","overlay-type":"","overlay-color":"","overlay-opacity":"","overlay-gradient":""}},"footnotes":""},"class_list":["post-765","page","type-page","status-publish","hentry"],"_links":{"self":[{"href":"https:\/\/www.blossom-fund.com\/tr\/wp-json\/wp\/v2\/pages\/765","targetHints":{"allow":["GET"]}}],"collection":[{"href":"https:\/\/www.blossom-fund.com\/tr\/wp-json\/wp\/v2\/pages"}],"about":[{"href":"https:\/\/www.blossom-fund.com\/tr\/wp-json\/wp\/v2\/types\/page"}],"author":[{"embeddable":true,"href":"https:\/\/www.blossom-fund.com\/tr\/wp-json\/wp\/v2\/users\/1"}],"replies":[{"embeddable":true,"href":"https:\/\/www.blossom-fund.com\/tr\/wp-json\/wp\/v2\/comments?post=765"}],"version-history":[{"count":48,"href":"https:\/\/www.blossom-fund.com\/tr\/wp-json\/wp\/v2\/pages\/765\/revisions"}],"predecessor-version":[{"id":2452,"href":"https:\/\/www.blossom-fund.com\/tr\/wp-json\/wp\/v2\/pages\/765\/revisions\/2452"}],"wp:attachment":[{"href":"https:\/\/www.blossom-fund.com\/tr\/wp-json\/wp\/v2\/media?parent=765"}],"curies":[{"name":"wp","href":"https:\/\/api.w.org\/{rel}","templated":true}]}}