{"id":764,"date":"2024-11-29T12:20:32","date_gmt":"2024-11-29T12:20:32","guid":{"rendered":"https:\/\/www.blossom-fund.com\/index.php\/about\/"},"modified":"2025-08-06T15:37:57","modified_gmt":"2025-08-06T13:37:57","slug":"hakkinda","status":"publish","type":"page","link":"https:\/\/www.blossom-fund.com\/tr\/hakkinda\/","title":{"rendered":"Hakk\u0131m\u0131zda"},"content":{"rendered":"<div data-elementor-type=\"wp-page\" data-elementor-id=\"764\" class=\"elementor elementor-764\">\n\t\t\t\t<div class=\"elementor-element elementor-element-3837895 e-flex e-con-boxed e-con e-parent\" data-id=\"3837895\" data-element_type=\"container\" data-settings=\"{&quot;background_background&quot;:&quot;classic&quot;}\">\n\t\t\t\t\t<div class=\"e-con-inner\">\n\t\t\t\t<div class=\"elementor-element elementor-element-b02c909 elementor-widget elementor-widget-heading\" data-id=\"b02c909\" data-element_type=\"widget\" data-widget_type=\"heading.default\">\n\t\t\t\t<div class=\"elementor-widget-container\">\n\t\t\t\t\t<h1 class=\"elementor-heading-title elementor-size-default\">Hakk\u0131m\u0131zda<\/h1>\t\t\t\t<\/div>\n\t\t\t\t<\/div>\n\t\t\t\t<div class=\"elementor-element elementor-element-4da1209 elementor-widget-divider--view-line elementor-widget elementor-widget-divider\" data-id=\"4da1209\" data-element_type=\"widget\" data-widget_type=\"divider.default\">\n\t\t\t\t<div class=\"elementor-widget-container\">\n\t\t\t\t\t\t\t<div class=\"elementor-divider\">\n\t\t\t<span class=\"elementor-divider-separator\">\n\t\t\t\t\t\t<\/span>\n\t\t<\/div>\n\t\t\t\t\t\t<\/div>\n\t\t\t\t<\/div>\n\t\t\t\t\t<\/div>\n\t\t\t\t<\/div>\n\t\t<div class=\"elementor-element elementor-element-c12b3f5 e-flex e-con-boxed e-con e-parent\" data-id=\"c12b3f5\" data-element_type=\"container\" data-settings=\"{&quot;background_background&quot;:&quot;classic&quot;}\">\n\t\t\t\t\t<div class=\"e-con-inner\">\n\t\t<div class=\"elementor-element elementor-element-c0c07f0 e-con-full e-flex e-con e-child\" data-id=\"c0c07f0\" data-element_type=\"container\">\n\t\t\t\t<div class=\"elementor-element elementor-element-90c20f5 elementor-widget elementor-widget-heading\" data-id=\"90c20f5\" data-element_type=\"widget\" data-widget_type=\"heading.default\">\n\t\t\t\t<div class=\"elementor-widget-container\">\n\t\t\t\t\t<h6 class=\"elementor-heading-title elementor-size-default\">Biz Kimiz<\/h6>\t\t\t\t<\/div>\n\t\t\t\t<\/div>\n\t\t\t\t<div class=\"elementor-element elementor-element-7722c63 elementor-widget elementor-widget-heading\" data-id=\"7722c63\" data-element_type=\"widget\" data-widget_type=\"heading.default\">\n\t\t\t\t<div class=\"elementor-widget-container\">\n\t\t\t\t\t<h5 class=\"elementor-heading-title elementor-size-default\">Pazarlama, kripto ve gobal finansal yat\u0131r\u0131mlarda y\u0131llar\u0131n deneyimine sahip \u00f6zel bir ekibiz.<\/h5>\t\t\t\t<\/div>\n\t\t\t\t<\/div>\n\t\t\t\t<\/div>\n\t\t<div class=\"elementor-element elementor-element-101d3f4 e-con-full e-flex e-con e-child\" data-id=\"101d3f4\" data-element_type=\"container\">\n\t\t\t\t<div class=\"elementor-element elementor-element-ff6bfc2 elementor-widget elementor-widget-icon-box\" data-id=\"ff6bfc2\" data-element_type=\"widget\" data-widget_type=\"icon-box.default\">\n\t\t\t\t<div class=\"elementor-widget-container\">\n\t\t\t\t\t\t\t<div class=\"elementor-icon-box-wrapper\">\n\n\t\t\t\n\t\t\t\t\t\t<div class=\"elementor-icon-box-content\">\n\n\t\t\t\t\t\t\t\t\t<h3 class=\"elementor-icon-box-title\">\n\t\t\t\t\t\t<span  >\n\t\t\t\t\t\t\tYat\u0131r\u0131mc\u0131lar i\u00e7in E\u015fsiz Bir F\u0131rsat\t\t\t\t\t\t<\/span>\n\t\t\t\t\t<\/h3>\n\t\t\t\t\n\t\t\t\t\t\t\t\t\t<p class=\"elementor-icon-box-description\">\n\t\t\t\t\t\tGeleneksel olarak, profesyonel fon y\u00f6netimine eri\u015fim\n\u00f6nemli bir yat\u0131r\u0131m gerektirir - genellikle $500,000 veya daha fazla. \n\n<b>Blossom Fund bu engeli y\u0131k\u0131yor<\/b>BLOS tokenleri sat\u0131n alarak herkesin uzman fon y\u00f6netiminden faydalanmas\u0131na olanak tan\u0131r.\n<br><br>\n\n\nBlossom Fund ile yat\u0131r\u0131mc\u0131lar \"sat\u0131n alabilir ve\ndevam eden token geri al\u0131mlar\u0131ndan ve yan\u0131klardan faydalan\u0131rken \"tutun\narz\u0131 s\u00fcrekli olarak azalt\u0131r ve talebi art\u0131r\u0131r. <b>Bu pasif, uzun vadeli strateji\n\u00f6nemli getiriler sa\u011flamak \u00fczere tasarlanm\u0131\u015ft\u0131r<\/b> zaman i\u00e7inde.\t\t\t\t\t<\/p>\n\t\t\t\t\n\t\t\t<\/div>\n\t\t\t\n\t\t<\/div>\n\t\t\t\t\t\t<\/div>\n\t\t\t\t<\/div>\n\t\t\t\t<\/div>\n\t\t\t\t<div class=\"elementor-element elementor-element-fee9e83 elementor-widget-divider--view-line elementor-widget elementor-widget-divider\" data-id=\"fee9e83\" data-element_type=\"widget\" data-widget_type=\"divider.default\">\n\t\t\t\t<div class=\"elementor-widget-container\">\n\t\t\t\t\t\t\t<div class=\"elementor-divider\">\n\t\t\t<span class=\"elementor-divider-separator\">\n\t\t\t\t\t\t<\/span>\n\t\t<\/div>\n\t\t\t\t\t\t<\/div>\n\t\t\t\t<\/div>\n\t\t<div class=\"elementor-element elementor-element-f73764e e-con-full e-flex e-con e-child\" data-id=\"f73764e\" data-element_type=\"container\">\n\t\t\t\t<div class=\"elementor-element elementor-element-0669969 elementor-widget elementor-widget-icon-box\" data-id=\"0669969\" data-element_type=\"widget\" data-widget_type=\"icon-box.default\">\n\t\t\t\t<div class=\"elementor-widget-container\">\n\t\t\t\t\t\t\t<div class=\"elementor-icon-box-wrapper\">\n\n\t\t\t\n\t\t\t\t\t\t<div class=\"elementor-icon-box-content\">\n\n\t\t\t\t\t\t\t\t\t<h3 class=\"elementor-icon-box-title\">\n\t\t\t\t\t\t<span  >\n\t\t\t\t\t\t\tProfesyonel Uzmanl\u0131k\t\t\t\t\t\t<\/span>\n\t\t\t\t\t<\/h3>\n\t\t\t\t\n\t\t\t\t\t\t\t\t\t<p class=\"elementor-icon-box-description\">\n\t\t\t\t\t\tKripto ve finans piyasas\u0131 alan\u0131ndaki geni\u015f deneyimimizden herkes faydalanabilir.\t\t\t\t\t<\/p>\n\t\t\t\t\n\t\t\t<\/div>\n\t\t\t\n\t\t<\/div>\n\t\t\t\t\t\t<\/div>\n\t\t\t\t<\/div>\n\t\t\t\t<\/div>\n\t\t<div class=\"elementor-element elementor-element-bcc1eec e-con-full e-flex e-con e-child\" data-id=\"bcc1eec\" data-element_type=\"container\">\n\t\t\t\t<div class=\"elementor-element elementor-element-9a95309 elementor-widget elementor-widget-icon-box\" data-id=\"9a95309\" data-element_type=\"widget\" data-widget_type=\"icon-box.default\">\n\t\t\t\t<div class=\"elementor-widget-container\">\n\t\t\t\t\t\t\t<div class=\"elementor-icon-box-wrapper\">\n\n\t\t\t\n\t\t\t\t\t\t<div class=\"elementor-icon-box-content\">\n\n\t\t\t\t\t\t\t\t\t<h3 class=\"elementor-icon-box-title\">\n\t\t\t\t\t\t<span  >\n\t\t\t\t\t\t\tKan\u0131tlanm\u0131\u015f Stratejiler\t\t\t\t\t\t<\/span>\n\t\t\t\t\t<\/h3>\n\t\t\t\t\n\t\t\t\t\t\t\t\t\t<p class=\"elementor-icon-box-description\">\n\t\t\t\t\t\tBiz sadece konu\u015fmay\u0131z; y\u00fcr\u00fcr\u00fcz. Yat\u0131r\u0131m stratejilerimiz denenmi\u015f, test edilmi\u015f ve sonu\u00e7 verdi\u011fi kan\u0131tlanm\u0131\u015ft\u0131r.\t\t\t\t\t<\/p>\n\t\t\t\t\n\t\t\t<\/div>\n\t\t\t\n\t\t<\/div>\n\t\t\t\t\t\t<\/div>\n\t\t\t\t<\/div>\n\t\t\t\t<\/div>\n\t\t<div class=\"elementor-element elementor-element-270beb9 e-con-full e-flex e-con e-child\" data-id=\"270beb9\" data-element_type=\"container\">\n\t\t\t\t<div class=\"elementor-element elementor-element-bfa2b84 elementor-widget elementor-widget-icon-box\" data-id=\"bfa2b84\" data-element_type=\"widget\" data-widget_type=\"icon-box.default\">\n\t\t\t\t<div class=\"elementor-widget-container\">\n\t\t\t\t\t\t\t<div class=\"elementor-icon-box-wrapper\">\n\n\t\t\t\n\t\t\t\t\t\t<div class=\"elementor-icon-box-content\">\n\n\t\t\t\t\t\t\t\t\t<h3 class=\"elementor-icon-box-title\">\n\t\t\t\t\t\t<span  >\n\t\t\t\t\t\t\tKi\u015fiselle\u015ftirilmi\u015f Destek\t\t\t\t\t\t<\/span>\n\t\t\t\t\t<\/h3>\n\t\t\t\t\n\t\t\t\t\t\t\t\t\t<p class=\"elementor-icon-box-description\">\n\t\t\t\t\t\tHerkese a\u00e7\u0131k telegram kanal\u0131m\u0131zda ki\u015fiselle\u015ftirilmi\u015f destek ve rehberlik sunuyoruz.\t\t\t\t\t<\/p>\n\t\t\t\t\n\t\t\t<\/div>\n\t\t\t\n\t\t<\/div>\n\t\t\t\t\t\t<\/div>\n\t\t\t\t<\/div>\n\t\t\t\t<\/div>\n\t\t\t\t\t<\/div>\n\t\t\t\t<\/div>\n\t\t<div class=\"elementor-element elementor-element-bc3b5ed e-flex e-con-boxed e-con e-parent\" data-id=\"bc3b5ed\" data-element_type=\"container\" data-settings=\"{&quot;background_background&quot;:&quot;classic&quot;}\">\n\t\t\t\t\t<div class=\"e-con-inner\">\n\t\t\t\t<div class=\"elementor-element elementor-element-981cb17 elementor-widget-divider--view-line elementor-widget elementor-widget-divider\" data-id=\"981cb17\" data-element_type=\"widget\" data-widget_type=\"divider.default\">\n\t\t\t\t<div class=\"elementor-widget-container\">\n\t\t\t\t\t\t\t<div class=\"elementor-divider\">\n\t\t\t<span class=\"elementor-divider-separator\">\n\t\t\t\t\t\t<\/span>\n\t\t<\/div>\n\t\t\t\t\t\t<\/div>\n\t\t\t\t<\/div>\n\t\t\t\t<div class=\"elementor-element elementor-element-99d72db elementor-widget elementor-widget-heading\" data-id=\"99d72db\" data-element_type=\"widget\" data-widget_type=\"heading.default\">\n\t\t\t\t<div class=\"elementor-widget-container\">\n\t\t\t\t\t<h4 class=\"elementor-heading-title elementor-size-default\">\"Stratejinizde disiplini, yakla\u015f\u0131m\u0131n\u0131zda sabr\u0131 ve zorluklara kar\u015f\u0131 dayan\u0131kl\u0131l\u0131\u011f\u0131 geli\u015ftirin. Kripto yat\u0131r\u0131mlar\u0131n\u0131n de\u011fi\u015fken d\u00fcnyas\u0131nda, mesele sadece do\u011fru hamleleri yapmak de\u011fil, ayn\u0131 zamanda f\u0131rt\u0131nalar\u0131 sars\u0131lmaz bir g\u00fcvenle atlatmakt\u0131r. Unutmay\u0131n, ba\u015far\u0131 paran\u0131zla kumar oynamak de\u011fildir; sa\u011flam bir yat\u0131r\u0131m getirisi elde etmektir. Odaklan\u0131n, keskin kal\u0131n ve b\u0131rak\u0131n stratejimiz konu\u015fsun.\"<\/h4>\t\t\t\t<\/div>\n\t\t\t\t<\/div>\n\t\t\t\t\t<\/div>\n\t\t\t\t<\/div>\n\t\t<div class=\"elementor-element elementor-element-8c6cfc3 e-flex e-con-boxed e-con e-parent\" data-id=\"8c6cfc3\" data-element_type=\"container\" data-settings=\"{&quot;background_background&quot;:&quot;classic&quot;}\">\n\t\t\t\t\t<div class=\"e-con-inner\">\n\t\t\t\t<div class=\"elementor-element elementor-element-60b80bf elementor-widget elementor-widget-heading\" data-id=\"60b80bf\" data-element_type=\"widget\" data-widget_type=\"heading.default\">\n\t\t\t\t<div class=\"elementor-widget-container\">\n\t\t\t\t\t<h6 class=\"elementor-heading-title elementor-size-default\">Misyonumuz<\/h6>\t\t\t\t<\/div>\n\t\t\t\t<\/div>\n\t\t\t\t<div class=\"elementor-element elementor-element-06ff70e elementor-widget elementor-widget-heading\" data-id=\"06ff70e\" data-element_type=\"widget\" data-widget_type=\"heading.default\">\n\t\t\t\t<div class=\"elementor-widget-container\">\n\t\t\t\t\t<h3 class=\"elementor-heading-title elementor-size-default\">Misyonumuz basit: \u00fcst d\u00fczey fon y\u00f6neticilerinin uzmanl\u0131\u011f\u0131ndan yararlanarak ve BLOS token i\u00e7in s\u00fcrd\u00fcr\u00fclebilir de\u011fer yaratmak i\u00e7in kar ve temett\u00fcleri kullanarak herkesin yat\u0131r\u0131mlar\u0131n\u0131n \u00e7i\u00e7ek a\u00e7mas\u0131na izin vermesini sa\u011flamak.<\/h3>\t\t\t\t<\/div>\n\t\t\t\t<\/div>\n\t\t\t\t\t<\/div>\n\t\t\t\t<\/div>\n\t\t<div class=\"elementor-element elementor-element-9ab8572 e-grid e-con-boxed e-con e-parent\" data-id=\"9ab8572\" data-element_type=\"container\" data-settings=\"{&quot;background_background&quot;:&quot;classic&quot;}\">\n\t\t\t\t\t<div class=\"e-con-inner\">\n\t\t\t\t<div class=\"elementor-element elementor-element-75f0892 elementor-widget elementor-widget-text-editor\" data-id=\"75f0892\" data-element_type=\"widget\" data-widget_type=\"text-editor.default\">\n\t\t\t\t<div class=\"elementor-widget-container\">\n\t\t\t\t\t\t\t\t\t<h4>Blossom Ekibi<\/h4><p><b><span lang=\"EN-US\">Proje Y\u00f6neticisi:<\/span> <\/b><\/p><p><b><span lang=\"EN-US\">John (john@blossom-fund.com)\u00a0 \u00a0 \u00a0 \u00a0 \u00a0 \u00a0 \u00a0 \u00a0 \u00a0 \u00a0 \u00a0<\/span><\/b><img alt=\"\" decoding=\"async\" class=\"size-thumbnail wp-image-935 alignnone\" style=\"font-weight: inherit;\" src=\"https:\/\/www.blossom-fund.com\/wp-content\/uploads\/2025\/03\/Project-manager-nb-150x150.png\" width=\"150\" height=\"150\" srcset=\"https:\/\/www.blossom-fund.com\/wp-content\/uploads\/2025\/03\/Project-manager-nb-150x150.png 150w, https:\/\/www.blossom-fund.com\/wp-content\/uploads\/2025\/03\/Project-manager-nb-300x300.png 300w, https:\/\/www.blossom-fund.com\/wp-content\/uploads\/2025\/03\/Project-manager-nb-768x768.png 768w, https:\/\/www.blossom-fund.com\/wp-content\/uploads\/2025\/03\/Project-manager-nb-12x12.png 12w, https:\/\/www.blossom-fund.com\/wp-content\/uploads\/2025\/03\/Project-manager-nb.png 1024w\" sizes=\"(max-width: 150px) 100vw, 150px\" \/><\/p><p><b><span lang=\"EN-US\">Pazarlama M\u00fcd\u00fcr\u00fc:<\/span> <\/b><\/p><p><b><span lang=\"EN-US\">Renata (renata@blossom-fund.com)\u00a0 \u00a0 \u00a0 \u00a0 \u00a0 \u00a0<\/span><\/b><img alt=\"\" decoding=\"async\" class=\"alignnone size-thumbnail wp-image-941\" style=\"font-weight: inherit;\" src=\"https:\/\/www.blossom-fund.com\/wp-content\/uploads\/2025\/03\/Marketing-manager-nb-2-150x150.png\" width=\"150\" height=\"150\" srcset=\"https:\/\/www.blossom-fund.com\/wp-content\/uploads\/2025\/03\/Marketing-manager-nb-2-150x150.png 150w, https:\/\/www.blossom-fund.com\/wp-content\/uploads\/2025\/03\/Marketing-manager-nb-2-300x300.png 300w, https:\/\/www.blossom-fund.com\/wp-content\/uploads\/2025\/03\/Marketing-manager-nb-2-768x768.png 768w, https:\/\/www.blossom-fund.com\/wp-content\/uploads\/2025\/03\/Marketing-manager-nb-2-12x12.png 12w, https:\/\/www.blossom-fund.com\/wp-content\/uploads\/2025\/03\/Marketing-manager-nb-2.png 1024w\" sizes=\"(max-width: 150px) 100vw, 150px\" \/><b style=\"font-style: inherit;\"><span lang=\"EN-US\">\u00a0<\/span><\/b><\/p><p><b><span lang=\"EN-US\">Teknik lider:<\/span> <\/b><\/p><p><b><span lang=\"EN-US\">Morris (morris@blossom-fund.com)\u00a0 \u00a0 \u00a0 \u00a0 \u00a0 \u00a0 \u00a0 <\/span><\/b><img alt=\"\" decoding=\"async\" class=\"alignnone size-thumbnail wp-image-936\" style=\"font-weight: inherit;\" src=\"https:\/\/www.blossom-fund.com\/wp-content\/uploads\/2025\/03\/Technical-lead-nb-150x150.png\" width=\"150\" height=\"150\" srcset=\"https:\/\/www.blossom-fund.com\/wp-content\/uploads\/2025\/03\/Technical-lead-nb-150x150.png 150w, https:\/\/www.blossom-fund.com\/wp-content\/uploads\/2025\/03\/Technical-lead-nb-300x300.png 300w, https:\/\/www.blossom-fund.com\/wp-content\/uploads\/2025\/03\/Technical-lead-nb-768x768.png 768w, https:\/\/www.blossom-fund.com\/wp-content\/uploads\/2025\/03\/Technical-lead-nb-12x12.png 12w, https:\/\/www.blossom-fund.com\/wp-content\/uploads\/2025\/03\/Technical-lead-nb.png 1024w\" sizes=\"(max-width: 150px) 100vw, 150px\" \/><\/p>\t\t\t\t\t\t\t\t<\/div>\n\t\t\t\t<\/div>\n\t\t\t\t\t<\/div>\n\t\t\t\t<\/div>\n\t\t\t\t<\/div>","protected":false},"excerpt":{"rendered":"<p>About us Who we are We are a dedicated team with years of experience in marketing, crypto and gobal financial [&hellip;]<\/p>","protected":false},"author":1,"featured_media":0,"parent":0,"menu_order":0,"comment_status":"closed","ping_status":"closed","template":"","meta":{"_seopress_robots_primary_cat":"","_seopress_titles_title":"Team with experience in marketing, crypto, stock investments","_seopress_titles_desc":"Dedicated team using proven strategies with Blossom Fund's professional management and personalized support","_seopress_robots_index":"","site-sidebar-layout":"no-sidebar","site-content-layout":"","ast-site-content-layout":"full-width-container","site-content-style":"default","site-sidebar-style":"default","ast-global-header-display":"","ast-banner-title-visibility":"","ast-main-header-display":"","ast-hfb-above-header-display":"","ast-hfb-below-header-display":"","ast-hfb-mobile-header-display":"","site-post-title":"disabled","ast-breadcrumbs-content":"","ast-featured-img":"disabled","footer-sml-layout":"","theme-transparent-header-meta":"enabled","adv-header-id-meta":"","stick-header-meta":"","header-above-stick-meta":"","header-main-stick-meta":"","header-below-stick-meta":"","astra-migrate-meta-layouts":"default","ast-page-background-enabled":"default","ast-page-background-meta":{"desktop":{"background-color":"var(--ast-global-color-4)","background-image":"","background-repeat":"repeat","background-position":"center center","background-size":"auto","background-attachment":"scroll","background-type":"","background-media":"","overlay-type":"","overlay-color":"","overlay-opacity":"","overlay-gradient":""},"tablet":{"background-color":"","background-image":"","background-repeat":"repeat","background-position":"center center","background-size":"auto","background-attachment":"scroll","background-type":"","background-media":"","overlay-type":"","overlay-color":"","overlay-opacity":"","overlay-gradient":""},"mobile":{"background-color":"","background-image":"","background-repeat":"repeat","background-position":"center center","background-size":"auto","background-attachment":"scroll","background-type":"","background-media":"","overlay-type":"","overlay-color":"","overlay-opacity":"","overlay-gradient":""}},"ast-content-background-meta":{"desktop":{"background-color":"var(--ast-global-color-5)","background-image":"","background-repeat":"repeat","background-position":"center center","background-size":"auto","background-attachment":"scroll","background-type":"","background-media":"","overlay-type":"","overlay-color":"","overlay-opacity":"","overlay-gradient":""},"tablet":{"background-color":"var(--ast-global-color-5)","background-image":"","background-repeat":"repeat","background-position":"center center","background-size":"auto","background-attachment":"scroll","background-type":"","background-media":"","overlay-type":"","overlay-color":"","overlay-opacity":"","overlay-gradient":""},"mobile":{"background-color":"var(--ast-global-color-5)","background-image":"","background-repeat":"repeat","background-position":"center center","background-size":"auto","background-attachment":"scroll","background-type":"","background-media":"","overlay-type":"","overlay-color":"","overlay-opacity":"","overlay-gradient":""}},"footnotes":""},"class_list":["post-764","page","type-page","status-publish","hentry"],"_links":{"self":[{"href":"https:\/\/www.blossom-fund.com\/tr\/wp-json\/wp\/v2\/pages\/764","targetHints":{"allow":["GET"]}}],"collection":[{"href":"https:\/\/www.blossom-fund.com\/tr\/wp-json\/wp\/v2\/pages"}],"about":[{"href":"https:\/\/www.blossom-fund.com\/tr\/wp-json\/wp\/v2\/types\/page"}],"author":[{"embeddable":true,"href":"https:\/\/www.blossom-fund.com\/tr\/wp-json\/wp\/v2\/users\/1"}],"replies":[{"embeddable":true,"href":"https:\/\/www.blossom-fund.com\/tr\/wp-json\/wp\/v2\/comments?post=764"}],"version-history":[{"count":20,"href":"https:\/\/www.blossom-fund.com\/tr\/wp-json\/wp\/v2\/pages\/764\/revisions"}],"predecessor-version":[{"id":2422,"href":"https:\/\/www.blossom-fund.com\/tr\/wp-json\/wp\/v2\/pages\/764\/revisions\/2422"}],"wp:attachment":[{"href":"https:\/\/www.blossom-fund.com\/tr\/wp-json\/wp\/v2\/media?parent=764"}],"curies":[{"name":"wp","href":"https:\/\/api.w.org\/{rel}","templated":true}]}}