{"id":1664,"date":"2025-07-16T15:26:25","date_gmt":"2025-07-16T13:26:25","guid":{"rendered":"https:\/\/www.blossom-fund.com\/?page_id=1664"},"modified":"2025-08-25T12:43:14","modified_gmt":"2025-08-25T10:43:14","slug":"meme-paralari","status":"publish","type":"page","link":"https:\/\/www.blossom-fund.com\/tr\/meme-paralari\/","title":{"rendered":"Meme Paralar\u0131"},"content":{"rendered":"<div data-elementor-type=\"wp-page\" data-elementor-id=\"1664\" class=\"elementor elementor-1664\">\n\t\t\t\t<div class=\"elementor-element elementor-element-3ab7125c e-flex e-con-boxed e-con e-parent\" data-id=\"3ab7125c\" data-element_type=\"container\" data-settings=\"{&quot;background_background&quot;:&quot;classic&quot;}\">\n\t\t\t\t\t<div class=\"e-con-inner\">\n\t\t\t\t<div class=\"elementor-element elementor-element-3a2b9f18 elementor-widget elementor-widget-heading\" data-id=\"3a2b9f18\" data-element_type=\"widget\" data-widget_type=\"heading.default\">\n\t\t\t\t<div class=\"elementor-widget-container\">\n\t\t\t\t\t<h1 class=\"elementor-heading-title elementor-size-default\">Meme Paralar\u0131<\/h1>\t\t\t\t<\/div>\n\t\t\t\t<\/div>\n\t\t\t\t<div class=\"elementor-element elementor-element-35c6976a elementor-widget-divider--view-line elementor-widget elementor-widget-divider\" data-id=\"35c6976a\" data-element_type=\"widget\" data-widget_type=\"divider.default\">\n\t\t\t\t<div class=\"elementor-widget-container\">\n\t\t\t\t\t\t\t<div class=\"elementor-divider\">\n\t\t\t<span class=\"elementor-divider-separator\">\n\t\t\t\t\t\t<\/span>\n\t\t<\/div>\n\t\t\t\t\t\t<\/div>\n\t\t\t\t<\/div>\n\t\t\t\t\t<\/div>\n\t\t\t\t<\/div>\n\t\t<div class=\"elementor-element elementor-element-575f950 e-flex e-con-boxed e-con e-parent\" data-id=\"575f950\" data-element_type=\"container\" data-settings=\"{&quot;background_background&quot;:&quot;gradient&quot;}\">\n\t\t\t\t\t<div class=\"e-con-inner\">\n\t\t\t\t<div class=\"elementor-element elementor-element-fdc513d elementor-widget elementor-widget-text-editor\" data-id=\"fdc513d\" data-element_type=\"widget\" data-widget_type=\"text-editor.default\">\n\t\t\t\t<div class=\"elementor-widget-container\">\n\t\t\t\t\t\t\t\t\t<h3>Meme Paralar\u0131<\/h3><h4>Pump=Fun<\/h4><h4>Dump not so much<\/h4>\t\t\t\t\t\t\t\t<\/div>\n\t\t\t\t<\/div>\n\t\t\t\t<div class=\"elementor-element elementor-element-63d6539 elementor-widget elementor-widget-text-editor\" data-id=\"63d6539\" data-element_type=\"widget\" data-widget_type=\"text-editor.default\">\n\t\t\t\t<div class=\"elementor-widget-container\">\n\t\t\t\t\t\t\t\t\t<h3>Meme Coin'ler s\u0131f\u0131r toplaml\u0131 bir oyundur<\/h3><p>Meme coinler reva\u00e7ta. Her g\u00fcn y\u00fczlerce yeni coin piyasaya s\u00fcr\u00fcl\u00fcyor. Herkes bir sonraki <strong>Pepe, Doge veya Shiba Inu<\/strong> b\u00fcy\u00fck karlar elde etmek i\u00e7in para. Herhangi bir fiyat art\u0131\u015f\u0131 FOMO (ka\u00e7\u0131rma korkusu) veya pump-and-dump'tan kaynaklanmaktad\u0131r. <strong>Ancak sadece birka\u00e7 t\u00fcccar biraz para kazanacakt\u0131r,<\/strong> \u00e7o\u011funluk zarar edecektir.<\/p><p><strong>Bu s\u0131f\u0131r toplaml\u0131 bir oyun. Siz x100 yaparsan\u0131z, ba\u015fkas\u0131 -99% yapar.<\/strong><\/p><p>Blossom Fund olarak iyi bir projenin a\u015fa\u011f\u0131dakileri sa\u011flamas\u0131 gerekti\u011fine inan\u0131yoruz<strong> t\u00fcm yat\u0131r\u0131mc\u0131lar i\u00e7in iyi bir yat\u0131r\u0131m getirisi<\/strong>. Sadece ak\u0131ll\u0131 olanlar de\u011fil. <strong>De\u011fer art\u0131\u015f\u0131ndan herkes faydalan\u0131r<\/strong> Blossom Fund ile!<\/p>\t\t\t\t\t\t\t\t<\/div>\n\t\t\t\t<\/div>\n\t\t\t\t<div class=\"elementor-element elementor-element-470679b elementor-widget elementor-widget-text-editor\" data-id=\"470679b\" data-element_type=\"widget\" data-widget_type=\"text-editor.default\">\n\t\t\t\t<div class=\"elementor-widget-container\">\n\t\t\t\t\t\t\t\t\t<h4>Pump.fun<\/h4><p>Pump.fun, Solana blok zincirinde memecoin'lerin h\u0131zl\u0131 bir \u015fekilde olu\u015fturulmas\u0131n\u0131 ve ticaretini kolayla\u015ft\u0131rmak i\u00e7in tasarlanm\u0131\u015f bir platformdur. Kullan\u0131c\u0131lar\u0131n minimum \u00e7aba ve maliyetle token ba\u015flatmas\u0131na olanak tan\u0131yarak viral token trendlerinden yararlanmak isteyenler i\u00e7in cazip hale getiriyor.<\/p><p>Bunlar pump.fun'da i\u015flem yaparken kar\u015f\u0131la\u015f\u0131lan ana risklerdir:<\/p><ol><li>pump.fun'\u0131n merkezi olmayan ve anonim yap\u0131s\u0131, onu a\u015fa\u011f\u0131dakiler i\u00e7in \u00e7ekici bir platform haline getirmektedir <strong>doland\u0131r\u0131c\u0131lar ve hackerlar.<\/strong><\/li><li>Kullan\u0131c\u0131lar \u015fu risklerle kar\u015f\u0131 kar\u015f\u0131yad\u0131r <strong>\"hal\u0131 \u00e7ekme\" kurban\u0131 olmak<\/strong> Geli\u015ftiricilerin bir projeyi terk edip yat\u0131r\u0131mc\u0131lar\u0131n fonlar\u0131yla birlikte ayr\u0131lmas\u0131.<\/li><li>Ak\u0131ll\u0131 s\u00f6zle\u015fme g\u00fcvenlik a\u00e7\u0131klar\u0131ndan token \u00e7almak veya <strong>token fiyatlar\u0131n\u0131 manip\u00fcle etmek.<\/strong><\/li><li>Pump.fun tokenleri \u00f6ncelikle k\u0131sa vadeli spek\u00fclatif ticaret i\u00e7in tasarlanm\u0131\u015ft\u0131r ve h\u0131zl\u0131 kar elde etme potansiyeline sahiptir.<\/li><li>Yat\u0131r\u0131mc\u0131lar, piyasan\u0131n zamanlamas\u0131n\u0131 do\u011fru yapamazlarsa veya a\u015fa\u011f\u0131daki durumlar\u0131n kurban\u0131 olurlarsa \u00f6nemli kay\u0131p riskine maruz kal\u0131rlar <strong>piyasa manip\u00fclasyonu<\/strong>.<\/li><li>K\u0131sa vadeli kazan\u00e7lara odaklanma, genellikle s\u00fcrd\u00fcr\u00fclebilir proje geli\u015ftirme ve uzun vadeli de\u011fer yaratma pahas\u0131na ger\u00e7ekle\u015fmektedir.<\/li><li>Yukar\u0131daki risklerin birle\u015fimi nedeniyle, <strong>pump.fun tokenlarina yatirim yapmak y\u00fcksek mali\u0307 kayip ri\u0307ski\u0307 ta\u015fir<\/strong>.<\/li><\/ol>\t\t\t\t\t\t\t\t<\/div>\n\t\t\t\t<\/div>\n\t\t\t\t<div class=\"elementor-element elementor-element-b39db22 elementor-widget elementor-widget-text-editor\" data-id=\"b39db22\" data-element_type=\"widget\" data-widget_type=\"text-editor.default\">\n\t\t\t\t<div class=\"elementor-widget-container\">\n\t\t\t\t\t\t\t\t\t<h4><strong>Web3payments<\/strong><\/h4><p>Web3payments, tam hizmet ilk madeni para teklif \u00f6demeleri de dahil olmak \u00fczere meme madeni para web sitelerinin profesyonel bir yarat\u0131c\u0131s\u0131d\u0131r. A\u015fa\u011f\u0131dakiler gibi \u00e7ok say\u0131da proje ba\u015flatt\u0131lar: <strong>Flockerz, Wall Street Pepe, Meme Oyunlar\u0131, PlayDoge, DogeCoin20, DogLibre, Pepe Unchained, Crypto All-Stars, Y\u0131ld\u0131z Zinciri, Pepeto, Influencer Pepe, Doge2014, Multiverse Monkey, Frenz With Money<\/strong> vb.<\/p><p>Biraz ara\u015ft\u0131rma yapt\u0131ktan sonra bu projelerden baz\u0131lar\u0131n\u0131n aldatmaca oldu\u011fu, baz\u0131 web sitelerinin devre d\u0131\u015f\u0131 b\u0131rak\u0131ld\u0131\u011f\u0131 ve \u00e7o\u011fu projenin negatif yat\u0131r\u0131m getirisi ile sonu\u00e7land\u0131\u011f\u0131 ortaya \u00e7\u0131kt\u0131.<\/p>\t\t\t\t\t\t\t\t<\/div>\n\t\t\t\t<\/div>\n\t\t\t\t\t<\/div>\n\t\t\t\t<\/div>\n\t\t<div class=\"elementor-element elementor-element-46fe75d1 e-flex e-con-boxed e-con e-parent\" data-id=\"46fe75d1\" data-element_type=\"container\" data-settings=\"{&quot;background_background&quot;:&quot;classic&quot;}\">\n\t\t\t\t\t<div class=\"e-con-inner\">\n\t\t\t\t<div class=\"elementor-element elementor-element-d029a76 elementor-widget-divider--view-line elementor-widget elementor-widget-divider\" data-id=\"d029a76\" data-element_type=\"widget\" data-widget_type=\"divider.default\">\n\t\t\t\t<div class=\"elementor-widget-container\">\n\t\t\t\t\t\t\t<div class=\"elementor-divider\">\n\t\t\t<span class=\"elementor-divider-separator\">\n\t\t\t\t\t\t<\/span>\n\t\t<\/div>\n\t\t\t\t\t\t<\/div>\n\t\t\t\t<\/div>\n\t\t\t\t<div class=\"elementor-element elementor-element-4a7bfdf8 elementor-widget elementor-widget-heading\" data-id=\"4a7bfdf8\" data-element_type=\"widget\" data-widget_type=\"heading.default\">\n\t\t\t\t<div class=\"elementor-widget-container\">\n\t\t\t\t\t<h4 class=\"elementor-heading-title elementor-size-default\">\"Mem coin'lere yat\u0131r\u0131m yapmak \u00e7ok risklidir ve yat\u0131r\u0131mc\u0131lar\u0131n \u00e7o\u011fu para kaybedecektir. Blossom Fonu'nun g\u00fczelli\u011fi, yat\u0131r\u0131mc\u0131lar\u0131n birbirleriyle sava\u015fmamas\u0131, g\u00fc\u00e7lerini birle\u015ftirmesidir. Geleneksel ekonomiden elde edilen k\u00e2rlar BLOS tokeninin de\u011ferine ak\u0131yor. Her \u00e7eyrekte bu k\u00e2rlar token\u0131 geri almak ve yakmak i\u00e7in kullan\u0131lacakt\u0131r. Bu da herkes i\u00e7in s\u00fcrd\u00fcr\u00fclebilir bir de\u011fer art\u0131\u015f\u0131 sa\u011flayacakt\u0131r.\"<\/h4>\t\t\t\t<\/div>\n\t\t\t\t<\/div>\n\t\t\t\t<div class=\"elementor-element elementor-element-3c7a75a9 elementor-widget elementor-widget-heading\" data-id=\"3c7a75a9\" data-element_type=\"widget\" data-widget_type=\"heading.default\">\n\t\t\t\t<div class=\"elementor-widget-container\">\n\t\t\t\t\t<h6 class=\"elementor-heading-title elementor-size-default\">Paran\u0131zla kumar oynamay\u0131n<\/h6>\t\t\t\t<\/div>\n\t\t\t\t<\/div>\n\t\t\t\t\t<\/div>\n\t\t\t\t<\/div>\n\t\t<div class=\"elementor-element elementor-element-5da42ae e-grid e-con-boxed e-con e-parent\" data-id=\"5da42ae\" data-element_type=\"container\" data-settings=\"{&quot;background_background&quot;:&quot;classic&quot;}\">\n\t\t\t\t\t<div class=\"e-con-inner\">\n\t\t\t\t<div class=\"elementor-element elementor-element-a4525f8 elementor-widget elementor-widget-heading\" data-id=\"a4525f8\" data-element_type=\"widget\" data-widget_type=\"heading.default\">\n\t\t\t\t<div class=\"elementor-widget-container\">\n\t\t\t\t\t<h2 class=\"elementor-heading-title elementor-size-default\">Meme Coin ROI Analizi<\/h2>\t\t\t\t<\/div>\n\t\t\t\t<\/div>\n\t\t\t\t\t<\/div>\n\t\t\t\t<\/div>\n\t\t<div class=\"elementor-element elementor-element-3ea802c e-grid e-con-boxed e-con e-parent\" data-id=\"3ea802c\" data-element_type=\"container\" data-settings=\"{&quot;background_background&quot;:&quot;classic&quot;}\">\n\t\t\t\t\t<div class=\"e-con-inner\">\n\t\t\t\t<div class=\"elementor-element elementor-element-ce77f86 elementor-widget elementor-widget-text-editor\" data-id=\"ce77f86\" data-element_type=\"widget\" data-widget_type=\"text-editor.default\">\n\t\t\t\t<div class=\"elementor-widget-container\">\n\t\t\t\t\t\t\t\t\t<h6>Proje: Wall Street Pepe<\/h6><h6><a href=\"https:\/\/wallstreetpepe.com\/en\">https:\/\/wallstreetpepe.com\/en<\/a><\/h6><h6>Toplanan: $70,000,000<\/h6><h4>ROI: -67%<\/h4><p>16-07-25 ba\u015f\u0131na<\/p>\t\t\t\t\t\t\t\t<\/div>\n\t\t\t\t<\/div>\n\t\t\t\t<div class=\"elementor-element elementor-element-6d1a7d5 elementor-widget elementor-widget-image\" data-id=\"6d1a7d5\" data-element_type=\"widget\" data-widget_type=\"image.default\">\n\t\t\t\t<div class=\"elementor-widget-container\">\n\t\t\t\t\t\t\t\t\t\t\t\t\t\t\t<img alt=\"\" fetchpriority=\"high\" decoding=\"async\" width=\"1024\" height=\"743\" src=\"https:\/\/www.blossom-fund.com\/wp-content\/uploads\/2025\/07\/Wallstreet-Pepe-Main-1024x743.png\" class=\"attachment-large size-large wp-image-2125\" srcset=\"https:\/\/www.blossom-fund.com\/wp-content\/uploads\/2025\/07\/Wallstreet-Pepe-Main-1024x743.png 1024w, https:\/\/www.blossom-fund.com\/wp-content\/uploads\/2025\/07\/Wallstreet-Pepe-Main-300x218.png 300w, https:\/\/www.blossom-fund.com\/wp-content\/uploads\/2025\/07\/Wallstreet-Pepe-Main-768x557.png 768w, https:\/\/www.blossom-fund.com\/wp-content\/uploads\/2025\/07\/Wallstreet-Pepe-Main-18x12.png 18w, https:\/\/www.blossom-fund.com\/wp-content\/uploads\/2025\/07\/Wallstreet-Pepe-Main.png 1267w\" sizes=\"(max-width: 1024px) 100vw, 1024px\" \/>\t\t\t\t\t\t\t\t\t\t\t\t\t\t\t<\/div>\n\t\t\t\t<\/div>\n\t\t\t\t<div class=\"elementor-element elementor-element-46a596f elementor-widget elementor-widget-image\" data-id=\"46a596f\" data-element_type=\"widget\" data-widget_type=\"image.default\">\n\t\t\t\t<div class=\"elementor-widget-container\">\n\t\t\t\t\t\t\t\t\t\t\t\t\t\t\t<img alt=\"\" decoding=\"async\" width=\"1024\" height=\"577\" src=\"https:\/\/www.blossom-fund.com\/wp-content\/uploads\/2025\/07\/wallstreetpepechart-1024x577.jpg\" class=\"attachment-large size-large wp-image-1699\" srcset=\"https:\/\/www.blossom-fund.com\/wp-content\/uploads\/2025\/07\/wallstreetpepechart-1024x577.jpg 1024w, https:\/\/www.blossom-fund.com\/wp-content\/uploads\/2025\/07\/wallstreetpepechart-300x169.jpg 300w, https:\/\/www.blossom-fund.com\/wp-content\/uploads\/2025\/07\/wallstreetpepechart-768x432.jpg 768w, https:\/\/www.blossom-fund.com\/wp-content\/uploads\/2025\/07\/wallstreetpepechart-18x10.jpg 18w, https:\/\/www.blossom-fund.com\/wp-content\/uploads\/2025\/07\/wallstreetpepechart.jpg 1357w\" sizes=\"(max-width: 1024px) 100vw, 1024px\" \/>\t\t\t\t\t\t\t\t\t\t\t\t\t\t\t<\/div>\n\t\t\t\t<\/div>\n\t\t\t\t<div class=\"elementor-element elementor-element-897bb2e elementor-widget elementor-widget-text-editor\" data-id=\"897bb2e\" data-element_type=\"widget\" data-widget_type=\"text-editor.default\">\n\t\t\t\t<div class=\"elementor-widget-container\">\n\t\t\t\t\t\t\t\t\t<h6>Proje Flockerz<\/h6><h6><a href=\"https:\/\/flockerz.com\/en\">https:\/\/flockerz.com\/en<\/a><\/h6><h6>Toplanan: $13,298,819<\/h6><h4>ROI: -90%<\/h4><p>16-07-25 ba\u015f\u0131na<\/p>\t\t\t\t\t\t\t\t<\/div>\n\t\t\t\t<\/div>\n\t\t\t\t<div class=\"elementor-element elementor-element-5ae3559 elementor-widget elementor-widget-image\" data-id=\"5ae3559\" data-element_type=\"widget\" data-widget_type=\"image.default\">\n\t\t\t\t<div class=\"elementor-widget-container\">\n\t\t\t\t\t\t\t\t\t\t\t\t\t\t\t<img alt=\"\" decoding=\"async\" width=\"1024\" height=\"654\" src=\"https:\/\/www.blossom-fund.com\/wp-content\/uploads\/2025\/07\/flockerzmain-1-1024x654.jpg\" class=\"attachment-large size-large wp-image-2123\" srcset=\"https:\/\/www.blossom-fund.com\/wp-content\/uploads\/2025\/07\/flockerzmain-1-1024x654.jpg 1024w, https:\/\/www.blossom-fund.com\/wp-content\/uploads\/2025\/07\/flockerzmain-1-300x191.jpg 300w, https:\/\/www.blossom-fund.com\/wp-content\/uploads\/2025\/07\/flockerzmain-1-768x490.jpg 768w, https:\/\/www.blossom-fund.com\/wp-content\/uploads\/2025\/07\/flockerzmain-1-18x12.jpg 18w, https:\/\/www.blossom-fund.com\/wp-content\/uploads\/2025\/07\/flockerzmain-1.jpg 1371w\" sizes=\"(max-width: 1024px) 100vw, 1024px\" \/>\t\t\t\t\t\t\t\t\t\t\t\t\t\t\t<\/div>\n\t\t\t\t<\/div>\n\t\t\t\t<div class=\"elementor-element elementor-element-5e099bb elementor-widget elementor-widget-image\" data-id=\"5e099bb\" data-element_type=\"widget\" data-widget_type=\"image.default\">\n\t\t\t\t<div class=\"elementor-widget-container\">\n\t\t\t\t\t\t\t\t\t\t\t\t\t\t\t<img alt=\"\" loading=\"lazy\" decoding=\"async\" width=\"1024\" height=\"580\" src=\"https:\/\/www.blossom-fund.com\/wp-content\/uploads\/2025\/07\/flockerzchart-1024x580.jpg\" class=\"attachment-large size-large wp-image-1689\" srcset=\"https:\/\/www.blossom-fund.com\/wp-content\/uploads\/2025\/07\/flockerzchart-1024x580.jpg 1024w, https:\/\/www.blossom-fund.com\/wp-content\/uploads\/2025\/07\/flockerzchart-300x170.jpg 300w, https:\/\/www.blossom-fund.com\/wp-content\/uploads\/2025\/07\/flockerzchart-768x435.jpg 768w, https:\/\/www.blossom-fund.com\/wp-content\/uploads\/2025\/07\/flockerzchart-18x10.jpg 18w, https:\/\/www.blossom-fund.com\/wp-content\/uploads\/2025\/07\/flockerzchart.jpg 1363w\" sizes=\"(max-width: 1024px) 100vw, 1024px\" \/>\t\t\t\t\t\t\t\t\t\t\t\t\t\t\t<\/div>\n\t\t\t\t<\/div>\n\t\t\t\t<div class=\"elementor-element elementor-element-6bb0f36 elementor-widget elementor-widget-text-editor\" data-id=\"6bb0f36\" data-element_type=\"widget\" data-widget_type=\"text-editor.default\">\n\t\t\t\t<div class=\"elementor-widget-container\">\n\t\t\t\t\t\t\t\t\t<h6>Proje: Dogecoin20<\/h6><h6><a href=\"https:\/\/dogecoin20token.com\/en\">https:\/\/dogecoin20token.com\/en<\/a><\/h6><h4>ROI: -92%<\/h4><div>16-07-25 ba\u015f\u0131na<\/div>\t\t\t\t\t\t\t\t<\/div>\n\t\t\t\t<\/div>\n\t\t\t\t<div class=\"elementor-element elementor-element-1c5b12e elementor-widget elementor-widget-image\" data-id=\"1c5b12e\" data-element_type=\"widget\" data-widget_type=\"image.default\">\n\t\t\t\t<div class=\"elementor-widget-container\">\n\t\t\t\t\t\t\t\t\t\t\t\t\t\t\t<img alt=\"\" loading=\"lazy\" decoding=\"async\" width=\"1024\" height=\"686\" src=\"https:\/\/www.blossom-fund.com\/wp-content\/uploads\/2025\/07\/dogecoin20main-1024x686.jpg\" class=\"attachment-large size-large wp-image-1688\" srcset=\"https:\/\/www.blossom-fund.com\/wp-content\/uploads\/2025\/07\/dogecoin20main-1024x686.jpg 1024w, https:\/\/www.blossom-fund.com\/wp-content\/uploads\/2025\/07\/dogecoin20main-300x201.jpg 300w, https:\/\/www.blossom-fund.com\/wp-content\/uploads\/2025\/07\/dogecoin20main-768x515.jpg 768w, https:\/\/www.blossom-fund.com\/wp-content\/uploads\/2025\/07\/dogecoin20main-18x12.jpg 18w, https:\/\/www.blossom-fund.com\/wp-content\/uploads\/2025\/07\/dogecoin20main.jpg 1356w\" sizes=\"(max-width: 1024px) 100vw, 1024px\" \/>\t\t\t\t\t\t\t\t\t\t\t\t\t\t\t<\/div>\n\t\t\t\t<\/div>\n\t\t\t\t<div class=\"elementor-element elementor-element-e0a1933 elementor-widget elementor-widget-image\" data-id=\"e0a1933\" data-element_type=\"widget\" data-widget_type=\"image.default\">\n\t\t\t\t<div class=\"elementor-widget-container\">\n\t\t\t\t\t\t\t\t\t\t\t\t\t\t\t<img alt=\"\" loading=\"lazy\" decoding=\"async\" width=\"1024\" height=\"573\" src=\"https:\/\/www.blossom-fund.com\/wp-content\/uploads\/2025\/07\/dogecoin20chart-1024x573.jpg\" class=\"attachment-large size-large wp-image-1687\" srcset=\"https:\/\/www.blossom-fund.com\/wp-content\/uploads\/2025\/07\/dogecoin20chart-1024x573.jpg 1024w, https:\/\/www.blossom-fund.com\/wp-content\/uploads\/2025\/07\/dogecoin20chart-300x168.jpg 300w, https:\/\/www.blossom-fund.com\/wp-content\/uploads\/2025\/07\/dogecoin20chart-768x430.jpg 768w, https:\/\/www.blossom-fund.com\/wp-content\/uploads\/2025\/07\/dogecoin20chart-18x10.jpg 18w, https:\/\/www.blossom-fund.com\/wp-content\/uploads\/2025\/07\/dogecoin20chart.jpg 1364w\" sizes=\"(max-width: 1024px) 100vw, 1024px\" \/>\t\t\t\t\t\t\t\t\t\t\t\t\t\t\t<\/div>\n\t\t\t\t<\/div>\n\t\t\t\t<div class=\"elementor-element elementor-element-de4d500 elementor-widget elementor-widget-text-editor\" data-id=\"de4d500\" data-element_type=\"widget\" data-widget_type=\"text-editor.default\">\n\t\t\t\t<div class=\"elementor-widget-container\">\n\t\t\t\t\t\t\t\t\t<h6>Proje: Pepe Unchained<\/h6><h6><a href=\"https:\/\/pepeunchained.com\/\">https:\/\/pepeunchained.com\/<\/a><\/h6><h6>Toplanan: $73,924,433<\/h6><h4>ROI: -63%<\/h4><div>16-07-25 ba\u015f\u0131na<\/div>\t\t\t\t\t\t\t\t<\/div>\n\t\t\t\t<\/div>\n\t\t\t\t<div class=\"elementor-element elementor-element-62dded0 elementor-widget elementor-widget-image\" data-id=\"62dded0\" data-element_type=\"widget\" data-widget_type=\"image.default\">\n\t\t\t\t<div class=\"elementor-widget-container\">\n\t\t\t\t\t\t\t\t\t\t\t\t\t\t\t<img alt=\"\" loading=\"lazy\" decoding=\"async\" width=\"1024\" height=\"706\" src=\"https:\/\/www.blossom-fund.com\/wp-content\/uploads\/2025\/07\/Pepe-unchained-main-1024x706.png\" class=\"attachment-large size-large wp-image-2124\" srcset=\"https:\/\/www.blossom-fund.com\/wp-content\/uploads\/2025\/07\/Pepe-unchained-main-1024x706.png 1024w, https:\/\/www.blossom-fund.com\/wp-content\/uploads\/2025\/07\/Pepe-unchained-main-300x207.png 300w, https:\/\/www.blossom-fund.com\/wp-content\/uploads\/2025\/07\/Pepe-unchained-main-768x529.png 768w, https:\/\/www.blossom-fund.com\/wp-content\/uploads\/2025\/07\/Pepe-unchained-main-18x12.png 18w, https:\/\/www.blossom-fund.com\/wp-content\/uploads\/2025\/07\/Pepe-unchained-main.png 1338w\" sizes=\"(max-width: 1024px) 100vw, 1024px\" \/>\t\t\t\t\t\t\t\t\t\t\t\t\t\t\t<\/div>\n\t\t\t\t<\/div>\n\t\t\t\t<div class=\"elementor-element elementor-element-a0c2afd elementor-widget elementor-widget-image\" data-id=\"a0c2afd\" data-element_type=\"widget\" data-widget_type=\"image.default\">\n\t\t\t\t<div class=\"elementor-widget-container\">\n\t\t\t\t\t\t\t\t\t\t\t\t\t\t\t<img alt=\"\" loading=\"lazy\" decoding=\"async\" width=\"1024\" height=\"483\" src=\"https:\/\/www.blossom-fund.com\/wp-content\/uploads\/2025\/07\/pepeunchainedchart-1024x483.jpg\" class=\"attachment-large size-large wp-image-1697\" srcset=\"https:\/\/www.blossom-fund.com\/wp-content\/uploads\/2025\/07\/pepeunchainedchart-1024x483.jpg 1024w, https:\/\/www.blossom-fund.com\/wp-content\/uploads\/2025\/07\/pepeunchainedchart-300x142.jpg 300w, https:\/\/www.blossom-fund.com\/wp-content\/uploads\/2025\/07\/pepeunchainedchart-768x362.jpg 768w, https:\/\/www.blossom-fund.com\/wp-content\/uploads\/2025\/07\/pepeunchainedchart-18x8.jpg 18w, https:\/\/www.blossom-fund.com\/wp-content\/uploads\/2025\/07\/pepeunchainedchart.jpg 1356w\" sizes=\"(max-width: 1024px) 100vw, 1024px\" \/>\t\t\t\t\t\t\t\t\t\t\t\t\t\t\t<\/div>\n\t\t\t\t<\/div>\n\t\t\t\t\t<\/div>\n\t\t\t\t<\/div>\n\t\t\t\t<\/div>","protected":false},"excerpt":{"rendered":"<p>Meme Coins Meme Coins Pump=Fun Dump not so much Meme Coins s\u0131f\u0131r toplaml\u0131 bir oyun Meme coins are hot. [...]<\/p>","protected":false},"author":1,"featured_media":0,"parent":0,"menu_order":0,"comment_status":"closed","ping_status":"closed","template":"","meta":{"_seopress_robots_primary_cat":"","_seopress_titles_title":"Meme Coins are not always pump and fun","_seopress_titles_desc":"Popular platforms like pump.fun and web3payments offer high risk meme coin investments","_seopress_robots_index":"","site-sidebar-layout":"no-sidebar","site-content-layout":"","ast-site-content-layout":"full-width-container","site-content-style":"default","site-sidebar-style":"default","ast-global-header-display":"","ast-banner-title-visibility":"","ast-main-header-display":"","ast-hfb-above-header-display":"","ast-hfb-below-header-display":"","ast-hfb-mobile-header-display":"","site-post-title":"disabled","ast-breadcrumbs-content":"","ast-featured-img":"disabled","footer-sml-layout":"","theme-transparent-header-meta":"","adv-header-id-meta":"","stick-header-meta":"","header-above-stick-meta":"","header-main-stick-meta":"","header-below-stick-meta":"","astra-migrate-meta-layouts":"default","ast-page-background-enabled":"default","ast-page-background-meta":{"desktop":{"background-color":"var(--ast-global-color-4)","background-image":"","background-repeat":"repeat","background-position":"center center","background-size":"auto","background-attachment":"scroll","background-type":"","background-media":"","overlay-type":"","overlay-color":"","overlay-opacity":"","overlay-gradient":""},"tablet":{"background-color":"","background-image":"","background-repeat":"repeat","background-position":"center center","background-size":"auto","background-attachment":"scroll","background-type":"","background-media":"","overlay-type":"","overlay-color":"","overlay-opacity":"","overlay-gradient":""},"mobile":{"background-color":"","background-image":"","background-repeat":"repeat","background-position":"center center","background-size":"auto","background-attachment":"scroll","background-type":"","background-media":"","overlay-type":"","overlay-color":"","overlay-opacity":"","overlay-gradient":""}},"ast-content-background-meta":{"desktop":{"background-color":"var(--ast-global-color-5)","background-image":"","background-repeat":"repeat","background-position":"center center","background-size":"auto","background-attachment":"scroll","background-type":"","background-media":"","overlay-type":"","overlay-color":"","overlay-opacity":"","overlay-gradient":""},"tablet":{"background-color":"var(--ast-global-color-5)","background-image":"","background-repeat":"repeat","background-position":"center center","background-size":"auto","background-attachment":"scroll","background-type":"","background-media":"","overlay-type":"","overlay-color":"","overlay-opacity":"","overlay-gradient":""},"mobile":{"background-color":"var(--ast-global-color-5)","background-image":"","background-repeat":"repeat","background-position":"center center","background-size":"auto","background-attachment":"scroll","background-type":"","background-media":"","overlay-type":"","overlay-color":"","overlay-opacity":"","overlay-gradient":""}},"footnotes":""},"class_list":["post-1664","page","type-page","status-publish","hentry"],"_links":{"self":[{"href":"https:\/\/www.blossom-fund.com\/tr\/wp-json\/wp\/v2\/pages\/1664","targetHints":{"allow":["GET"]}}],"collection":[{"href":"https:\/\/www.blossom-fund.com\/tr\/wp-json\/wp\/v2\/pages"}],"about":[{"href":"https:\/\/www.blossom-fund.com\/tr\/wp-json\/wp\/v2\/types\/page"}],"author":[{"embeddable":true,"href":"https:\/\/www.blossom-fund.com\/tr\/wp-json\/wp\/v2\/users\/1"}],"replies":[{"embeddable":true,"href":"https:\/\/www.blossom-fund.com\/tr\/wp-json\/wp\/v2\/comments?post=1664"}],"version-history":[{"count":80,"href":"https:\/\/www.blossom-fund.com\/tr\/wp-json\/wp\/v2\/pages\/1664\/revisions"}],"predecessor-version":[{"id":2458,"href":"https:\/\/www.blossom-fund.com\/tr\/wp-json\/wp\/v2\/pages\/1664\/revisions\/2458"}],"wp:attachment":[{"href":"https:\/\/www.blossom-fund.com\/tr\/wp-json\/wp\/v2\/media?parent=1664"}],"curies":[{"name":"wp","href":"https:\/\/api.w.org\/{rel}","templated":true}]}}