{"id":765,"date":"2024-11-29T12:20:32","date_gmt":"2024-11-29T12:20:32","guid":{"rendered":"https:\/\/www.blossom-fund.com\/index.php\/services\/"},"modified":"2025-08-20T12:31:10","modified_gmt":"2025-08-20T10:31:10","slug":"promesse","status":"publish","type":"page","link":"https:\/\/www.blossom-fund.com\/it\/promesse\/","title":{"rendered":"Le nostre promesse"},"content":{"rendered":"<div data-elementor-type=\"wp-page\" data-elementor-id=\"765\" class=\"elementor elementor-765\">\n\t\t\t\t<div class=\"elementor-element elementor-element-69de8c0 e-flex e-con-boxed e-con e-parent\" data-id=\"69de8c0\" data-element_type=\"container\" data-settings=\"{&quot;background_background&quot;:&quot;classic&quot;}\">\n\t\t\t\t\t<div class=\"e-con-inner\">\n\t\t\t\t<div class=\"elementor-element elementor-element-53e8d7b elementor-widget elementor-widget-heading\" data-id=\"53e8d7b\" data-element_type=\"widget\" data-widget_type=\"heading.default\">\n\t\t\t\t<div class=\"elementor-widget-container\">\n\t\t\t\t\t<h1 class=\"elementor-heading-title elementor-size-default\">Le nostre promesse<\/h1>\t\t\t\t<\/div>\n\t\t\t\t<\/div>\n\t\t\t\t<div class=\"elementor-element elementor-element-2757b43 elementor-widget-divider--view-line elementor-widget elementor-widget-divider\" data-id=\"2757b43\" data-element_type=\"widget\" data-widget_type=\"divider.default\">\n\t\t\t\t<div class=\"elementor-widget-container\">\n\t\t\t\t\t\t\t<div class=\"elementor-divider\">\n\t\t\t<span class=\"elementor-divider-separator\">\n\t\t\t\t\t\t<\/span>\n\t\t<\/div>\n\t\t\t\t\t\t<\/div>\n\t\t\t\t<\/div>\n\t\t\t\t\t<\/div>\n\t\t\t\t<\/div>\n\t\t<div class=\"elementor-element elementor-element-7e50b6d e-flex e-con-boxed e-con e-parent\" data-id=\"7e50b6d\" data-element_type=\"container\" data-settings=\"{&quot;background_background&quot;:&quot;classic&quot;}\">\n\t\t\t\t\t<div class=\"e-con-inner\">\n\t\t<div class=\"elementor-element elementor-element-d901e05 e-con-full e-flex e-con e-child\" data-id=\"d901e05\" data-element_type=\"container\">\n\t\t<div class=\"elementor-element elementor-element-26e6360 e-con-full e-flex e-con e-child\" data-id=\"26e6360\" data-element_type=\"container\">\n\t\t\t\t<div class=\"elementor-element elementor-element-45f24cf elementor-widget elementor-widget-heading\" data-id=\"45f24cf\" data-element_type=\"widget\" data-widget_type=\"heading.default\">\n\t\t\t\t<div class=\"elementor-widget-container\">\n\t\t\t\t\t<h6 class=\"elementor-heading-title elementor-size-default\">01<\/h6>\t\t\t\t<\/div>\n\t\t\t\t<\/div>\n\t\t\t\t<div class=\"elementor-element elementor-element-56b9fce elementor-widget elementor-widget-icon-box\" data-id=\"56b9fce\" data-element_type=\"widget\" data-widget_type=\"icon-box.default\">\n\t\t\t\t<div class=\"elementor-widget-container\">\n\t\t\t\t\t\t\t<div class=\"elementor-icon-box-wrapper\">\n\n\t\t\t\n\t\t\t\t\t\t<div class=\"elementor-icon-box-content\">\n\n\t\t\t\t\t\t\t\t\t<h3 class=\"elementor-icon-box-title\">\n\t\t\t\t\t\t<span  >\n\t\t\t\t\t\t\tImpegno per la trasparenza e la fiducia degli investitori\t\t\t\t\t\t<\/span>\n\t\t\t\t\t<\/h3>\n\t\t\t\t\n\t\t\t\t\t\t\t\t\t<p class=\"elementor-icon-box-description\">\n\t\t\t\t\t\tBlossom Fund si impegna a garantire la massima trasparenza ai propri investitori:<br><br>\n\n1.\t<b>Rapporti trimestrali sui fondi:<\/b> I rapporti dettagliati sulla performance dei fondi saranno resi disponibili al pubblico sul nostro sito web.<br><br>\n\n2.\t<b>Rete di sicurezza dei prezzi:<\/b> Il Fondo Blossom sosterr\u00e0 il prezzo del token BLOS acquistando i token <b>ad un prezzo minimo di $0,02<\/b>. Una parte del fondo sar\u00e0 destinata al mantenimento di questa rete di sicurezza, contribuendo a creare fiducia nel mercato.<br>\n<br>\n3.\t<b>Visibilit\u00e0 dell'indirizzo di masterizzazione: <\/b>L'indirizzo di masterizzazione sar\u00e0 visibile sul sito web di Blossom Fund, consentendo agli investitori di seguire online ogni masterizzazione di token.<br>\n<br>\n4. <b>Contratto di token sicuro: <\/b>Il contratto del token BLOS \u00e8 stato verificato da Skynet Certik e ha ricevuto un punteggio di 100: <a href=\"https:\/\/skynet.certik.com\/tools\/token-scan\/eth\/0x22585c8E2A7822a770fAe63B80BA0907bec837d0\">https:\/\/skynet.certik.com<\/a>\n\n\t\t\t\t\t<\/p>\n\t\t\t\t\n\t\t\t<\/div>\n\t\t\t\n\t\t<\/div>\n\t\t\t\t\t\t<\/div>\n\t\t\t\t<\/div>\n\t\t\t\t<\/div>\n\t\t<div class=\"elementor-element elementor-element-0c893ef e-con-full e-flex e-con e-child\" data-id=\"0c893ef\" data-element_type=\"container\" data-settings=\"{&quot;background_background&quot;:&quot;classic&quot;}\">\n\t\t\t\t<div class=\"elementor-element elementor-element-aa25285 elementor-widget elementor-widget-heading\" data-id=\"aa25285\" data-element_type=\"widget\" data-widget_type=\"heading.default\">\n\t\t\t\t<div class=\"elementor-widget-container\">\n\t\t\t\t\t<h4 class=\"elementor-heading-title elementor-size-default\">Punteggio di scansione del token perfetto da parte di Skynet Certik \n\n<\/h4>\t\t\t\t<\/div>\n\t\t\t\t<\/div>\n\t\t\t\t<div class=\"elementor-element elementor-element-2959c4b elementor-widget elementor-widget-image\" data-id=\"2959c4b\" data-element_type=\"widget\" data-widget_type=\"image.default\">\n\t\t\t\t<div class=\"elementor-widget-container\">\n\t\t\t\t\t\t\t\t\t\t\t\t\t\t\t\t<a href=\"https:\/\/skynet.certik.com\/tools\/token-scan\/eth\/0x22585c8E2A7822a770fAe63B80BA0907bec837d0\">\n\t\t\t\t\t\t\t<img alt=\"\" fetchpriority=\"high\" decoding=\"async\" width=\"820\" height=\"820\" src=\"https:\/\/www.blossom-fund.com\/wp-content\/uploads\/2025\/07\/Blos-Certik-Skynet-100-820.png\" class=\"attachment-large size-large wp-image-2004\" srcset=\"https:\/\/www.blossom-fund.com\/wp-content\/uploads\/2025\/07\/Blos-Certik-Skynet-100-820.png 820w, https:\/\/www.blossom-fund.com\/wp-content\/uploads\/2025\/07\/Blos-Certik-Skynet-100-820-300x300.png 300w, https:\/\/www.blossom-fund.com\/wp-content\/uploads\/2025\/07\/Blos-Certik-Skynet-100-820-150x150.png 150w, https:\/\/www.blossom-fund.com\/wp-content\/uploads\/2025\/07\/Blos-Certik-Skynet-100-820-768x768.png 768w, https:\/\/www.blossom-fund.com\/wp-content\/uploads\/2025\/07\/Blos-Certik-Skynet-100-820-12x12.png 12w\" sizes=\"(max-width: 820px) 100vw, 820px\" \/>\t\t\t\t\t\t\t\t<\/a>\n\t\t\t\t\t\t\t\t\t\t\t\t\t\t\t<\/div>\n\t\t\t\t<\/div>\n\t\t\t\t<\/div>\n\t\t\t\t<\/div>\n\t\t\t\t<div class=\"elementor-element elementor-element-034f111 elementor-widget__width-inherit elementor-widget-divider--view-line elementor-widget elementor-widget-divider\" data-id=\"034f111\" data-element_type=\"widget\" data-widget_type=\"divider.default\">\n\t\t\t\t<div class=\"elementor-widget-container\">\n\t\t\t\t\t\t\t<div class=\"elementor-divider\">\n\t\t\t<span class=\"elementor-divider-separator\">\n\t\t\t\t\t\t<\/span>\n\t\t<\/div>\n\t\t\t\t\t\t<\/div>\n\t\t\t\t<\/div>\n\t\t<div class=\"elementor-element elementor-element-c58e727 e-con-full e-flex e-con e-child\" data-id=\"c58e727\" data-element_type=\"container\" data-settings=\"{&quot;background_background&quot;:&quot;classic&quot;}\">\n\t\t\t\t<\/div>\n\t\t<div class=\"elementor-element elementor-element-1e71b20 e-con-full e-flex e-con e-child\" data-id=\"1e71b20\" data-element_type=\"container\">\n\t\t\t\t<div class=\"elementor-element elementor-element-8ad108a elementor-widget elementor-widget-heading\" data-id=\"8ad108a\" data-element_type=\"widget\" data-widget_type=\"heading.default\">\n\t\t\t\t<div class=\"elementor-widget-container\">\n\t\t\t\t\t<h6 class=\"elementor-heading-title elementor-size-default\">02<\/h6>\t\t\t\t<\/div>\n\t\t\t\t<\/div>\n\t\t\t\t<div class=\"elementor-element elementor-element-348ee14 elementor-widget elementor-widget-icon-box\" data-id=\"348ee14\" data-element_type=\"widget\" data-widget_type=\"icon-box.default\">\n\t\t\t\t<div class=\"elementor-widget-container\">\n\t\t\t\t\t\t\t<div class=\"elementor-icon-box-wrapper\">\n\n\t\t\t\n\t\t\t\t\t\t<div class=\"elementor-icon-box-content\">\n\n\t\t\t\t\t\t\t\t\t<h3 class=\"elementor-icon-box-title\">\n\t\t\t\t\t\t<span  >\n\t\t\t\t\t\t\tGestione professionale dei fondi\t\t\t\t\t\t<\/span>\n\t\t\t\t\t<\/h3>\n\t\t\t\t\n\t\t\t\t\t\t\t\t\t<p class=\"elementor-icon-box-description\">\n\t\t\t\t\t\tBlossom Fund investe in fondi azionari consolidati e gestiti in modo professionale. Gli investitori possono esaminare i rapporti mensili sulla performance del fondo, compresi i dati dettagliati sul rendimento e sul valore totale del fondo.<br><br>\n\nCollegando il token BLOS direttamente a un fondo azionario, <b>Blossom Fund fornisce una fondazione sicura e professionale<\/b> per la creazione di valore a lungo termine. La trasparenza \u00e8 fondamentale: aggiornamenti regolari sui progressi del fondo saranno pubblicati sul nostro sito web.<br>\n\t\t\t\t\t<\/p>\n\t\t\t\t\n\t\t\t<\/div>\n\t\t\t\n\t\t<\/div>\n\t\t\t\t\t\t<\/div>\n\t\t\t\t<\/div>\n\t\t\t\t<\/div>\n\t\t\t\t<div class=\"elementor-element elementor-element-e542bb1 elementor-widget__width-inherit elementor-widget-divider--view-line elementor-widget elementor-widget-divider\" data-id=\"e542bb1\" data-element_type=\"widget\" data-widget_type=\"divider.default\">\n\t\t\t\t<div class=\"elementor-widget-container\">\n\t\t\t\t\t\t\t<div class=\"elementor-divider\">\n\t\t\t<span class=\"elementor-divider-separator\">\n\t\t\t\t\t\t<\/span>\n\t\t<\/div>\n\t\t\t\t\t\t<\/div>\n\t\t\t\t<\/div>\n\t\t<div class=\"elementor-element elementor-element-34075b8 e-con-full e-flex e-con e-child\" data-id=\"34075b8\" data-element_type=\"container\">\n\t\t<div class=\"elementor-element elementor-element-82643f7 e-con-full e-flex e-con e-child\" data-id=\"82643f7\" data-element_type=\"container\">\n\t\t\t\t<div class=\"elementor-element elementor-element-497ceff elementor-widget elementor-widget-heading\" data-id=\"497ceff\" data-element_type=\"widget\" data-widget_type=\"heading.default\">\n\t\t\t\t<div class=\"elementor-widget-container\">\n\t\t\t\t\t<h6 class=\"elementor-heading-title elementor-size-default\">03<\/h6>\t\t\t\t<\/div>\n\t\t\t\t<\/div>\n\t\t\t\t<div class=\"elementor-element elementor-element-d0eaca3 elementor-widget elementor-widget-icon-box\" data-id=\"d0eaca3\" data-element_type=\"widget\" data-widget_type=\"icon-box.default\">\n\t\t\t\t<div class=\"elementor-widget-container\">\n\t\t\t\t\t\t\t<div class=\"elementor-icon-box-wrapper\">\n\n\t\t\t\n\t\t\t\t\t\t<div class=\"elementor-icon-box-content\">\n\n\t\t\t\t\t\t\t\t\t<h3 class=\"elementor-icon-box-title\">\n\t\t\t\t\t\t<span  >\n\t\t\t\t\t\t\tMeccanismo di riacquisto e masterizzazione\n\n\t\t\t\t\t\t<\/span>\n\t\t\t\t\t<\/h3>\n\t\t\t\t\n\t\t\t\t\t\t\t\t\t<p class=\"elementor-icon-box-description\">\n\t\t\t\t\t\tA differenza di altri progetti di criptovalute che ricompensano gli investitori attraverso le puntate, Blossom Fund adotta un approccio diverso.\n\nBlossom Fund utilizzer\u00e0 i profitti del fondo azionario per riacquistare e bruciare i token BLOS, <b>riducendo l'offerta e aumentando la domanda.<\/b><br><br>Ad esempio, se il fondo ottiene un profitto annuo di 7,5% ($1,5M * 7,5% = $112.500), circa <b>1,4 milioni di gettoni saranno bruciati ogni anno <\/b> sulla base del prezzo di lancio di $0,08. Questo potrebbe potenzialmente ridurre l'offerta totale da 50 milioni a 43 milioni di gettoni nell'arco di cinque anni.<br><br>\nPer mantenere la liquidit\u00e0, il meccanismo di buyback e burn cesser\u00e0 quando l'offerta totale raggiunger\u00e0 i 25 milioni di token.\n\t\t\t\t\t<\/p>\n\t\t\t\t\n\t\t\t<\/div>\n\t\t\t\n\t\t<\/div>\n\t\t\t\t\t\t<\/div>\n\t\t\t\t<\/div>\n\t\t\t\t<\/div>\n\t\t<div class=\"elementor-element elementor-element-e25012f e-con-full e-flex e-con e-child\" data-id=\"e25012f\" data-element_type=\"container\" data-settings=\"{&quot;background_background&quot;:&quot;classic&quot;}\">\n\t\t\t\t<\/div>\n\t\t\t\t<\/div>\n\t\t\t\t<div class=\"elementor-element elementor-element-d61312f elementor-widget__width-inherit elementor-widget-divider--view-line elementor-widget elementor-widget-divider\" data-id=\"d61312f\" data-element_type=\"widget\" data-widget_type=\"divider.default\">\n\t\t\t\t<div class=\"elementor-widget-container\">\n\t\t\t\t\t\t\t<div class=\"elementor-divider\">\n\t\t\t<span class=\"elementor-divider-separator\">\n\t\t\t\t\t\t<\/span>\n\t\t<\/div>\n\t\t\t\t\t\t<\/div>\n\t\t\t\t<\/div>\n\t\t<div class=\"elementor-element elementor-element-c50e49a e-con-full e-flex e-con e-child\" data-id=\"c50e49a\" data-element_type=\"container\" data-settings=\"{&quot;background_background&quot;:&quot;classic&quot;}\">\n\t\t\t\t<\/div>\n\t\t<div class=\"elementor-element elementor-element-a457687 e-con-full e-flex e-con e-child\" data-id=\"a457687\" data-element_type=\"container\">\n\t\t\t\t<div class=\"elementor-element elementor-element-85db5a8 elementor-widget elementor-widget-heading\" data-id=\"85db5a8\" data-element_type=\"widget\" data-widget_type=\"heading.default\">\n\t\t\t\t<div class=\"elementor-widget-container\">\n\t\t\t\t\t<h6 class=\"elementor-heading-title elementor-size-default\">04<\/h6>\t\t\t\t<\/div>\n\t\t\t\t<\/div>\n\t\t\t\t<div class=\"elementor-element elementor-element-bf73553 elementor-widget elementor-widget-icon-box\" data-id=\"bf73553\" data-element_type=\"widget\" data-widget_type=\"icon-box.default\">\n\t\t\t\t<div class=\"elementor-widget-container\">\n\t\t\t\t\t\t\t<div class=\"elementor-icon-box-wrapper\">\n\n\t\t\t\n\t\t\t\t\t\t<div class=\"elementor-icon-box-content\">\n\n\t\t\t\t\t\t\t\t\t<h3 class=\"elementor-icon-box-title\">\n\t\t\t\t\t\t<span  >\n\t\t\t\t\t\t\tStrategia di marketing\t\t\t\t\t\t<\/span>\n\t\t\t\t\t<\/h3>\n\t\t\t\t\n\t\t\t\t\t\t\t\t\t<p class=\"elementor-icon-box-description\">\n\t\t\t\t\t\tBlossom Fund utilizzer\u00e0 una serie di tattiche di marketing durante la fase di prevendita, tra cui:<br><br>\n\n-\t<b>Pubblicit\u00e0 su siti web rilevanti<\/b><br><br>\n-\t<b>Comunicati stampa su siti di notizie crittografiche tramite Chainwire: <a href=\"https:\/\/app.chainwire.org\/report\/LNyrwtjc\">Rapporto di copertura<\/a><\/b><br><br>\n-\t<b>Promozioni Dexscreener<\/b><br><br>\n-\t<b>Collaborazioni con influencer<\/b> su YouTube, X (ex Twitter) e altre piattaforme di social media.<br>\n<br>\nAgli influencer verr\u00e0 offerto un compenso, tra cui un pagamento iniziale di $50\/$100 (a seconda del numero di follower) e 2 token BLOS da 50.000 distribuiti 1 e 3 mesi dopo il lancio. <b>Gli influencer sono tenuti a promuovere il progetto almeno 3 volte a settimana.<\/b> per continuare a beneficiare dei premi.\n\t\t\t\t\t<\/p>\n\t\t\t\t\n\t\t\t<\/div>\n\t\t\t\n\t\t<\/div>\n\t\t\t\t\t\t<\/div>\n\t\t\t\t<\/div>\n\t\t\t\t<\/div>\n\t\t\t\t\t<\/div>\n\t\t\t\t<\/div>\n\t\t\t\t<\/div>","protected":false},"excerpt":{"rendered":"<p>Our promises 01 Commitment to transparency and investor confidence Blossom Fund is committed to providing complete transparency to its investors: [&hellip;]<\/p>","protected":false},"author":1,"featured_media":0,"parent":0,"menu_order":0,"comment_status":"closed","ping_status":"closed","template":"","meta":{"_seopress_robots_primary_cat":"","_seopress_titles_title":"Our promises: commitment, investor confidence, transparency","_seopress_titles_desc":"Our team is committed to deliver transparency, extensive marketing and built a strong community with confidence","_seopress_robots_index":"","site-sidebar-layout":"no-sidebar","site-content-layout":"","ast-site-content-layout":"full-width-container","site-content-style":"default","site-sidebar-style":"default","ast-global-header-display":"","ast-banner-title-visibility":"","ast-main-header-display":"","ast-hfb-above-header-display":"","ast-hfb-below-header-display":"","ast-hfb-mobile-header-display":"","site-post-title":"disabled","ast-breadcrumbs-content":"","ast-featured-img":"disabled","footer-sml-layout":"","theme-transparent-header-meta":"enabled","adv-header-id-meta":"","stick-header-meta":"","header-above-stick-meta":"","header-main-stick-meta":"","header-below-stick-meta":"","astra-migrate-meta-layouts":"default","ast-page-background-enabled":"default","ast-page-background-meta":{"desktop":{"background-color":"var(--ast-global-color-4)","background-image":"","background-repeat":"repeat","background-position":"center center","background-size":"auto","background-attachment":"scroll","background-type":"","background-media":"","overlay-type":"","overlay-color":"","overlay-opacity":"","overlay-gradient":""},"tablet":{"background-color":"","background-image":"","background-repeat":"repeat","background-position":"center center","background-size":"auto","background-attachment":"scroll","background-type":"","background-media":"","overlay-type":"","overlay-color":"","overlay-opacity":"","overlay-gradient":""},"mobile":{"background-color":"","background-image":"","background-repeat":"repeat","background-position":"center center","background-size":"auto","background-attachment":"scroll","background-type":"","background-media":"","overlay-type":"","overlay-color":"","overlay-opacity":"","overlay-gradient":""}},"ast-content-background-meta":{"desktop":{"background-color":"var(--ast-global-color-5)","background-image":"","background-repeat":"repeat","background-position":"center center","background-size":"auto","background-attachment":"scroll","background-type":"","background-media":"","overlay-type":"","overlay-color":"","overlay-opacity":"","overlay-gradient":""},"tablet":{"background-color":"var(--ast-global-color-5)","background-image":"","background-repeat":"repeat","background-position":"center center","background-size":"auto","background-attachment":"scroll","background-type":"","background-media":"","overlay-type":"","overlay-color":"","overlay-opacity":"","overlay-gradient":""},"mobile":{"background-color":"var(--ast-global-color-5)","background-image":"","background-repeat":"repeat","background-position":"center center","background-size":"auto","background-attachment":"scroll","background-type":"","background-media":"","overlay-type":"","overlay-color":"","overlay-opacity":"","overlay-gradient":""}},"footnotes":""},"class_list":["post-765","page","type-page","status-publish","hentry"],"_links":{"self":[{"href":"https:\/\/www.blossom-fund.com\/it\/wp-json\/wp\/v2\/pages\/765","targetHints":{"allow":["GET"]}}],"collection":[{"href":"https:\/\/www.blossom-fund.com\/it\/wp-json\/wp\/v2\/pages"}],"about":[{"href":"https:\/\/www.blossom-fund.com\/it\/wp-json\/wp\/v2\/types\/page"}],"author":[{"embeddable":true,"href":"https:\/\/www.blossom-fund.com\/it\/wp-json\/wp\/v2\/users\/1"}],"replies":[{"embeddable":true,"href":"https:\/\/www.blossom-fund.com\/it\/wp-json\/wp\/v2\/comments?post=765"}],"version-history":[{"count":48,"href":"https:\/\/www.blossom-fund.com\/it\/wp-json\/wp\/v2\/pages\/765\/revisions"}],"predecessor-version":[{"id":2452,"href":"https:\/\/www.blossom-fund.com\/it\/wp-json\/wp\/v2\/pages\/765\/revisions\/2452"}],"wp:attachment":[{"href":"https:\/\/www.blossom-fund.com\/it\/wp-json\/wp\/v2\/media?parent=765"}],"curies":[{"name":"wp","href":"https:\/\/api.w.org\/{rel}","templated":true}]}}