{"id":1126,"date":"2025-03-31T09:23:25","date_gmt":"2025-03-31T09:23:25","guid":{"rendered":"https:\/\/www.blossom-fund.com\/?page_id=1126"},"modified":"2025-08-12T11:02:46","modified_gmt":"2025-08-12T09:02:46","slug":"carta-bianca","status":"publish","type":"page","link":"https:\/\/www.blossom-fund.com\/it\/carta-bianca\/","title":{"rendered":"Libro bianco"},"content":{"rendered":"<div data-elementor-type=\"wp-page\" data-elementor-id=\"1126\" class=\"elementor elementor-1126\">\n\t\t\t\t<div class=\"elementor-element elementor-element-a698cfe e-flex e-con-boxed e-con e-parent\" data-id=\"a698cfe\" data-element_type=\"container\" data-settings=\"{&quot;background_background&quot;:&quot;classic&quot;}\">\n\t\t\t\t\t<div class=\"e-con-inner\">\n\t\t\t\t<div class=\"elementor-element elementor-element-6ed2f69 elementor-widget elementor-widget-heading\" data-id=\"6ed2f69\" data-element_type=\"widget\" data-widget_type=\"heading.default\">\n\t\t\t\t<div class=\"elementor-widget-container\">\n\t\t\t\t\t<h2 class=\"elementor-heading-title elementor-size-default\">Libro bianco<\/h2>\t\t\t\t<\/div>\n\t\t\t\t<\/div>\n\t\t\t\t\t<\/div>\n\t\t\t\t<\/div>\n\t\t<div class=\"elementor-element elementor-element-5bee07af e-flex e-con-boxed e-con e-parent\" data-id=\"5bee07af\" data-element_type=\"container\" data-settings=\"{&quot;background_background&quot;:&quot;classic&quot;}\">\n\t\t\t\t\t<div class=\"e-con-inner\">\n\t\t\t\t<div class=\"elementor-element elementor-element-7df4b637 elementor-widget elementor-widget-text-editor\" data-id=\"7df4b637\" data-element_type=\"widget\" data-widget_type=\"text-editor.default\">\n\t\t\t\t<div class=\"elementor-widget-container\">\n\t\t\t\t\t\t\t\t\t<p><strong>Introduzione<\/strong><\/p><p><!-- \/wp:paragraph --><!-- wp:paragraph --><\/p><p>Blossom Fund (BLOS) offre l'opportunit\u00e0 unica di partecipare a un fondo azionario gestito in modo professionale attraverso un token crittografico. A differenza delle tipiche iniziative cripto ad alto rischio come le meme coins, Blossom Fund segue un approccio costante e misurato alla creazione di ricchezza. La nostra filosofia \u00e8 semplice: <strong>Non si tratta di uno schema per \"arricchirsi velocemente\", ma di una strategia per \"arricchirsi lentamente\".<\/strong>.<\/p><p><!-- \/wp:paragraph --><!-- wp:paragraph --><\/p><p class=\"translation-block\">La nostra missione \u00e8 semplice: consentire a chiunque di far fiorire i propri investimenti attingendo alle competenze di gestori di fondi di alto livello. Tradizionalmente questa gestione finanziaria \u00e8 riservata agli investitori istituzionali, ma con Blossom Fund tutti possono beneficiarne.<\/p><p><!-- \/wp:paragraph --><!-- wp:separator --><\/p><hr \/><p><!-- \/wp:separator --><!-- wp:paragraph --><\/p><p><strong>\u00a0<\/strong><\/p><p><strong>Un'opportunit\u00e0 unica per gli investitori<\/strong><\/p><p><!-- \/wp:paragraph --><!-- wp:paragraph --><\/p><p>L'accesso alla gestione professionale dei fondi richiede un investimento significativo, spesso dell'ordine di $500.000 o pi\u00f9. <strong>Il Fondo Blossom abbatte questa barriera<\/strong>, permettendo a chiunque di beneficiare di una gestione esperta dei fondi con l'acquisto di token BLOS.<\/p><p><!-- \/wp:paragraph --><!-- wp:paragraph --><\/p><p>Con Blossom Fund, gli investitori possono \"comprare e tenere\", beneficiando dei continui riacquisti di token e delle bruciature che ridurranno costantemente l'offerta e aumenteranno la domanda. Questa strategia passiva e a lungo termine \u00e8 progettata per produrre rendimenti significativi nel tempo.<\/p><hr \/><p><strong>\u00a0<\/strong><\/p><p><strong>I profitti e il valore dell'economia tradizionale alimentano la crescita del token BLOS<\/strong><\/p><p>Le monete meme non hanno un valore intrinseco. Qualsiasi aumento di prezzo \u00e8 dovuto alla FOMO (fear of missing out). In realt\u00e0 il denaro stupido scorre verso il denaro intelligente.<\/p><p><strong>BLOS non \u00e8 una moneta meme<\/strong>. Si tratta di un token crittografico che cresce di valore grazie al riacquisto e all'utilizzo del rendimento dei titoli dell'economia tradizionale. Ogni trimestre il rendimento del Blossom Fund sar\u00e0 utilizzato per riacquistare il token BLOS su Uniswap e inviare tali token a un indirizzo di masterizzazione. Nel corso del tempo <strong>tutti i possessori del token BLOS<\/strong> beneficeranno di questo meccanismo.<\/p><p><!-- \/wp:paragraph --><!-- wp:separator --><\/p><hr \/><p><!-- \/wp:separator --><!-- wp:paragraph --><\/p><p><strong>\u00a0<\/strong><\/p><p><!-- \/wp:paragraph --><!-- wp:paragraph --><\/p><p><strong>Panoramica del concetto<\/strong><\/p><p><!-- \/wp:paragraph --><!-- wp:paragraph --><\/p><p>Blossom Fund opera con 80% della sua dotazione totale di token (50 milioni di token) lavorando attivamente per generare valore per gli investitori attraverso i seguenti meccanismi:<\/p><p><!-- \/wp:paragraph --><!-- wp:list {\"ordered\":true,\"start\":1} --><\/p><ol start=\"1\"><li style=\"list-style-type: none;\"><ol start=\"1\"><!-- wp:list-item --><\/ol><\/li><\/ol><ol start=\"1\"><li style=\"list-style-type: none;\"><ol start=\"1\"><li class=\"translation-block\"><strong>Investimento in fondi professionali:<\/strong> $1,5 milioni saranno investiti in fondi azionari gestiti professionalmente. Ogni trimestre, i profitti derivanti da questi investimenti saranno utilizzati per riacquistare e bruciare i token BLOS, riducendo gradualmente l'offerta di token e rendendoli pi\u00f9 scarsi. Nel tempo, questo meccanismo \u00e8 progettato per aumentare il valore del token BLOS.<\/li><\/ol><\/li><\/ol><p><!-- \/wp:list-item --><\/p><p><!-- \/wp:list --><!-- wp:list {\"ordered\":true,\"start\":2} --><\/p><ol start=\"2\"><li style=\"list-style-type: none;\"><ol start=\"2\"><!-- wp:list-item --><\/ol><\/li><\/ol><ol start=\"2\"><li style=\"list-style-type: none;\"><ol start=\"2\"><li><strong>Gestione dei fondi e costi operativi: <\/strong>\u00a0$15.000 \u00e8 riservato ai costi di gestione corrente del fondo, per garantire che il fondo rimanga gestito in modo professionale e operativo.<\/li><\/ol><\/li><\/ol><p><!-- \/wp:list-item --><\/p><p><!-- \/wp:list --><!-- wp:list {\"ordered\":true,\"start\":3} --><\/p><ol start=\"3\"><li style=\"list-style-type: none;\"><ol start=\"3\"><!-- wp:list-item --><\/ol><\/li><\/ol><ol start=\"3\"><li style=\"list-style-type: none;\"><ol start=\"3\"><li><strong>Marketing:<\/strong> Un ulteriore $15.000 sar\u00e0 destinato alla copertura delle necessarie spese di marketing.<\/li><\/ol><\/li><\/ol><p><!-- \/wp:list-item --><\/p><p><!-- \/wp:list --><!-- wp:list {\"ordered\":true,\"start\":4} --><\/p><ol start=\"4\"><li style=\"list-style-type: none;\"><ol start=\"4\"><!-- wp:list-item --><\/ol><\/li><\/ol><ol start=\"4\"><li style=\"list-style-type: none;\"><ol start=\"4\"><li><strong>Pool di liquidit\u00e0 su Uniswa:<\/strong> Un pool di liquidit\u00e0 di $120.000 e BLOS 1.500.000 su Uniswap garantir\u00e0 un trading fluido e stabile.<\/li><\/ol><\/li><\/ol><p><!-- \/wp:list-item --><\/p><p><!-- \/wp:list --><!-- wp:list {\"ordered\":true,\"start\":5} --><\/p><ol start=\"5\"><li style=\"list-style-type: none;\"><ol start=\"5\"><!-- wp:list-item --><\/ol><\/li><\/ol><ol start=\"5\"><li style=\"list-style-type: none;\">Il restante 20% della fornitura di token \u00e8 destinato a funzioni chiave, tra cui le quotazioni su borse centralizzate (CEX) e decentralizzate (DEX), i bonus e gli incentivi per i team.<\/li><\/ol><p><!-- \/wp:paragraph --><!-- wp:separator --><\/p><hr \/><p><!-- \/wp:separator --><!-- wp:paragraph --><\/p><p><strong>\u00a0<\/strong><\/p><p><strong>Dettagli sulla vendita e sul lancio dei gettoni<\/strong><\/p><p><!-- \/wp:paragraph --><!-- wp:paragraph --><\/p><p><strong>Prevendita (inizio 01-08-2025)<\/strong><\/p><p><!-- \/wp:paragraph --><!-- wp:paragraph --><\/p><p>La prevendita dei gettoni BLOS avverr\u00e0 in 10 fasi con incrementi di $0,0025:<\/p><p><!-- \/wp:paragraph --><!-- wp:list {\"ordered\":true,\"start\":1} --><\/p><ol start=\"1\"><li style=\"list-style-type: none;\"><ol start=\"1\"><!-- wp:list-item --><\/ol><\/li><\/ol><ul><li><strong>Fase 1:<\/strong> 4 milioni di token al prezzo di $0,03<\/li><li><strong>Fase 2:<\/strong> 4 milioni di gettoni al prezzo di $0,0325<\/li><li><strong>Fase 3:<\/strong> 4 milioni di token al prezzo di $0,035<\/li><li><strong>Fase 10:<\/strong> 4 milioni di token al prezzo di $0,0525<\/li><\/ul><p><!-- \/wp:list-item --><!-- wp:list-item --><\/p><p><!-- \/wp:list-item --><!-- wp:list-item --><\/p><p><!-- \/wp:list-item --><!-- wp:list-item --><\/p><p><!-- \/wp:list-item --><\/p><p><!-- \/wp:list --><!-- wp:paragraph --><\/p><p><span lang=\"EN-US\" style=\"font-size: 11.0pt; font-family: 'Verdana',sans-serif; mso-fareast-font-family: Calibri; mso-fareast-theme-font: minor-latin; mso-bidi-font-family: 'Times New Roman'; mso-bidi-theme-font: minor-bidi; mso-ansi-language: EN-US; mso-fareast-language: EN-US; mso-bidi-language: AR-SA;\">\u00a0<\/span><\/p><p><strong>Lancio<\/strong><\/p><p><!-- \/wp:paragraph --><!-- wp:paragraph --><\/p><p><strong>Il token BLOS sar\u00e0 lanciato ufficialmente ad un prezzo di $0,08<\/strong>. Un pool di liquidit\u00e0 di valore <b>$120.000 e 1,5 milioni di gettoni BLOS<\/b>, saranno creati su Uniswap, garantendo la liquidit\u00e0 per la negoziazione dei token. <strong>Il pool di liquidit\u00e0 di Uniswap sar\u00e0 bloccato per 2 anni.<\/strong> .<\/p><p><!-- \/wp:paragraph --><!-- wp:separator --><\/p><hr \/><p><!-- \/wp:separator --><!-- wp:paragraph --><\/p><p><strong>\u00a0<\/strong><\/p><p><strong>Rete<\/strong><\/p><p><!-- \/wp:paragraph --><!-- wp:paragraph --><\/p><p>Il fondo Blossom opera sulla rete Ethereum, nota per la sua robustezza, sicurezza e accessibilit\u00e0. Le commissioni di transazione ragionevoli e l'ampia base di utenti di Ethereum ne fanno la scelta ideale per il token BLOS.<\/p><p><!-- \/wp:paragraph --><!-- wp:separator --><\/p><hr \/><p><!-- \/wp:separator --><!-- wp:paragraph --><\/p><p><strong>\u00a0<\/strong><\/p><p><strong>Tokenomics<\/strong><\/p><p><!-- \/wp:paragraph --><!-- wp:list --><\/p><ul><li style=\"list-style-type: none;\"><ul><!-- wp:list-item --><\/ul><\/li><\/ul><ul><li style=\"list-style-type: none;\"><ul><li><strong>Fornitura totale:<\/strong> 50.000.000 gettoni<\/li><\/ul><\/li><\/ul><p><!-- \/wp:list-item --><!-- wp:list-item --><\/p><ul><li style=\"list-style-type: none;\"><ul><li><strong>Prevendita:<\/strong> 40.000.000 gettoni<\/li><\/ul><\/li><\/ul><p><!-- \/wp:list-item --><!-- wp:list-item --><\/p><ul><li style=\"list-style-type: none;\"><ul><li><strong>Inserzioni DEX\/CEX:<\/strong> 4.000.000 gettoni<\/li><\/ul><\/li><\/ul><p><!-- \/wp:list-item --><!-- wp:list-item --><\/p><ul><li style=\"list-style-type: none;\"><ul><li><strong>Bonus\/Riferimenti:<\/strong> 4.000.000 gettoni<\/li><\/ul><\/li><\/ul><p><!-- \/wp:list-item --><!-- wp:list-item --><\/p><ul><li style=\"list-style-type: none;\"><ul><li><strong>Squadra:<\/strong> 2.000.000 gettoni<\/li><\/ul><\/li><\/ul><p><!-- \/wp:list-item --><\/p><p><!-- \/wp:list --><!-- wp:paragraph --><\/p><p><strong>Indirizzo del gettone BLOS<\/strong>: 0x22585c8E2A7822a770fAe63B80BA0907bec837d0<\/p><p><!-- \/wp:paragraph --><!-- wp:separator --><\/p><hr \/><p><!-- \/wp:separator --><!-- wp:paragraph --><\/p><p><strong>\u00a0<\/strong><\/p><p><strong>Gestione dei fondi e trasparenza<\/strong><\/p><p><!-- \/wp:paragraph --><!-- wp:paragraph --><\/p><p>Blossom Fund investe in fondi azionari consolidati e gestiti in modo professionale. Gli investitori possono esaminare <strong>rapporti trimestrali<\/strong> sulla performance del fondo, compresi dati dettagliati sul rendimento e sul valore totale del fondo.<\/p><p><!-- \/wp:paragraph --><!-- wp:paragraph --><\/p><p>Collegando il token BLOS direttamente a un fondo azionario, Blossom fornisce <strong>una base sicura e professionale<\/strong> per la creazione di valore a lungo termine. La trasparenza \u00e8 fondamentale: aggiornamenti regolari sui progressi del fondo saranno pubblicati sul nostro sito web.<\/p><p><!-- \/wp:paragraph --><!-- wp:separator --><\/p><hr \/><p><!-- \/wp:separator --><!-- wp:paragraph --><\/p><p><strong>\u00a0<\/strong><\/p><p><strong>Meccanismo di riacquisto e masterizzazione<\/strong><\/p><p><!-- \/wp:paragraph --><!-- wp:paragraph --><\/p><p>A differenza di altri progetti di criptovalute che ricompensano gli investitori attraverso le puntate, Blossom Fund adotta un approccio diverso. Blossom Fund utilizzer\u00e0 <strong>profitti del fondo azionario<\/strong> per riacquistare e bruciare i gettoni BLOS, <strong>riducendo l'offerta e aumentando la domanda<\/strong>d. Ad esempio, se il fondo ottiene un profitto annuo di 7,5% ($1,5M * 7,5% = $112.500), circa <strong>1,4 milioni di gettoni<\/strong> <strong>potrebbe essere bruciato ogni anno<\/strong> al prezzo di lancio di $0,08. Questo potrebbe potenzialmente ridurre l'offerta totale da 50 milioni a 43 milioni di gettoni nell'arco di cinque anni.<\/p><p><!-- \/wp:list-item --><\/p><p><!-- \/wp:list --><!-- wp:paragraph --><\/p><p><!-- \/wp:paragraph --><!-- wp:paragraph --><\/p><p>Per mantenere la liquidit\u00e0, il meccanismo di buyback e burn cesser\u00e0 quando l'offerta totale raggiunger\u00e0 i 25 milioni di token.<\/p><p><!-- \/wp:paragraph --><!-- wp:separator --><\/p><hr \/><p><!-- \/wp:separator --><!-- wp:paragraph --><\/p><p><strong>\u00a0<\/strong><\/p><p><!-- \/wp:paragraph --><!-- wp:paragraph --><\/p><p><strong>Strategia di marketing<\/strong><\/p><p><!-- \/wp:paragraph --><!-- wp:paragraph --><\/p><p>Blossom Fund utilizzer\u00e0 una serie di tattiche di marketing durante la fase di prevendita, tra cui:<\/p><p><!-- \/wp:paragraph --><!-- wp:list --><\/p><ul><li style=\"list-style-type: none;\"><ul><!-- wp:list-item --><\/ul><\/li><\/ul><ul><li style=\"list-style-type: none;\"><ul><li>Pubblicit\u00e0 su siti web rilevanti<\/li><\/ul><\/li><\/ul><p><!-- \/wp:list-item --><!-- wp:list-item --><\/p><ul><li style=\"list-style-type: none;\"><ul><li>Promozioni Dexscreener<\/li><\/ul><\/li><\/ul><p><!-- \/wp:list-item --><!-- wp:list-item --><\/p><ul><li style=\"list-style-type: none;\"><ul><li>Collaborazioni con influencer su YouTube, X (ex Twitter) e altre piattaforme di social media.<\/li><\/ul><\/li><\/ul><p><!-- \/wp:list-item --><\/p><p><!-- \/wp:list --><!-- wp:paragraph --><\/p><p>Agli influencer verr\u00e0 offerto un compenso, <strong>incluso un pagamento iniziale di $100 e 2 x 50.000 token BLOS<\/strong> distribuiti a 1 e 3 mesi dal lancio.<\/p><p><!-- \/wp:paragraph --><!-- wp:separator --><\/p><hr \/><p><!-- \/wp:separator --><!-- wp:paragraph --><\/p><p><strong>\u00a0<\/strong><\/p><p><strong>Il team Blossom<\/strong><\/p><p><!-- \/wp:paragraph --><!-- wp:list --><\/p><ul><li style=\"list-style-type: none;\"><ul><!-- wp:list-item --><\/ul><\/li><\/ul><ul><li style=\"list-style-type: none;\"><ul><li><strong>Responsabile del progetto:<\/strong> John (john@blossom-fund.com)<\/li><\/ul><\/li><\/ul><p><!-- \/wp:list-item --><!-- wp:list-item --><\/p><ul><li style=\"list-style-type: none;\"><ul><li><strong>Responsabile marketing:<\/strong> Renata (renata@blossom-fund.com)<\/li><\/ul><\/li><\/ul><p><!-- \/wp:list-item --><!-- wp:list-item --><\/p><ul><li style=\"list-style-type: none;\"><ul><li><strong>Responsabile tecnico:<\/strong> Morris (morris@blossom-fund.com)<\/li><\/ul><\/li><\/ul><p><!-- \/wp:list-item --><\/p><p><!-- \/wp:list --><!-- wp:separator --><\/p><hr \/><p><!-- \/wp:separator --><!-- wp:paragraph --><\/p><p><strong>\u00a0<\/strong><\/p><p><strong>Impegno per la trasparenza e la fiducia degli investitori<\/strong><\/p><p><!-- \/wp:paragraph --><!-- wp:paragraph --><\/p><p>Il Fondo Blossom si impegna a fornire <strong>completa trasparenza<\/strong> ai suoi investitori:<\/p><p><!-- \/wp:paragraph --><!-- wp:list {\"ordered\":true,\"start\":1} --><\/p><ol start=\"1\"><li style=\"list-style-type: none;\"><ol start=\"1\"><!-- wp:list-item --><\/ol><\/li><\/ol><ol start=\"1\"><li style=\"list-style-type: none;\"><ol start=\"1\"><li><strong>Rapporti trimestrali sui fondi:<\/strong> I rapporti dettagliati sulla performance dei fondi saranno resi disponibili al pubblico sul nostro sito web.<\/li><\/ol><\/li><\/ol><p><!-- \/wp:list-item --><\/p><p><!-- \/wp:list --><!-- wp:list {\"ordered\":true,\"start\":2} --><\/p><ol start=\"2\"><li style=\"list-style-type: none;\"><ol start=\"2\"><!-- wp:list-item --><\/ol><\/li><\/ol><ol start=\"2\"><li style=\"list-style-type: none;\"><ol start=\"2\"><li><strong>Rete di sicurezza dei prezzi:<\/strong> Blossom Fund sosterr\u00e0 il prezzo dei token BLOS acquistando i token ad un prezzo <strong>prezzo al suolo di $0.02<\/strong>. Una parte del fondo sar\u00e0 destinata a <strong>mantenere questa rete di sicurezza<\/strong>contribuendo a creare fiducia nel mercato.<\/li><\/ol><\/li><\/ol><p><!-- \/wp:list-item --><\/p><p><!-- \/wp:list --><!-- wp:list {\"ordered\":true,\"start\":3} --><\/p><ol start=\"3\"><li style=\"list-style-type: none;\"><ol start=\"3\"><!-- wp:list-item --><\/ol><\/li><\/ol><ol start=\"3\"><li style=\"list-style-type: none;\"><ol start=\"3\"><li><strong>Visibilit\u00e0 dell'indirizzo di masterizzazione:<\/strong> L'indirizzo di masterizzazione sar\u00e0 visibile pubblicamente sul sito web di Blossom Fund, consentendo agli investitori di seguire ogni masterizzazione di token.<\/li><\/ol><\/li><\/ol><p><!-- \/wp:list-item --><\/p><p><!-- \/wp:list --><!-- wp:separator --><\/p><hr \/><p><!-- \/wp:separator --><!-- wp:paragraph --><\/p><p><strong>FAQ<\/strong><\/p><p><!-- \/wp:paragraph --><!-- wp:list {\"ordered\":true,\"start\":1} --><\/p><ol start=\"1\"><li style=\"list-style-type: none;\"><ol start=\"1\"><!-- wp:list-item --><\/ol><\/li><\/ol><ol start=\"1\"><li style=\"list-style-type: none;\"><ol start=\"1\"><li><strong>Dove posso monitorare i portafogli del progetto?<\/strong><\/li><\/ol><\/li><\/ol><p><!-- \/wp:list-item --><\/p><p><!-- \/wp:list --><!-- wp:paragraph --><\/p><p>\u00c8 possibile utilizzare un blockchain explorer come etherscan per visualizzare e monitorare i portafogli del progetto. Noi utilizziamo 4 portafogli diversi:<\/p><p><!-- \/wp:paragraph --><!-- wp:paragraph --><\/p><p>1. Portafoglio della prevendita: 0xC0Fb55c12eAa5aF22A86A0FB3Bc1F2145776C02C<\/p><p><!-- \/wp:paragraph --><!-- wp:paragraph --><\/p><p>2. Portafoglio di marketing: 0xdFcAF43CE9AE57412AABF42683eEE4d313AeB74E<\/p><p><!-- \/wp:paragraph --><!-- wp:paragraph --><\/p><p>3. Portafoglio della squadra: 0xd2fC87D35A03c976e50BdcDA8e662B24EED7851E<\/p><p><!-- \/wp:paragraph --><!-- wp:paragraph --><\/p><p>4. Riacquistare e bruciare il portafoglio: 0x1C67b17270c3236AD9f2b0857E6524A838a3Ab21<\/p><p><!-- \/wp:paragraph --><!-- wp:list {\"ordered\":true,\"start\":2} --><\/p><ol start=\"2\"><li style=\"list-style-type: none;\"><ol start=\"2\"><!-- wp:list-item --><\/ol><\/li><\/ol><ol start=\"2\"><li style=\"list-style-type: none;\"><ol start=\"2\"><li><strong>Perch\u00e9 il rischio di investire nel token BLOS \u00e8 limitato?<\/strong><\/li><\/ol><\/li><\/ol><p><!-- \/wp:list-item --><\/p><p><!-- \/wp:list --><!-- wp:paragraph --><\/p><p>Ogni trimestre il profitto (rendimento) del fondo blossom sar\u00e0 utilizzato per riacquistare e bruciare il token BLOS. Questo limiter\u00e0 l'offerta e con una domanda decente il prezzo del token salir\u00e0 tipicamente.<\/p><p><!-- \/wp:paragraph --><!-- wp:paragraph --><\/p><p>Un altro fattore \u00e8 che il team sosterr\u00e0 il prezzo dei token BLOS acquistando i token se il prezzo raggiunge $0,02. Una parte del fondo sar\u00e0 destinata al mantenimento di questa rete di sicurezza, contribuendo a creare fiducia nel mercato.<\/p><p><!-- \/wp:paragraph --><!-- wp:list {\"ordered\":true,\"start\":3} --><\/p><ol start=\"3\"><li style=\"list-style-type: none;\"><ol start=\"3\"><!-- wp:list-item --><\/ol><\/li><\/ol><ol start=\"3\"><li style=\"list-style-type: none;\"><ol start=\"3\"><li><strong>Su quale piattaforma di social media posso seguire le vostre attivit\u00e0?<\/strong><\/li><\/ol><\/li><\/ol><p><!-- \/wp:list-item --><\/p><p><!-- \/wp:list --><!-- wp:paragraph --><\/p><p>Forniamo assistenza sul nostro canale telegram pubblico:\u00a0<a href=\"https:\/\/t.me\/+mhgx-yZUTu44OWNk\"><span style=\"font-family: Verdana, sans-serif; font-size: 11pt; text-align: var(--text-align); background-color: var( --e-global-color-astglobalcolor4 ); color: var(--ast-global-color-3);\">https:\/\/t.me\/+mhgx-yZUTu44OWNk<\/span><\/a><\/p><p><!-- \/wp:paragraph --><!-- wp:paragraph --><\/p><p>I nostri sforzi di marketing possono essere seguiti su X: <a href=\"https:\/\/x.com\/Renata_blos\">https:\/\/x.com\/Renata_blos<\/a><\/p><p><!-- \/wp:paragraph --><!-- wp:list {\"ordered\":true,\"start\":4} --><\/p><ol start=\"4\"><li style=\"list-style-type: none;\"><ol start=\"4\"><!-- wp:list-item --><\/ol><\/li><\/ol><ol start=\"4\"><li style=\"list-style-type: none;\"><ol start=\"4\"><li><strong>Quando terminer\u00e0 la prevendita?<\/strong><\/li><\/ol><\/li><\/ol><p><!-- \/wp:list-item --><\/p><p><!-- \/wp:list --><!-- wp:paragraph --><\/p><p>La prevendita terminer\u00e0 quando tutti i 40.000.000 di gettoni saranno stati venduti.<\/p><p><!-- \/wp:paragraph --><!-- wp:list {\"ordered\":true,\"start\":5} --><\/p><ol start=\"5\"><li style=\"list-style-type: none;\"><ol start=\"5\"><!-- wp:list-item --><\/ol><\/li><\/ol><ol start=\"5\"><li style=\"list-style-type: none;\"><ol start=\"5\"><li><strong>Qual \u00e8 l'indirizzo del token e su quale rete verr\u00e0 lanciato il token?<\/strong>\u00a0<\/li><\/ol><\/li><\/ol><p>Il token sar\u00e0 lanciato sulla rete Ethereum, nota per la sua robustezza, sicurezza e accessibilit\u00e0. Le commissioni di transazione ragionevoli e l'ampia base di utenti di Ethereum ne fanno la scelta ideale per il token BLOS.<\/p><p><!-- \/wp:list-item --><\/p><p><!-- \/wp:list --><!-- wp:paragraph --><\/p><p><strong>L'indirizzo del token \u00e8: 0x22585c8E2A7822a770fAe63B80BA0907bec837d0<\/strong><\/p><p><!-- \/wp:paragraph --><!-- wp:paragraph --><\/p><p><strong>Questo Libro bianco pu\u00f2 essere scaricato in inglese qui:\u00a0 <a href=\"https:\/\/www.blossom-fund.com\/wp-content\/uploads\/2025\/08\/BLOSSOM-FUND-Whitepaper.pdf\">Libro bianco del Fondo Blossom<\/a><\/strong><\/p><p><!-- \/wp:paragraph --><\/p>\t\t\t\t\t\t\t\t<\/div>\n\t\t\t\t<\/div>\n\t\t\t\t\t<\/div>\n\t\t\t\t<\/div>\n\t\t\t\t<\/div>","protected":false},"excerpt":{"rendered":"<p>Libro bianco Introduzione Il Blossom Fund (BLOS) offre un'opportunit\u00e0 unica di partecipare a un fondo azionario gestito in modo professionale attraverso [...]<\/p>","protected":false},"author":1,"featured_media":0,"parent":0,"menu_order":0,"comment_status":"closed","ping_status":"closed","template":"","meta":{"_seopress_robots_primary_cat":"","_seopress_titles_title":"This white paper explains all details about the project","_seopress_titles_desc":"The blossom fund white paper explains all details about the blossom fund project","_seopress_robots_index":"","site-sidebar-layout":"no-sidebar","site-content-layout":"","ast-site-content-layout":"normal-width-container","site-content-style":"default","site-sidebar-style":"default","ast-global-header-display":"","ast-banner-title-visibility":"","ast-main-header-display":"","ast-hfb-above-header-display":"","ast-hfb-below-header-display":"","ast-hfb-mobile-header-display":"","site-post-title":"disabled","ast-breadcrumbs-content":"","ast-featured-img":"","footer-sml-layout":"","theme-transparent-header-meta":"enabled","adv-header-id-meta":"","stick-header-meta":"","header-above-stick-meta":"","header-main-stick-meta":"","header-below-stick-meta":"","astra-migrate-meta-layouts":"default","ast-page-background-enabled":"default","ast-page-background-meta":{"desktop":{"background-color":"var(--ast-global-color-4)","background-image":"","background-repeat":"repeat","background-position":"center center","background-size":"auto","background-attachment":"scroll","background-type":"","background-media":"","overlay-type":"","overlay-color":"","overlay-opacity":"","overlay-gradient":""},"tablet":{"background-color":"","background-image":"","background-repeat":"repeat","background-position":"center center","background-size":"auto","background-attachment":"scroll","background-type":"","background-media":"","overlay-type":"","overlay-color":"","overlay-opacity":"","overlay-gradient":""},"mobile":{"background-color":"","background-image":"","background-repeat":"repeat","background-position":"center center","background-size":"auto","background-attachment":"scroll","background-type":"","background-media":"","overlay-type":"","overlay-color":"","overlay-opacity":"","overlay-gradient":""}},"ast-content-background-meta":{"desktop":{"background-color":"var(--ast-global-color-5)","background-image":"","background-repeat":"repeat","background-position":"center center","background-size":"auto","background-attachment":"scroll","background-type":"","background-media":"","overlay-type":"","overlay-color":"","overlay-opacity":"","overlay-gradient":""},"tablet":{"background-color":"var(--ast-global-color-5)","background-image":"","background-repeat":"repeat","background-position":"center center","background-size":"auto","background-attachment":"scroll","background-type":"","background-media":"","overlay-type":"","overlay-color":"","overlay-opacity":"","overlay-gradient":""},"mobile":{"background-color":"var(--ast-global-color-5)","background-image":"","background-repeat":"repeat","background-position":"center center","background-size":"auto","background-attachment":"scroll","background-type":"","background-media":"","overlay-type":"","overlay-color":"","overlay-opacity":"","overlay-gradient":""}},"footnotes":""},"class_list":["post-1126","page","type-page","status-publish","hentry"],"_links":{"self":[{"href":"https:\/\/www.blossom-fund.com\/it\/wp-json\/wp\/v2\/pages\/1126","targetHints":{"allow":["GET"]}}],"collection":[{"href":"https:\/\/www.blossom-fund.com\/it\/wp-json\/wp\/v2\/pages"}],"about":[{"href":"https:\/\/www.blossom-fund.com\/it\/wp-json\/wp\/v2\/types\/page"}],"author":[{"embeddable":true,"href":"https:\/\/www.blossom-fund.com\/it\/wp-json\/wp\/v2\/users\/1"}],"replies":[{"embeddable":true,"href":"https:\/\/www.blossom-fund.com\/it\/wp-json\/wp\/v2\/comments?post=1126"}],"version-history":[{"count":28,"href":"https:\/\/www.blossom-fund.com\/it\/wp-json\/wp\/v2\/pages\/1126\/revisions"}],"predecessor-version":[{"id":2447,"href":"https:\/\/www.blossom-fund.com\/it\/wp-json\/wp\/v2\/pages\/1126\/revisions\/2447"}],"wp:attachment":[{"href":"https:\/\/www.blossom-fund.com\/it\/wp-json\/wp\/v2\/media?parent=1126"}],"curies":[{"name":"wp","href":"https:\/\/api.w.org\/{rel}","templated":true}]}}