{"id":1664,"date":"2025-07-16T15:26:25","date_gmt":"2025-07-16T13:26:25","guid":{"rendered":"https:\/\/www.blossom-fund.com\/?page_id=1664"},"modified":"2025-08-25T12:43:14","modified_gmt":"2025-08-25T10:43:14","slug":"pieces-de-monnaie","status":"publish","type":"page","link":"https:\/\/www.blossom-fund.com\/fr\/pieces-de-monnaie\/","title":{"rendered":"Monnaie Meme"},"content":{"rendered":"<div data-elementor-type=\"wp-page\" data-elementor-id=\"1664\" class=\"elementor elementor-1664\">\n\t\t\t\t<div class=\"elementor-element elementor-element-3ab7125c e-flex e-con-boxed e-con e-parent\" data-id=\"3ab7125c\" data-element_type=\"container\" data-settings=\"{&quot;background_background&quot;:&quot;classic&quot;}\">\n\t\t\t\t\t<div class=\"e-con-inner\">\n\t\t\t\t<div class=\"elementor-element elementor-element-3a2b9f18 elementor-widget elementor-widget-heading\" data-id=\"3a2b9f18\" data-element_type=\"widget\" data-widget_type=\"heading.default\">\n\t\t\t\t<div class=\"elementor-widget-container\">\n\t\t\t\t\t<h1 class=\"elementor-heading-title elementor-size-default\">Monnaie Meme<\/h1>\t\t\t\t<\/div>\n\t\t\t\t<\/div>\n\t\t\t\t<div class=\"elementor-element elementor-element-35c6976a elementor-widget-divider--view-line elementor-widget elementor-widget-divider\" data-id=\"35c6976a\" data-element_type=\"widget\" data-widget_type=\"divider.default\">\n\t\t\t\t<div class=\"elementor-widget-container\">\n\t\t\t\t\t\t\t<div class=\"elementor-divider\">\n\t\t\t<span class=\"elementor-divider-separator\">\n\t\t\t\t\t\t<\/span>\n\t\t<\/div>\n\t\t\t\t\t\t<\/div>\n\t\t\t\t<\/div>\n\t\t\t\t\t<\/div>\n\t\t\t\t<\/div>\n\t\t<div class=\"elementor-element elementor-element-575f950 e-flex e-con-boxed e-con e-parent\" data-id=\"575f950\" data-element_type=\"container\" data-settings=\"{&quot;background_background&quot;:&quot;gradient&quot;}\">\n\t\t\t\t\t<div class=\"e-con-inner\">\n\t\t\t\t<div class=\"elementor-element elementor-element-fdc513d elementor-widget elementor-widget-text-editor\" data-id=\"fdc513d\" data-element_type=\"widget\" data-widget_type=\"text-editor.default\">\n\t\t\t\t<div class=\"elementor-widget-container\">\n\t\t\t\t\t\t\t\t\t<h3>Monnaie Meme<\/h3><h4>Pump=Fun<\/h4><h4>Dump not so much<\/h4>\t\t\t\t\t\t\t\t<\/div>\n\t\t\t\t<\/div>\n\t\t\t\t<div class=\"elementor-element elementor-element-63d6539 elementor-widget elementor-widget-text-editor\" data-id=\"63d6539\" data-element_type=\"widget\" data-widget_type=\"text-editor.default\">\n\t\t\t\t<div class=\"elementor-widget-container\">\n\t\t\t\t\t\t\t\t\t<h3>Les Meme Coins sont un jeu \u00e0 somme nulle<\/h3><p>Les monnaies mim\u00e9tiques ont le vent en poupe. Des centaines de nouvelles pi\u00e8ces sont lanc\u00e9es chaque jour. Tout le monde est \u00e0 la recherche de la prochaine <strong>Pepe, Doge ou Shiba Inu<\/strong> pour r\u00e9aliser d'\u00e9normes b\u00e9n\u00e9fices. Toute augmentation de prix est due \u00e0 la FOMO (fear of missing out) ou au pump-and-dump. <strong>Mais seuls quelques commer\u00e7ants gagneront de l'argent,<\/strong> la majorit\u00e9 sera d\u00e9ficitaire.<\/p><p><strong>C'est un jeu \u00e0 somme nulle. Si vous gagnez x100, quelqu'un d'autre gagne -99%.<\/strong><\/p><p>\u00c0 Blossom Fund, nous pensons qu'un bon projet doit apporter<strong> un retour sur investissement d\u00e9cent pour tous les investisseurs<\/strong>. Pas seulement les plus intelligents. <strong>Tout le monde profite de la croissance de la valeur<\/strong> avec Blossom Fund !<\/p>\t\t\t\t\t\t\t\t<\/div>\n\t\t\t\t<\/div>\n\t\t\t\t<div class=\"elementor-element elementor-element-470679b elementor-widget elementor-widget-text-editor\" data-id=\"470679b\" data-element_type=\"widget\" data-widget_type=\"text-editor.default\">\n\t\t\t\t<div class=\"elementor-widget-container\">\n\t\t\t\t\t\t\t\t\t<h4>Pump.fun<\/h4><p>Pump.fun est une plateforme con\u00e7ue pour faciliter la cr\u00e9ation et l'\u00e9change rapides de memecoins sur la blockchain Solana. Elle permet aux utilisateurs de lancer des jetons avec un minimum d'effort et de co\u00fbt, ce qui la rend attrayante pour ceux qui cherchent \u00e0 capitaliser sur les tendances virales en mati\u00e8re de jetons.<\/p><p>Voici les principaux risques li\u00e9s au trading sur pump.fun :<\/p><ol><li>La nature d\u00e9centralis\u00e9e et anonyme de pump.fun en fait une plateforme attrayante pour les <strong>les escrocs et les pirates informatiques.<\/strong><\/li><li>Les utilisateurs risquent <strong>d'\u00eatre victime d'un \"tapis tir\u00e9\".<\/strong> lorsque les promoteurs abandonnent un projet et partent avec les fonds des investisseurs.<\/li><li>Les vuln\u00e9rabilit\u00e9s des contrats intelligents peuvent \u00e9galement \u00eatre exploit\u00e9es pour voler des tokens ou des <strong>manipuler les prix des jetons.<\/strong><\/li><li>Les jetons Pump.fun sont principalement con\u00e7us pour des transactions sp\u00e9culatives \u00e0 court terme, motiv\u00e9es par le battage m\u00e9diatique et la possibilit\u00e9 de profits rapides.<\/li><li>Les investisseurs sont expos\u00e9s au risque de pertes importantes s'ils ne parviennent pas \u00e0 anticiper correctement le march\u00e9 ou s'ils sont victimes d'une fraude. <strong>manipulation du march\u00e9<\/strong>.<\/li><li>L'accent mis sur les gains \u00e0 court terme se fait souvent au d\u00e9triment du d\u00e9veloppement durable des projets et de la cr\u00e9ation de valeur \u00e0 long terme.<\/li><li>En raison de la combinaison des risques susmentionn\u00e9s, <strong>l'investissement dans les jetons pump.fun comporte un risque \u00e9lev\u00e9 de perte financi\u00e8re<\/strong>.<\/li><\/ol>\t\t\t\t\t\t\t\t<\/div>\n\t\t\t\t<\/div>\n\t\t\t\t<div class=\"elementor-element elementor-element-b39db22 elementor-widget elementor-widget-text-editor\" data-id=\"b39db22\" data-element_type=\"widget\" data-widget_type=\"text-editor.default\">\n\t\t\t\t<div class=\"elementor-widget-container\">\n\t\t\t\t\t\t\t\t\t<h4><strong>Web3payments<\/strong><\/h4><p>Web3payments est un cr\u00e9ateur professionnel de sites web de monnaies m\u00e8mes, y compris des services complets de paiements d'offres initiales de monnaies. Ils ont lanc\u00e9 un grand nombre de projets tels que : <strong>Flockerz, Wall Street Pepe, Meme Games, PlayDoge, DogeCoin20, DogLibre, Pepe Unchained, Crypto All-Stars, Star Chain, Pepeto, Influencer Pepe, Doge2014, Multiverse Monkey, Frenz With Money<\/strong> etc.<\/p><p>Apr\u00e8s quelques recherches, il s'av\u00e8re que certains de ces projets sont des escroqueries, que certains sites web ont \u00e9t\u00e9 d\u00e9sactiv\u00e9s et que la plupart des projets ont eu un retour sur investissement n\u00e9gatif.<\/p>\t\t\t\t\t\t\t\t<\/div>\n\t\t\t\t<\/div>\n\t\t\t\t\t<\/div>\n\t\t\t\t<\/div>\n\t\t<div class=\"elementor-element elementor-element-46fe75d1 e-flex e-con-boxed e-con e-parent\" data-id=\"46fe75d1\" data-element_type=\"container\" data-settings=\"{&quot;background_background&quot;:&quot;classic&quot;}\">\n\t\t\t\t\t<div class=\"e-con-inner\">\n\t\t\t\t<div class=\"elementor-element elementor-element-d029a76 elementor-widget-divider--view-line elementor-widget elementor-widget-divider\" data-id=\"d029a76\" data-element_type=\"widget\" data-widget_type=\"divider.default\">\n\t\t\t\t<div class=\"elementor-widget-container\">\n\t\t\t\t\t\t\t<div class=\"elementor-divider\">\n\t\t\t<span class=\"elementor-divider-separator\">\n\t\t\t\t\t\t<\/span>\n\t\t<\/div>\n\t\t\t\t\t\t<\/div>\n\t\t\t\t<\/div>\n\t\t\t\t<div class=\"elementor-element elementor-element-4a7bfdf8 elementor-widget elementor-widget-heading\" data-id=\"4a7bfdf8\" data-element_type=\"widget\" data-widget_type=\"heading.default\">\n\t\t\t\t<div class=\"elementor-widget-container\">\n\t\t\t\t\t<h4 class=\"elementor-heading-title elementor-size-default\">\"Investir dans les m\u00e8mes est tr\u00e8s risqu\u00e9 et la majorit\u00e9 des investisseurs perdront de l'argent. La beaut\u00e9 du Blossom Fund r\u00e9side dans le fait que les investisseurs ne se battent pas les uns contre les autres, mais unissent leurs forces. Les b\u00e9n\u00e9fices de l'\u00e9conomie traditionnelle sont inject\u00e9s dans la valeur du jeton BLOS. Chaque trimestre, ces b\u00e9n\u00e9fices seront utilis\u00e9s pour racheter et br\u00fbler le jeton. Il en r\u00e9sultera une croissance durable de la valeur pour tous.\"<\/h4>\t\t\t\t<\/div>\n\t\t\t\t<\/div>\n\t\t\t\t<div class=\"elementor-element elementor-element-3c7a75a9 elementor-widget elementor-widget-heading\" data-id=\"3c7a75a9\" data-element_type=\"widget\" data-widget_type=\"heading.default\">\n\t\t\t\t<div class=\"elementor-widget-container\">\n\t\t\t\t\t<h6 class=\"elementor-heading-title elementor-size-default\">Ne jouez pas avec votre argent<\/h6>\t\t\t\t<\/div>\n\t\t\t\t<\/div>\n\t\t\t\t\t<\/div>\n\t\t\t\t<\/div>\n\t\t<div class=\"elementor-element elementor-element-5da42ae e-grid e-con-boxed e-con e-parent\" data-id=\"5da42ae\" data-element_type=\"container\" data-settings=\"{&quot;background_background&quot;:&quot;classic&quot;}\">\n\t\t\t\t\t<div class=\"e-con-inner\">\n\t\t\t\t<div class=\"elementor-element elementor-element-a4525f8 elementor-widget elementor-widget-heading\" data-id=\"a4525f8\" data-element_type=\"widget\" data-widget_type=\"heading.default\">\n\t\t\t\t<div class=\"elementor-widget-container\">\n\t\t\t\t\t<h2 class=\"elementor-heading-title elementor-size-default\">Analyse du retour sur investissement des Meme Coins<\/h2>\t\t\t\t<\/div>\n\t\t\t\t<\/div>\n\t\t\t\t\t<\/div>\n\t\t\t\t<\/div>\n\t\t<div class=\"elementor-element elementor-element-3ea802c e-grid e-con-boxed e-con e-parent\" data-id=\"3ea802c\" data-element_type=\"container\" data-settings=\"{&quot;background_background&quot;:&quot;classic&quot;}\">\n\t\t\t\t\t<div class=\"e-con-inner\">\n\t\t\t\t<div class=\"elementor-element elementor-element-ce77f86 elementor-widget elementor-widget-text-editor\" data-id=\"ce77f86\" data-element_type=\"widget\" data-widget_type=\"text-editor.default\">\n\t\t\t\t<div class=\"elementor-widget-container\">\n\t\t\t\t\t\t\t\t\t<h6>Projet : Pepe de Wall Street<\/h6><h6><a href=\"https:\/\/wallstreetpepe.com\/en\">https:\/\/wallstreetpepe.com\/en<\/a><\/h6><h6>Montant collect\u00e9 : $70 000 000<\/h6><h4>ROI : -67%<\/h4><p>par 16-07-25<\/p>\t\t\t\t\t\t\t\t<\/div>\n\t\t\t\t<\/div>\n\t\t\t\t<div class=\"elementor-element elementor-element-6d1a7d5 elementor-widget elementor-widget-image\" data-id=\"6d1a7d5\" data-element_type=\"widget\" data-widget_type=\"image.default\">\n\t\t\t\t<div class=\"elementor-widget-container\">\n\t\t\t\t\t\t\t\t\t\t\t\t\t\t\t<img alt=\"\" fetchpriority=\"high\" decoding=\"async\" width=\"1024\" height=\"743\" src=\"https:\/\/www.blossom-fund.com\/wp-content\/uploads\/2025\/07\/Wallstreet-Pepe-Main-1024x743.png\" class=\"attachment-large size-large wp-image-2125\" srcset=\"https:\/\/www.blossom-fund.com\/wp-content\/uploads\/2025\/07\/Wallstreet-Pepe-Main-1024x743.png 1024w, https:\/\/www.blossom-fund.com\/wp-content\/uploads\/2025\/07\/Wallstreet-Pepe-Main-300x218.png 300w, https:\/\/www.blossom-fund.com\/wp-content\/uploads\/2025\/07\/Wallstreet-Pepe-Main-768x557.png 768w, https:\/\/www.blossom-fund.com\/wp-content\/uploads\/2025\/07\/Wallstreet-Pepe-Main-18x12.png 18w, https:\/\/www.blossom-fund.com\/wp-content\/uploads\/2025\/07\/Wallstreet-Pepe-Main.png 1267w\" sizes=\"(max-width: 1024px) 100vw, 1024px\" \/>\t\t\t\t\t\t\t\t\t\t\t\t\t\t\t<\/div>\n\t\t\t\t<\/div>\n\t\t\t\t<div class=\"elementor-element elementor-element-46a596f elementor-widget elementor-widget-image\" data-id=\"46a596f\" data-element_type=\"widget\" data-widget_type=\"image.default\">\n\t\t\t\t<div class=\"elementor-widget-container\">\n\t\t\t\t\t\t\t\t\t\t\t\t\t\t\t<img alt=\"\" decoding=\"async\" width=\"1024\" height=\"577\" src=\"https:\/\/www.blossom-fund.com\/wp-content\/uploads\/2025\/07\/wallstreetpepechart-1024x577.jpg\" class=\"attachment-large size-large wp-image-1699\" srcset=\"https:\/\/www.blossom-fund.com\/wp-content\/uploads\/2025\/07\/wallstreetpepechart-1024x577.jpg 1024w, https:\/\/www.blossom-fund.com\/wp-content\/uploads\/2025\/07\/wallstreetpepechart-300x169.jpg 300w, https:\/\/www.blossom-fund.com\/wp-content\/uploads\/2025\/07\/wallstreetpepechart-768x432.jpg 768w, https:\/\/www.blossom-fund.com\/wp-content\/uploads\/2025\/07\/wallstreetpepechart-18x10.jpg 18w, https:\/\/www.blossom-fund.com\/wp-content\/uploads\/2025\/07\/wallstreetpepechart.jpg 1357w\" sizes=\"(max-width: 1024px) 100vw, 1024px\" \/>\t\t\t\t\t\t\t\t\t\t\t\t\t\t\t<\/div>\n\t\t\t\t<\/div>\n\t\t\t\t<div class=\"elementor-element elementor-element-897bb2e elementor-widget elementor-widget-text-editor\" data-id=\"897bb2e\" data-element_type=\"widget\" data-widget_type=\"text-editor.default\">\n\t\t\t\t<div class=\"elementor-widget-container\">\n\t\t\t\t\t\t\t\t\t<h6>Projet : Flockerz<\/h6><h6><a href=\"https:\/\/flockerz.com\/en\">https:\/\/flockerz.com\/en<\/a><\/h6><h6>Montant collect\u00e9 : $13 298 819<\/h6><h4>ROI : -90%<\/h4><p>par 16-07-25<\/p>\t\t\t\t\t\t\t\t<\/div>\n\t\t\t\t<\/div>\n\t\t\t\t<div class=\"elementor-element elementor-element-5ae3559 elementor-widget elementor-widget-image\" data-id=\"5ae3559\" data-element_type=\"widget\" data-widget_type=\"image.default\">\n\t\t\t\t<div class=\"elementor-widget-container\">\n\t\t\t\t\t\t\t\t\t\t\t\t\t\t\t<img alt=\"\" decoding=\"async\" width=\"1024\" height=\"654\" src=\"https:\/\/www.blossom-fund.com\/wp-content\/uploads\/2025\/07\/flockerzmain-1-1024x654.jpg\" class=\"attachment-large size-large wp-image-2123\" srcset=\"https:\/\/www.blossom-fund.com\/wp-content\/uploads\/2025\/07\/flockerzmain-1-1024x654.jpg 1024w, https:\/\/www.blossom-fund.com\/wp-content\/uploads\/2025\/07\/flockerzmain-1-300x191.jpg 300w, https:\/\/www.blossom-fund.com\/wp-content\/uploads\/2025\/07\/flockerzmain-1-768x490.jpg 768w, https:\/\/www.blossom-fund.com\/wp-content\/uploads\/2025\/07\/flockerzmain-1-18x12.jpg 18w, https:\/\/www.blossom-fund.com\/wp-content\/uploads\/2025\/07\/flockerzmain-1.jpg 1371w\" sizes=\"(max-width: 1024px) 100vw, 1024px\" \/>\t\t\t\t\t\t\t\t\t\t\t\t\t\t\t<\/div>\n\t\t\t\t<\/div>\n\t\t\t\t<div class=\"elementor-element elementor-element-5e099bb elementor-widget elementor-widget-image\" data-id=\"5e099bb\" data-element_type=\"widget\" data-widget_type=\"image.default\">\n\t\t\t\t<div class=\"elementor-widget-container\">\n\t\t\t\t\t\t\t\t\t\t\t\t\t\t\t<img alt=\"\" loading=\"lazy\" decoding=\"async\" width=\"1024\" height=\"580\" src=\"https:\/\/www.blossom-fund.com\/wp-content\/uploads\/2025\/07\/flockerzchart-1024x580.jpg\" class=\"attachment-large size-large wp-image-1689\" srcset=\"https:\/\/www.blossom-fund.com\/wp-content\/uploads\/2025\/07\/flockerzchart-1024x580.jpg 1024w, https:\/\/www.blossom-fund.com\/wp-content\/uploads\/2025\/07\/flockerzchart-300x170.jpg 300w, https:\/\/www.blossom-fund.com\/wp-content\/uploads\/2025\/07\/flockerzchart-768x435.jpg 768w, https:\/\/www.blossom-fund.com\/wp-content\/uploads\/2025\/07\/flockerzchart-18x10.jpg 18w, https:\/\/www.blossom-fund.com\/wp-content\/uploads\/2025\/07\/flockerzchart.jpg 1363w\" sizes=\"(max-width: 1024px) 100vw, 1024px\" \/>\t\t\t\t\t\t\t\t\t\t\t\t\t\t\t<\/div>\n\t\t\t\t<\/div>\n\t\t\t\t<div class=\"elementor-element elementor-element-6bb0f36 elementor-widget elementor-widget-text-editor\" data-id=\"6bb0f36\" data-element_type=\"widget\" data-widget_type=\"text-editor.default\">\n\t\t\t\t<div class=\"elementor-widget-container\">\n\t\t\t\t\t\t\t\t\t<h6>Projet : Dogecoin20<\/h6><h6><a href=\"https:\/\/dogecoin20token.com\/en\">https:\/\/dogecoin20token.com\/en<\/a><\/h6><h4>ROI : -92%<\/h4><div>par 16-07-25<\/div>\t\t\t\t\t\t\t\t<\/div>\n\t\t\t\t<\/div>\n\t\t\t\t<div class=\"elementor-element elementor-element-1c5b12e elementor-widget elementor-widget-image\" data-id=\"1c5b12e\" data-element_type=\"widget\" data-widget_type=\"image.default\">\n\t\t\t\t<div class=\"elementor-widget-container\">\n\t\t\t\t\t\t\t\t\t\t\t\t\t\t\t<img alt=\"\" loading=\"lazy\" decoding=\"async\" width=\"1024\" height=\"686\" src=\"https:\/\/www.blossom-fund.com\/wp-content\/uploads\/2025\/07\/dogecoin20main-1024x686.jpg\" class=\"attachment-large size-large wp-image-1688\" srcset=\"https:\/\/www.blossom-fund.com\/wp-content\/uploads\/2025\/07\/dogecoin20main-1024x686.jpg 1024w, https:\/\/www.blossom-fund.com\/wp-content\/uploads\/2025\/07\/dogecoin20main-300x201.jpg 300w, https:\/\/www.blossom-fund.com\/wp-content\/uploads\/2025\/07\/dogecoin20main-768x515.jpg 768w, https:\/\/www.blossom-fund.com\/wp-content\/uploads\/2025\/07\/dogecoin20main-18x12.jpg 18w, https:\/\/www.blossom-fund.com\/wp-content\/uploads\/2025\/07\/dogecoin20main.jpg 1356w\" sizes=\"(max-width: 1024px) 100vw, 1024px\" \/>\t\t\t\t\t\t\t\t\t\t\t\t\t\t\t<\/div>\n\t\t\t\t<\/div>\n\t\t\t\t<div class=\"elementor-element elementor-element-e0a1933 elementor-widget elementor-widget-image\" data-id=\"e0a1933\" data-element_type=\"widget\" data-widget_type=\"image.default\">\n\t\t\t\t<div class=\"elementor-widget-container\">\n\t\t\t\t\t\t\t\t\t\t\t\t\t\t\t<img alt=\"\" loading=\"lazy\" decoding=\"async\" width=\"1024\" height=\"573\" src=\"https:\/\/www.blossom-fund.com\/wp-content\/uploads\/2025\/07\/dogecoin20chart-1024x573.jpg\" class=\"attachment-large size-large wp-image-1687\" srcset=\"https:\/\/www.blossom-fund.com\/wp-content\/uploads\/2025\/07\/dogecoin20chart-1024x573.jpg 1024w, https:\/\/www.blossom-fund.com\/wp-content\/uploads\/2025\/07\/dogecoin20chart-300x168.jpg 300w, https:\/\/www.blossom-fund.com\/wp-content\/uploads\/2025\/07\/dogecoin20chart-768x430.jpg 768w, https:\/\/www.blossom-fund.com\/wp-content\/uploads\/2025\/07\/dogecoin20chart-18x10.jpg 18w, https:\/\/www.blossom-fund.com\/wp-content\/uploads\/2025\/07\/dogecoin20chart.jpg 1364w\" sizes=\"(max-width: 1024px) 100vw, 1024px\" \/>\t\t\t\t\t\t\t\t\t\t\t\t\t\t\t<\/div>\n\t\t\t\t<\/div>\n\t\t\t\t<div class=\"elementor-element elementor-element-de4d500 elementor-widget elementor-widget-text-editor\" data-id=\"de4d500\" data-element_type=\"widget\" data-widget_type=\"text-editor.default\">\n\t\t\t\t<div class=\"elementor-widget-container\">\n\t\t\t\t\t\t\t\t\t<h6>Projet : Pepe Unchained<\/h6><h6><a href=\"https:\/\/pepeunchained.com\/\">https:\/\/pepeunchained.com\/<\/a><\/h6><h6>Montant collect\u00e9 : $73 924 433<\/h6><h4>ROI : -63%<\/h4><div>par 16-07-25<\/div>\t\t\t\t\t\t\t\t<\/div>\n\t\t\t\t<\/div>\n\t\t\t\t<div class=\"elementor-element elementor-element-62dded0 elementor-widget elementor-widget-image\" data-id=\"62dded0\" data-element_type=\"widget\" data-widget_type=\"image.default\">\n\t\t\t\t<div class=\"elementor-widget-container\">\n\t\t\t\t\t\t\t\t\t\t\t\t\t\t\t<img alt=\"\" loading=\"lazy\" decoding=\"async\" width=\"1024\" height=\"706\" src=\"https:\/\/www.blossom-fund.com\/wp-content\/uploads\/2025\/07\/Pepe-unchained-main-1024x706.png\" class=\"attachment-large size-large wp-image-2124\" srcset=\"https:\/\/www.blossom-fund.com\/wp-content\/uploads\/2025\/07\/Pepe-unchained-main-1024x706.png 1024w, https:\/\/www.blossom-fund.com\/wp-content\/uploads\/2025\/07\/Pepe-unchained-main-300x207.png 300w, https:\/\/www.blossom-fund.com\/wp-content\/uploads\/2025\/07\/Pepe-unchained-main-768x529.png 768w, https:\/\/www.blossom-fund.com\/wp-content\/uploads\/2025\/07\/Pepe-unchained-main-18x12.png 18w, https:\/\/www.blossom-fund.com\/wp-content\/uploads\/2025\/07\/Pepe-unchained-main.png 1338w\" sizes=\"(max-width: 1024px) 100vw, 1024px\" \/>\t\t\t\t\t\t\t\t\t\t\t\t\t\t\t<\/div>\n\t\t\t\t<\/div>\n\t\t\t\t<div class=\"elementor-element elementor-element-a0c2afd elementor-widget elementor-widget-image\" data-id=\"a0c2afd\" data-element_type=\"widget\" data-widget_type=\"image.default\">\n\t\t\t\t<div class=\"elementor-widget-container\">\n\t\t\t\t\t\t\t\t\t\t\t\t\t\t\t<img alt=\"\" loading=\"lazy\" decoding=\"async\" width=\"1024\" height=\"483\" src=\"https:\/\/www.blossom-fund.com\/wp-content\/uploads\/2025\/07\/pepeunchainedchart-1024x483.jpg\" class=\"attachment-large size-large wp-image-1697\" srcset=\"https:\/\/www.blossom-fund.com\/wp-content\/uploads\/2025\/07\/pepeunchainedchart-1024x483.jpg 1024w, https:\/\/www.blossom-fund.com\/wp-content\/uploads\/2025\/07\/pepeunchainedchart-300x142.jpg 300w, https:\/\/www.blossom-fund.com\/wp-content\/uploads\/2025\/07\/pepeunchainedchart-768x362.jpg 768w, https:\/\/www.blossom-fund.com\/wp-content\/uploads\/2025\/07\/pepeunchainedchart-18x8.jpg 18w, https:\/\/www.blossom-fund.com\/wp-content\/uploads\/2025\/07\/pepeunchainedchart.jpg 1356w\" sizes=\"(max-width: 1024px) 100vw, 1024px\" \/>\t\t\t\t\t\t\t\t\t\t\t\t\t\t\t<\/div>\n\t\t\t\t<\/div>\n\t\t\t\t\t<\/div>\n\t\t\t\t<\/div>\n\t\t\t\t<\/div>","protected":false},"excerpt":{"rendered":"<p>Meme Coins Meme Coins Pump=Fun Dump not so much Meme Coins are a zero sum game Meme coins are hot. [...]<\/p>","protected":false},"author":1,"featured_media":0,"parent":0,"menu_order":0,"comment_status":"closed","ping_status":"closed","template":"","meta":{"_seopress_robots_primary_cat":"","_seopress_titles_title":"Meme Coins are not always pump and fun","_seopress_titles_desc":"Popular platforms like pump.fun and web3payments offer high risk meme coin investments","_seopress_robots_index":"","site-sidebar-layout":"no-sidebar","site-content-layout":"","ast-site-content-layout":"full-width-container","site-content-style":"default","site-sidebar-style":"default","ast-global-header-display":"","ast-banner-title-visibility":"","ast-main-header-display":"","ast-hfb-above-header-display":"","ast-hfb-below-header-display":"","ast-hfb-mobile-header-display":"","site-post-title":"disabled","ast-breadcrumbs-content":"","ast-featured-img":"disabled","footer-sml-layout":"","theme-transparent-header-meta":"","adv-header-id-meta":"","stick-header-meta":"","header-above-stick-meta":"","header-main-stick-meta":"","header-below-stick-meta":"","astra-migrate-meta-layouts":"default","ast-page-background-enabled":"default","ast-page-background-meta":{"desktop":{"background-color":"var(--ast-global-color-4)","background-image":"","background-repeat":"repeat","background-position":"center center","background-size":"auto","background-attachment":"scroll","background-type":"","background-media":"","overlay-type":"","overlay-color":"","overlay-opacity":"","overlay-gradient":""},"tablet":{"background-color":"","background-image":"","background-repeat":"repeat","background-position":"center center","background-size":"auto","background-attachment":"scroll","background-type":"","background-media":"","overlay-type":"","overlay-color":"","overlay-opacity":"","overlay-gradient":""},"mobile":{"background-color":"","background-image":"","background-repeat":"repeat","background-position":"center center","background-size":"auto","background-attachment":"scroll","background-type":"","background-media":"","overlay-type":"","overlay-color":"","overlay-opacity":"","overlay-gradient":""}},"ast-content-background-meta":{"desktop":{"background-color":"var(--ast-global-color-5)","background-image":"","background-repeat":"repeat","background-position":"center center","background-size":"auto","background-attachment":"scroll","background-type":"","background-media":"","overlay-type":"","overlay-color":"","overlay-opacity":"","overlay-gradient":""},"tablet":{"background-color":"var(--ast-global-color-5)","background-image":"","background-repeat":"repeat","background-position":"center center","background-size":"auto","background-attachment":"scroll","background-type":"","background-media":"","overlay-type":"","overlay-color":"","overlay-opacity":"","overlay-gradient":""},"mobile":{"background-color":"var(--ast-global-color-5)","background-image":"","background-repeat":"repeat","background-position":"center center","background-size":"auto","background-attachment":"scroll","background-type":"","background-media":"","overlay-type":"","overlay-color":"","overlay-opacity":"","overlay-gradient":""}},"footnotes":""},"class_list":["post-1664","page","type-page","status-publish","hentry"],"_links":{"self":[{"href":"https:\/\/www.blossom-fund.com\/fr\/wp-json\/wp\/v2\/pages\/1664","targetHints":{"allow":["GET"]}}],"collection":[{"href":"https:\/\/www.blossom-fund.com\/fr\/wp-json\/wp\/v2\/pages"}],"about":[{"href":"https:\/\/www.blossom-fund.com\/fr\/wp-json\/wp\/v2\/types\/page"}],"author":[{"embeddable":true,"href":"https:\/\/www.blossom-fund.com\/fr\/wp-json\/wp\/v2\/users\/1"}],"replies":[{"embeddable":true,"href":"https:\/\/www.blossom-fund.com\/fr\/wp-json\/wp\/v2\/comments?post=1664"}],"version-history":[{"count":80,"href":"https:\/\/www.blossom-fund.com\/fr\/wp-json\/wp\/v2\/pages\/1664\/revisions"}],"predecessor-version":[{"id":2458,"href":"https:\/\/www.blossom-fund.com\/fr\/wp-json\/wp\/v2\/pages\/1664\/revisions\/2458"}],"wp:attachment":[{"href":"https:\/\/www.blossom-fund.com\/fr\/wp-json\/wp\/v2\/media?parent=1664"}],"curies":[{"name":"wp","href":"https:\/\/api.w.org\/{rel}","templated":true}]}}