{"id":1126,"date":"2025-03-31T09:23:25","date_gmt":"2025-03-31T09:23:25","guid":{"rendered":"https:\/\/www.blossom-fund.com\/?page_id=1126"},"modified":"2025-08-12T11:02:46","modified_gmt":"2025-08-12T09:02:46","slug":"livre-blanc","status":"publish","type":"page","link":"https:\/\/www.blossom-fund.com\/fr\/livre-blanc\/","title":{"rendered":"Livre blanc"},"content":{"rendered":"<div data-elementor-type=\"wp-page\" data-elementor-id=\"1126\" class=\"elementor elementor-1126\">\n\t\t\t\t<div class=\"elementor-element elementor-element-a698cfe e-flex e-con-boxed e-con e-parent\" data-id=\"a698cfe\" data-element_type=\"container\" data-settings=\"{&quot;background_background&quot;:&quot;classic&quot;}\">\n\t\t\t\t\t<div class=\"e-con-inner\">\n\t\t\t\t<div class=\"elementor-element elementor-element-6ed2f69 elementor-widget elementor-widget-heading\" data-id=\"6ed2f69\" data-element_type=\"widget\" data-widget_type=\"heading.default\">\n\t\t\t\t<div class=\"elementor-widget-container\">\n\t\t\t\t\t<h2 class=\"elementor-heading-title elementor-size-default\">Livre blanc<\/h2>\t\t\t\t<\/div>\n\t\t\t\t<\/div>\n\t\t\t\t\t<\/div>\n\t\t\t\t<\/div>\n\t\t<div class=\"elementor-element elementor-element-5bee07af e-flex e-con-boxed e-con e-parent\" data-id=\"5bee07af\" data-element_type=\"container\" data-settings=\"{&quot;background_background&quot;:&quot;classic&quot;}\">\n\t\t\t\t\t<div class=\"e-con-inner\">\n\t\t\t\t<div class=\"elementor-element elementor-element-7df4b637 elementor-widget elementor-widget-text-editor\" data-id=\"7df4b637\" data-element_type=\"widget\" data-widget_type=\"text-editor.default\">\n\t\t\t\t<div class=\"elementor-widget-container\">\n\t\t\t\t\t\t\t\t\t<p><strong>Introduction<\/strong><\/p><p><!-- \/wp:paragraph --><!-- wp:paragraph --><\/p><p>Le Blossom Fund (BLOS) offre une opportunit\u00e9 unique de participer \u00e0 un fonds d'actions g\u00e9r\u00e9 de mani\u00e8re professionnelle par le biais d'un jeton cryptographique. Contrairement aux entreprises cryptographiques typiques \u00e0 haut risque telles que les m\u00e8mes, Blossom Fund suit une approche r\u00e9guli\u00e8re et mesur\u00e9e de la cr\u00e9ation de richesse. Notre philosophie est simple : <strong>Il ne s'agit pas d'un plan pour \"s'enrichir rapidement\", mais d'une strat\u00e9gie pour \"s'enrichir lentement\".<\/strong>.<\/p><p><!-- \/wp:paragraph --><!-- wp:paragraph --><\/p><p class=\"translation-block\">Notre mission est simple : permettre \u00e0 chacun de faire fructifier ses investissements en s'appuyant sur l'expertise de gestionnaires de fonds de premier plan. Traditionnellement, cette gestion financi\u00e8re est r\u00e9serv\u00e9e aux investisseurs institutionnels, mais avec Blossom Fund, tout le monde peut en b\u00e9n\u00e9ficier.<\/p><p><!-- \/wp:paragraph --><!-- wp:separator --><\/p><hr \/><p><!-- \/wp:separator --><!-- wp:paragraph --><\/p><p><strong>\u00a0<\/strong><\/p><p><strong>Une opportunit\u00e9 unique pour les investisseurs<\/strong><\/p><p><!-- \/wp:paragraph --><!-- wp:paragraph --><\/p><p>L'acc\u00e8s \u00e0 une gestion professionnelle des fonds n\u00e9cessite un investissement important, souvent de l'ordre de $500 000 ou plus. <strong>Le Fonds Blossom fait tomber cette barri\u00e8re.<\/strong>Les jetons BLOS permettent \u00e0 tout un chacun de b\u00e9n\u00e9ficier d'une gestion experte des fonds en achetant des jetons BLOS.<\/p><p><!-- \/wp:paragraph --><!-- wp:paragraph --><\/p><p>Avec Blossom Fund, les investisseurs peuvent \"acheter et conserver\" tout en b\u00e9n\u00e9ficiant des rachats de jetons en cours et des br\u00fblages qui r\u00e9duiront r\u00e9guli\u00e8rement l'offre et augmenteront la demande. Cette strat\u00e9gie passive \u00e0 long terme est con\u00e7ue pour produire des rendements significatifs au fil du temps.<\/p><hr \/><p><strong>\u00a0<\/strong><\/p><p><strong>Les b\u00e9n\u00e9fices et la valeur de l'\u00e9conomie traditionnelle alimentent la croissance du jeton BLOS.<\/strong><\/p><p>Les m\u00e8mes n'ont pas de valeur intrins\u00e8que. Toute augmentation de prix est due \u00e0 la FOMO (peur de manquer). En r\u00e9alit\u00e9, l'argent stupide s'\u00e9coule vers l'argent intelligent.<\/p><p><strong>BLOS n'est pas une pi\u00e8ce de monnaie m\u00e8me<\/strong>. Il s'agit d'un jeton cryptographique dont la valeur augmente gr\u00e2ce au rachat et \u00e0 la combustion financ\u00e9s par le rendement des actions de l'\u00e9conomie traditionnelle. Chaque trimestre, le rendement du Blossom Fund sera utilis\u00e9 pour racheter le jeton BLOS sur Uniswap et envoyer ces jetons \u00e0 une adresse de combustion. Au fil du temps <strong>tous les d\u00e9tenteurs du jeton BLOS<\/strong> b\u00e9n\u00e9ficieront de ce m\u00e9canisme.<\/p><p><!-- \/wp:paragraph --><!-- wp:separator --><\/p><hr \/><p><!-- \/wp:separator --><!-- wp:paragraph --><\/p><p><strong>\u00a0<\/strong><\/p><p><!-- \/wp:paragraph --><!-- wp:paragraph --><\/p><p><strong>Aper\u00e7u du concept<\/strong><\/p><p><!-- \/wp:paragraph --><!-- wp:paragraph --><\/p><p>Blossom Fund fonctionne avec 80% de son stock total de tokens (50 millions de tokens) et s'efforce activement de g\u00e9n\u00e9rer de la valeur pour les investisseurs par le biais des m\u00e9canismes suivants :<\/p><p><!-- \/wp:paragraph --><!-- wp:list {\"ordered\":true,\"start\":1} --><\/p><ol start=\"1\"><li style=\"list-style-type: none;\"><ol start=\"1\"><!-- wp:list-item --><\/ol><\/li><\/ol><ol start=\"1\"><li style=\"list-style-type: none;\"><ol start=\"1\"><li class=\"translation-block\"><strong>Investissement de fonds professionnels :<\/strong> $1,5 million sera investi dans des fonds d'actions g\u00e9r\u00e9s par des professionnels. Chaque trimestre, les b\u00e9n\u00e9fices de ces investissements seront utilis\u00e9s pour racheter et br\u00fbler des jetons BLOS, r\u00e9duisant progressivement l'offre de jetons et les rendant plus rares. Au fil du temps, ce m\u00e9canisme est con\u00e7u pour augmenter la valeur du jeton BLOS.<\/li><\/ol><\/li><\/ol><p><!-- \/wp:list-item --><\/p><p><!-- \/wp:list --><!-- wp:list {\"ordered\":true,\"start\":2} --><\/p><ol start=\"2\"><li style=\"list-style-type: none;\"><ol start=\"2\"><!-- wp:list-item --><\/ol><\/li><\/ol><ol start=\"2\"><li style=\"list-style-type: none;\"><ol start=\"2\"><li><strong>Gestion du fonds et co\u00fbts op\u00e9rationnels : <\/strong>\u00a0$15.000 est r\u00e9serv\u00e9 aux frais de gestion courants du fonds, afin de garantir que le fonds reste g\u00e9r\u00e9 et op\u00e9rationnel de mani\u00e8re professionnelle.<\/li><\/ol><\/li><\/ol><p><!-- \/wp:list-item --><\/p><p><!-- \/wp:list --><!-- wp:list {\"ordered\":true,\"start\":3} --><\/p><ol start=\"3\"><li style=\"list-style-type: none;\"><ol start=\"3\"><!-- wp:list-item --><\/ol><\/li><\/ol><ol start=\"3\"><li style=\"list-style-type: none;\"><ol start=\"3\"><li><strong>Marketing :<\/strong> Un montant suppl\u00e9mentaire de $15 000 sera allou\u00e9 pour couvrir les d\u00e9penses de marketing n\u00e9cessaires.<\/li><\/ol><\/li><\/ol><p><!-- \/wp:list-item --><\/p><p><!-- \/wp:list --><!-- wp:list {\"ordered\":true,\"start\":4} --><\/p><ol start=\"4\"><li style=\"list-style-type: none;\"><ol start=\"4\"><!-- wp:list-item --><\/ol><\/li><\/ol><ol start=\"4\"><li style=\"list-style-type: none;\"><ol start=\"4\"><li><strong>R\u00e9serve de liquidit\u00e9s sur Uniswa :<\/strong> Un pool de liquidit\u00e9s de $120.000 et BLOS 1.500.000 sur Uniswap assurera la fluidit\u00e9 et la stabilit\u00e9 des \u00e9changes.<\/li><\/ol><\/li><\/ol><p><!-- \/wp:list-item --><\/p><p><!-- \/wp:list --><!-- wp:list {\"ordered\":true,\"start\":5} --><\/p><ol start=\"5\"><li style=\"list-style-type: none;\"><ol start=\"5\"><!-- wp:list-item --><\/ol><\/li><\/ol><ol start=\"5\"><li style=\"list-style-type: none;\">Les 20% restants de l'offre de jetons sont allou\u00e9s \u00e0 des fonctions cl\u00e9s, notamment l'inscription sur les bourses centralis\u00e9es (CEX) et d\u00e9centralis\u00e9es (DEX), les bonus et les primes d'\u00e9quipe.<\/li><\/ol><p><!-- \/wp:paragraph --><!-- wp:separator --><\/p><hr \/><p><!-- \/wp:separator --><!-- wp:paragraph --><\/p><p><strong>\u00a0<\/strong><\/p><p><strong>D\u00e9tails de la vente de tokens et du lancement<\/strong><\/p><p><!-- \/wp:paragraph --><!-- wp:paragraph --><\/p><p><strong>Pr\u00e9vente (\u00e0 partir du 01-08-2025)<\/strong><\/p><p><!-- \/wp:paragraph --><!-- wp:paragraph --><\/p><p>La pr\u00e9vente des jetons BLOS se d\u00e9roulera en 10 \u00e9tapes avec des incr\u00e9ments de $0,0025 :<\/p><p><!-- \/wp:paragraph --><!-- wp:list {\"ordered\":true,\"start\":1} --><\/p><ol start=\"1\"><li style=\"list-style-type: none;\"><ol start=\"1\"><!-- wp:list-item --><\/ol><\/li><\/ol><ul><li><strong>\u00c9tape 1 :<\/strong> 4 millions de jetons au prix de $0.03<\/li><li><strong>\u00c9tape 2 :<\/strong> 4 millions de jetons au prix de $0.0325<\/li><li><strong>\u00c9tape 3 :<\/strong> 4 millions de jetons au prix de $0.035<\/li><li><strong>\u00c9tape 10 :<\/strong> 4 millions de jetons au prix de $0,0525<\/li><\/ul><p><!-- \/wp:list-item --><!-- wp:list-item --><\/p><p><!-- \/wp:list-item --><!-- wp:list-item --><\/p><p><!-- \/wp:list-item --><!-- wp:list-item --><\/p><p><!-- \/wp:list-item --><\/p><p><!-- \/wp:list --><!-- wp:paragraph --><\/p><p><span lang=\"EN-US\" style=\"font-size: 11.0pt; font-family: 'Verdana',sans-serif; mso-fareast-font-family: Calibri; mso-fareast-theme-font: minor-latin; mso-bidi-font-family: 'Times New Roman'; mso-bidi-theme-font: minor-bidi; mso-ansi-language: EN-US; mso-fareast-language: EN-US; mso-bidi-language: AR-SA;\">\u00a0<\/span><\/p><p><strong>Lancement<\/strong><\/p><p><!-- \/wp:paragraph --><!-- wp:paragraph --><\/p><p><strong>Le jeton BLOS sera officiellement lanc\u00e9 au prix de $0.08.<\/strong>. Une r\u00e9serve de liquidit\u00e9s d'une valeur de <b>$120 000 et 1,5 million de jetons BLOS<\/b>Les jetons seront cr\u00e9\u00e9s sur Uniswap, ce qui garantira la liquidit\u00e9 des \u00e9changes de jetons. <strong>Le pool de liquidit\u00e9s d'Uniswap sera bloqu\u00e9 pendant 2 ans.<\/strong> .<\/p><p><!-- \/wp:paragraph --><!-- wp:separator --><\/p><hr \/><p><!-- \/wp:separator --><!-- wp:paragraph --><\/p><p><strong>\u00a0<\/strong><\/p><p><strong>R\u00e9seau<\/strong><\/p><p><!-- \/wp:paragraph --><!-- wp:paragraph --><\/p><p>Le Blossom Fund fonctionne sur le r\u00e9seau Ethereum, connu pour sa robustesse, sa s\u00e9curit\u00e9 et son accessibilit\u00e9. Les frais de transaction raisonnables et la large base d'utilisateurs d'Ethereum en font un choix id\u00e9al pour le jeton BLOS.<\/p><p><!-- \/wp:paragraph --><!-- wp:separator --><\/p><hr \/><p><!-- \/wp:separator --><!-- wp:paragraph --><\/p><p><strong>\u00a0<\/strong><\/p><p><strong>La tokenomique<\/strong><\/p><p><!-- \/wp:paragraph --><!-- wp:list --><\/p><ul><li style=\"list-style-type: none;\"><ul><!-- wp:list-item --><\/ul><\/li><\/ul><ul><li style=\"list-style-type: none;\"><ul><li><strong>Offre totale :<\/strong> 50.000.000 jetons<\/li><\/ul><\/li><\/ul><p><!-- \/wp:list-item --><!-- wp:list-item --><\/p><ul><li style=\"list-style-type: none;\"><ul><li><strong>Pr\u00e9vente :<\/strong> 40 000 000 jetons<\/li><\/ul><\/li><\/ul><p><!-- \/wp:list-item --><!-- wp:list-item --><\/p><ul><li style=\"list-style-type: none;\"><ul><li><strong>Listes DEX\/CEX :<\/strong> 4 000 000 jetons<\/li><\/ul><\/li><\/ul><p><!-- \/wp:list-item --><!-- wp:list-item --><\/p><ul><li style=\"list-style-type: none;\"><ul><li><strong>Bonus\/R\u00e9f\u00e9rences :<\/strong> 4 000 000 jetons<\/li><\/ul><\/li><\/ul><p><!-- \/wp:list-item --><!-- wp:list-item --><\/p><ul><li style=\"list-style-type: none;\"><ul><li><strong>L'\u00e9quipe :<\/strong> 2 000 000 jetons<\/li><\/ul><\/li><\/ul><p><!-- \/wp:list-item --><\/p><p><!-- \/wp:list --><!-- wp:paragraph --><\/p><p><strong>Adresse du jeton BLOS<\/strong>: 0x22585c8E2A7822a770fAe63B80BA0907bec837d0<\/p><p><!-- \/wp:paragraph --><!-- wp:separator --><\/p><hr \/><p><!-- \/wp:separator --><!-- wp:paragraph --><\/p><p><strong>\u00a0<\/strong><\/p><p><strong>Gestion des fonds et transparence<\/strong><\/p><p><!-- \/wp:paragraph --><!-- wp:paragraph --><\/p><p>Blossom Fund investit dans des fonds d'actions \u00e9tablis et g\u00e9r\u00e9s par des professionnels. Les investisseurs peuvent examiner <strong>rapports trimestriels<\/strong> sur la performance du fonds, y compris des donn\u00e9es d\u00e9taill\u00e9es sur le rendement et la valeur totale du fonds.<\/p><p><!-- \/wp:paragraph --><!-- wp:paragraph --><\/p><p>En liant le jeton BLOS directement \u00e0 un fonds d'actions, Blossom fournit <strong>une base s\u00fbre et professionnelle<\/strong> pour une cr\u00e9ation de valeur \u00e0 long terme. La transparence est essentielle : des mises \u00e0 jour r\u00e9guli\u00e8res sur les progr\u00e8s du fonds seront publi\u00e9es sur notre site web.<\/p><p><!-- \/wp:paragraph --><!-- wp:separator --><\/p><hr \/><p><!-- \/wp:separator --><!-- wp:paragraph --><\/p><p><strong>\u00a0<\/strong><\/p><p><strong>M\u00e9canisme de rachat et de br\u00fblage<\/strong><\/p><p><!-- \/wp:paragraph --><!-- wp:paragraph --><\/p><p>Contrairement \u00e0 d'autres projets cryptographiques qui r\u00e9compensent les investisseurs par des mises, Blossom Fund adopte une approche diff\u00e9rente. Blossom Fund utilisera <strong>les b\u00e9n\u00e9fices du fonds d'actions<\/strong> pour racheter et br\u00fbler des jetons BLOS, <strong>la r\u00e9duction de l'offre et l'augmentation de la demande<\/strong>d. Par exemple, si le fonds r\u00e9alise un b\u00e9n\u00e9fice annuel de 7,5% ($1,5M * 7,5% = $112,500), approximativement <strong>1,4 million de jetons<\/strong> <strong>pourraient \u00eatre br\u00fbl\u00e9s chaque ann\u00e9e<\/strong> au prix de lancement de $0,08. Cela pourrait potentiellement r\u00e9duire l'offre totale de 50 millions \u00e0 43 millions de jetons sur une p\u00e9riode de cinq ans.<\/p><p><!-- \/wp:list-item --><\/p><p><!-- \/wp:list --><!-- wp:paragraph --><\/p><p><!-- \/wp:paragraph --><!-- wp:paragraph --><\/p><p>Pour maintenir la liquidit\u00e9, le m\u00e9canisme de rachat et de combustion cessera lorsque l'offre totale atteindra 25 millions de jetons.<\/p><p><!-- \/wp:paragraph --><!-- wp:separator --><\/p><hr \/><p><!-- \/wp:separator --><!-- wp:paragraph --><\/p><p><strong>\u00a0<\/strong><\/p><p><!-- \/wp:paragraph --><!-- wp:paragraph --><\/p><p><strong>Strat\u00e9gie de marketing<\/strong><\/p><p><!-- \/wp:paragraph --><!-- wp:paragraph --><\/p><p>Blossom Fund d\u00e9ploiera une vari\u00e9t\u00e9 de tactiques de marketing pendant la phase de pr\u00e9vente, y compris :<\/p><p><!-- \/wp:paragraph --><!-- wp:list --><\/p><ul><li style=\"list-style-type: none;\"><ul><!-- wp:list-item --><\/ul><\/li><\/ul><ul><li style=\"list-style-type: none;\"><ul><li>Publicit\u00e9 sur des sites web pertinents<\/li><\/ul><\/li><\/ul><p><!-- \/wp:list-item --><!-- wp:list-item --><\/p><ul><li style=\"list-style-type: none;\"><ul><li>Promotions Dexscreener<\/li><\/ul><\/li><\/ul><p><!-- \/wp:list-item --><!-- wp:list-item --><\/p><ul><li style=\"list-style-type: none;\"><ul><li>Collaborations avec des influenceurs sur YouTube, X (anciennement Twitter) et d'autres plateformes de m\u00e9dias sociaux<\/li><\/ul><\/li><\/ul><p><!-- \/wp:list-item --><\/p><p><!-- \/wp:list --><!-- wp:paragraph --><\/p><p>Les influenceurs se verront offrir une compensation, <strong>y compris un paiement initial de $100 et 2 x 50 000 jetons BLOS<\/strong> distribu\u00e9s 1 et 3 mois apr\u00e8s le lancement.<\/p><p><!-- \/wp:paragraph --><!-- wp:separator --><\/p><hr \/><p><!-- \/wp:separator --><!-- wp:paragraph --><\/p><p><strong>\u00a0<\/strong><\/p><p><strong>L'\u00e9quipe Blossom<\/strong><\/p><p><!-- \/wp:paragraph --><!-- wp:list --><\/p><ul><li style=\"list-style-type: none;\"><ul><!-- wp:list-item --><\/ul><\/li><\/ul><ul><li style=\"list-style-type: none;\"><ul><li><strong>Chef de projet :<\/strong> John (john@blossom-fund.com)<\/li><\/ul><\/li><\/ul><p><!-- \/wp:list-item --><!-- wp:list-item --><\/p><ul><li style=\"list-style-type: none;\"><ul><li><strong>Responsable marketing :<\/strong> Renata (renata@blossom-fund.com)<\/li><\/ul><\/li><\/ul><p><!-- \/wp:list-item --><!-- wp:list-item --><\/p><ul><li style=\"list-style-type: none;\"><ul><li><strong>Responsable technique :<\/strong> Morris (morris@blossom-fund.com)<\/li><\/ul><\/li><\/ul><p><!-- \/wp:list-item --><\/p><p><!-- \/wp:list --><!-- wp:separator --><\/p><hr \/><p><!-- \/wp:separator --><!-- wp:paragraph --><\/p><p><strong>\u00a0<\/strong><\/p><p><strong>Engagement en faveur de la transparence et de la confiance des investisseurs<\/strong><\/p><p><!-- \/wp:paragraph --><!-- wp:paragraph --><\/p><p>Le Fonds Blossom s'engage \u00e0 fournir <strong>transparence totale<\/strong> \u00e0 ses investisseurs :<\/p><p><!-- \/wp:paragraph --><!-- wp:list {\"ordered\":true,\"start\":1} --><\/p><ol start=\"1\"><li style=\"list-style-type: none;\"><ol start=\"1\"><!-- wp:list-item --><\/ol><\/li><\/ol><ol start=\"1\"><li style=\"list-style-type: none;\"><ol start=\"1\"><li><strong>Rapports trimestriels sur les fonds :<\/strong> Des rapports d\u00e9taill\u00e9s sur les performances des fonds seront mis \u00e0 la disposition du public sur notre site web.<\/li><\/ol><\/li><\/ol><p><!-- \/wp:list-item --><\/p><p><!-- \/wp:list --><!-- wp:list {\"ordered\":true,\"start\":2} --><\/p><ol start=\"2\"><li style=\"list-style-type: none;\"><ol start=\"2\"><!-- wp:list-item --><\/ol><\/li><\/ol><ol start=\"2\"><li style=\"list-style-type: none;\"><ol start=\"2\"><li><strong>Filet de s\u00e9curit\u00e9 des prix :<\/strong> Le Fonds Blossom soutiendra le prix des jetons BLOS en achetant des jetons \u00e0 un taux de <strong>prix plancher de $0.02<\/strong>. Une partie du fonds sera allou\u00e9e \u00e0 <strong>maintenir ce filet de s\u00e9curit\u00e9<\/strong>Ce qui contribue \u00e0 renforcer la confiance du march\u00e9.<\/li><\/ol><\/li><\/ol><p><!-- \/wp:list-item --><\/p><p><!-- \/wp:list --><!-- wp:list {\"ordered\":true,\"start\":3} --><\/p><ol start=\"3\"><li style=\"list-style-type: none;\"><ol start=\"3\"><!-- wp:list-item --><\/ol><\/li><\/ol><ol start=\"3\"><li style=\"list-style-type: none;\"><ol start=\"3\"><li><strong>Visibilit\u00e9 de l'adresse de combustion :<\/strong> L'adresse de combustion sera visible publiquement sur le site Web de Blossom Fund, ce qui permettra aux investisseurs de suivre chaque combustion de jeton.<\/li><\/ol><\/li><\/ol><p><!-- \/wp:list-item --><\/p><p><!-- \/wp:list --><!-- wp:separator --><\/p><hr \/><p><!-- \/wp:separator --><!-- wp:paragraph --><\/p><p><strong>FAQ<\/strong><\/p><p><!-- \/wp:paragraph --><!-- wp:list {\"ordered\":true,\"start\":1} --><\/p><ol start=\"1\"><li style=\"list-style-type: none;\"><ol start=\"1\"><!-- wp:list-item --><\/ol><\/li><\/ol><ol start=\"1\"><li style=\"list-style-type: none;\"><ol start=\"1\"><li><strong>O\u00f9 puis-je suivre les portefeuilles du projet ?<\/strong><\/li><\/ol><\/li><\/ol><p><!-- \/wp:list-item --><\/p><p><!-- \/wp:list --><!-- wp:paragraph --><\/p><p>Vous pouvez utiliser un explorateur de blockchain comme etherscan pour voir et surveiller les portefeuilles du projet. Nous utilisons 4 portefeuilles diff\u00e9rents :<\/p><p><!-- \/wp:paragraph --><!-- wp:paragraph --><\/p><p>1. Portefeuille de pr\u00e9vente : 0xC0Fb55c12eAa5aF22A86A0FB3Bc1F2145776C02C<\/p><p><!-- \/wp:paragraph --><!-- wp:paragraph --><\/p><p>2. Portefeuille marketing : 0xdFcAF43CE9AE57412AABF42683eEE4d313AeB74E<\/p><p><!-- \/wp:paragraph --><!-- wp:paragraph --><\/p><p>3. Portefeuille de l'\u00e9quipe : 0xd2fC87D35A03c976e50BdcDA8e662B24EED7851E<\/p><p><!-- \/wp:paragraph --><!-- wp:paragraph --><\/p><p>4. Racheter et br\u00fbler le portefeuille : 0x1C67b17270c3236AD9f2b0857E6524A838a3Ab21<\/p><p><!-- \/wp:paragraph --><!-- wp:list {\"ordered\":true,\"start\":2} --><\/p><ol start=\"2\"><li style=\"list-style-type: none;\"><ol start=\"2\"><!-- wp:list-item --><\/ol><\/li><\/ol><ol start=\"2\"><li style=\"list-style-type: none;\"><ol start=\"2\"><li><strong>Pourquoi le risque d'investir dans le jeton BLOS est-il limit\u00e9 ?<\/strong><\/li><\/ol><\/li><\/ol><p><!-- \/wp:list-item --><\/p><p><!-- \/wp:list --><!-- wp:paragraph --><\/p><p>Chaque trimestre, le b\u00e9n\u00e9fice (rendement) du fonds blossom sera utilis\u00e9 pour racheter et br\u00fbler le jeton BLOS. Cela limitera l'offre et avec une demande d\u00e9cente, le prix du jeton augmentera typiquement.<\/p><p><!-- \/wp:paragraph --><!-- wp:paragraph --><\/p><p>Un autre facteur est que l'\u00e9quipe soutiendra le prix du jeton BLOS en achetant des jetons si le prix atteint $0.02. Une partie du fonds sera allou\u00e9e au maintien de ce filet de s\u00e9curit\u00e9, ce qui contribuera \u00e0 renforcer la confiance du march\u00e9.<\/p><p><!-- \/wp:paragraph --><!-- wp:list {\"ordered\":true,\"start\":3} --><\/p><ol start=\"3\"><li style=\"list-style-type: none;\"><ol start=\"3\"><!-- wp:list-item --><\/ol><\/li><\/ol><ol start=\"3\"><li style=\"list-style-type: none;\"><ol start=\"3\"><li><strong>Sur quelle plateforme de m\u00e9dias sociaux puis-je suivre vos activit\u00e9s ?<\/strong><\/li><\/ol><\/li><\/ol><p><!-- \/wp:list-item --><\/p><p><!-- \/wp:list --><!-- wp:paragraph --><\/p><p>Nous fournissons une assistance sur notre canal public Telegram :\u00a0<a href=\"https:\/\/t.me\/+mhgx-yZUTu44OWNk\"><span style=\"font-family: Verdana, sans-serif; font-size: 11pt; text-align: var(--text-align); background-color: var( --e-global-color-astglobalcolor4 ); color: var(--ast-global-color-3);\">https:\/\/t.me\/+mhgx-yZUTu44OWNk<\/span><\/a><\/p><p><!-- \/wp:paragraph --><!-- wp:paragraph --><\/p><p>Nos efforts de marketing peuvent \u00eatre suivis sur X : <a href=\"https:\/\/x.com\/Renata_blos\">https:\/\/x.com\/Renata_blos<\/a><\/p><p><!-- \/wp:paragraph --><!-- wp:list {\"ordered\":true,\"start\":4} --><\/p><ol start=\"4\"><li style=\"list-style-type: none;\"><ol start=\"4\"><!-- wp:list-item --><\/ol><\/li><\/ol><ol start=\"4\"><li style=\"list-style-type: none;\"><ol start=\"4\"><li><strong>Quand la pr\u00e9vente se terminera-t-elle ?<\/strong><\/li><\/ol><\/li><\/ol><p><!-- \/wp:list-item --><\/p><p><!-- \/wp:list --><!-- wp:paragraph --><\/p><p>La pr\u00e9vente prendra fin lorsque les 40 000 000 de jetons auront \u00e9t\u00e9 vendus.<\/p><p><!-- \/wp:paragraph --><!-- wp:list {\"ordered\":true,\"start\":5} --><\/p><ol start=\"5\"><li style=\"list-style-type: none;\"><ol start=\"5\"><!-- wp:list-item --><\/ol><\/li><\/ol><ol start=\"5\"><li style=\"list-style-type: none;\"><ol start=\"5\"><li><strong>Quelle est l'adresse du jeton et sur quel r\u00e9seau le jeton sera-t-il lanc\u00e9 ?<\/strong>\u00a0<\/li><\/ol><\/li><\/ol><p>Le jeton sera lanc\u00e9 sur le r\u00e9seau Ethereum, connu pour sa robustesse, sa s\u00e9curit\u00e9 et son accessibilit\u00e9. Les frais de transaction raisonnables et la large base d'utilisateurs d'Ethereum en font un choix id\u00e9al pour le jeton BLOS.<\/p><p><!-- \/wp:list-item --><\/p><p><!-- \/wp:list --><!-- wp:paragraph --><\/p><p><strong>L'adresse du jeton est la suivante 0x22585c8E2A7822a770fAe63B80BA0907bec837d0<\/strong><\/p><p><!-- \/wp:paragraph --><!-- wp:paragraph --><\/p><p><strong>Ce livre blanc peut \u00eatre t\u00e9l\u00e9charg\u00e9 en anglais ici :\u00a0 <a href=\"https:\/\/www.blossom-fund.com\/wp-content\/uploads\/2025\/08\/BLOSSOM-FUND-Whitepaper.pdf\">Livre blanc du Fonds Blossom<\/a><\/strong><\/p><p><!-- \/wp:paragraph --><\/p>\t\t\t\t\t\t\t\t<\/div>\n\t\t\t\t<\/div>\n\t\t\t\t\t<\/div>\n\t\t\t\t<\/div>\n\t\t\t\t<\/div>","protected":false},"excerpt":{"rendered":"<p>Livre blanc Introduction Le Fonds Blossom (BLOS) offre une occasion unique de participer \u00e0 un fonds d'actions g\u00e9r\u00e9 par des professionnels par l'entremise de [...]<\/p>","protected":false},"author":1,"featured_media":0,"parent":0,"menu_order":0,"comment_status":"closed","ping_status":"closed","template":"","meta":{"_seopress_robots_primary_cat":"","_seopress_titles_title":"This white paper explains all details about the project","_seopress_titles_desc":"The blossom fund white paper explains all details about the blossom fund project","_seopress_robots_index":"","site-sidebar-layout":"no-sidebar","site-content-layout":"","ast-site-content-layout":"normal-width-container","site-content-style":"default","site-sidebar-style":"default","ast-global-header-display":"","ast-banner-title-visibility":"","ast-main-header-display":"","ast-hfb-above-header-display":"","ast-hfb-below-header-display":"","ast-hfb-mobile-header-display":"","site-post-title":"disabled","ast-breadcrumbs-content":"","ast-featured-img":"","footer-sml-layout":"","theme-transparent-header-meta":"enabled","adv-header-id-meta":"","stick-header-meta":"","header-above-stick-meta":"","header-main-stick-meta":"","header-below-stick-meta":"","astra-migrate-meta-layouts":"default","ast-page-background-enabled":"default","ast-page-background-meta":{"desktop":{"background-color":"var(--ast-global-color-4)","background-image":"","background-repeat":"repeat","background-position":"center center","background-size":"auto","background-attachment":"scroll","background-type":"","background-media":"","overlay-type":"","overlay-color":"","overlay-opacity":"","overlay-gradient":""},"tablet":{"background-color":"","background-image":"","background-repeat":"repeat","background-position":"center center","background-size":"auto","background-attachment":"scroll","background-type":"","background-media":"","overlay-type":"","overlay-color":"","overlay-opacity":"","overlay-gradient":""},"mobile":{"background-color":"","background-image":"","background-repeat":"repeat","background-position":"center center","background-size":"auto","background-attachment":"scroll","background-type":"","background-media":"","overlay-type":"","overlay-color":"","overlay-opacity":"","overlay-gradient":""}},"ast-content-background-meta":{"desktop":{"background-color":"var(--ast-global-color-5)","background-image":"","background-repeat":"repeat","background-position":"center center","background-size":"auto","background-attachment":"scroll","background-type":"","background-media":"","overlay-type":"","overlay-color":"","overlay-opacity":"","overlay-gradient":""},"tablet":{"background-color":"var(--ast-global-color-5)","background-image":"","background-repeat":"repeat","background-position":"center center","background-size":"auto","background-attachment":"scroll","background-type":"","background-media":"","overlay-type":"","overlay-color":"","overlay-opacity":"","overlay-gradient":""},"mobile":{"background-color":"var(--ast-global-color-5)","background-image":"","background-repeat":"repeat","background-position":"center center","background-size":"auto","background-attachment":"scroll","background-type":"","background-media":"","overlay-type":"","overlay-color":"","overlay-opacity":"","overlay-gradient":""}},"footnotes":""},"class_list":["post-1126","page","type-page","status-publish","hentry"],"_links":{"self":[{"href":"https:\/\/www.blossom-fund.com\/fr\/wp-json\/wp\/v2\/pages\/1126","targetHints":{"allow":["GET"]}}],"collection":[{"href":"https:\/\/www.blossom-fund.com\/fr\/wp-json\/wp\/v2\/pages"}],"about":[{"href":"https:\/\/www.blossom-fund.com\/fr\/wp-json\/wp\/v2\/types\/page"}],"author":[{"embeddable":true,"href":"https:\/\/www.blossom-fund.com\/fr\/wp-json\/wp\/v2\/users\/1"}],"replies":[{"embeddable":true,"href":"https:\/\/www.blossom-fund.com\/fr\/wp-json\/wp\/v2\/comments?post=1126"}],"version-history":[{"count":28,"href":"https:\/\/www.blossom-fund.com\/fr\/wp-json\/wp\/v2\/pages\/1126\/revisions"}],"predecessor-version":[{"id":2447,"href":"https:\/\/www.blossom-fund.com\/fr\/wp-json\/wp\/v2\/pages\/1126\/revisions\/2447"}],"wp:attachment":[{"href":"https:\/\/www.blossom-fund.com\/fr\/wp-json\/wp\/v2\/media?parent=1126"}],"curies":[{"name":"wp","href":"https:\/\/api.w.org\/{rel}","templated":true}]}}