{"id":765,"date":"2024-11-29T12:20:32","date_gmt":"2024-11-29T12:20:32","guid":{"rendered":"https:\/\/www.blossom-fund.com\/index.php\/services\/"},"modified":"2025-08-20T12:31:10","modified_gmt":"2025-08-20T10:31:10","slug":"promete","status":"publish","type":"page","link":"https:\/\/www.blossom-fund.com\/es\/promete\/","title":{"rendered":"Nuestras promesas"},"content":{"rendered":"<div data-elementor-type=\"wp-page\" data-elementor-id=\"765\" class=\"elementor elementor-765\">\n\t\t\t\t<div class=\"elementor-element elementor-element-69de8c0 e-flex e-con-boxed e-con e-parent\" data-id=\"69de8c0\" data-element_type=\"container\" data-settings=\"{&quot;background_background&quot;:&quot;classic&quot;}\">\n\t\t\t\t\t<div class=\"e-con-inner\">\n\t\t\t\t<div class=\"elementor-element elementor-element-53e8d7b elementor-widget elementor-widget-heading\" data-id=\"53e8d7b\" data-element_type=\"widget\" data-widget_type=\"heading.default\">\n\t\t\t\t<div class=\"elementor-widget-container\">\n\t\t\t\t\t<h1 class=\"elementor-heading-title elementor-size-default\">Nuestras promesas<\/h1>\t\t\t\t<\/div>\n\t\t\t\t<\/div>\n\t\t\t\t<div class=\"elementor-element elementor-element-2757b43 elementor-widget-divider--view-line elementor-widget elementor-widget-divider\" data-id=\"2757b43\" data-element_type=\"widget\" data-widget_type=\"divider.default\">\n\t\t\t\t<div class=\"elementor-widget-container\">\n\t\t\t\t\t\t\t<div class=\"elementor-divider\">\n\t\t\t<span class=\"elementor-divider-separator\">\n\t\t\t\t\t\t<\/span>\n\t\t<\/div>\n\t\t\t\t\t\t<\/div>\n\t\t\t\t<\/div>\n\t\t\t\t\t<\/div>\n\t\t\t\t<\/div>\n\t\t<div class=\"elementor-element elementor-element-7e50b6d e-flex e-con-boxed e-con e-parent\" data-id=\"7e50b6d\" data-element_type=\"container\" data-settings=\"{&quot;background_background&quot;:&quot;classic&quot;}\">\n\t\t\t\t\t<div class=\"e-con-inner\">\n\t\t<div class=\"elementor-element elementor-element-d901e05 e-con-full e-flex e-con e-child\" data-id=\"d901e05\" data-element_type=\"container\">\n\t\t<div class=\"elementor-element elementor-element-26e6360 e-con-full e-flex e-con e-child\" data-id=\"26e6360\" data-element_type=\"container\">\n\t\t\t\t<div class=\"elementor-element elementor-element-45f24cf elementor-widget elementor-widget-heading\" data-id=\"45f24cf\" data-element_type=\"widget\" data-widget_type=\"heading.default\">\n\t\t\t\t<div class=\"elementor-widget-container\">\n\t\t\t\t\t<h6 class=\"elementor-heading-title elementor-size-default\">01<\/h6>\t\t\t\t<\/div>\n\t\t\t\t<\/div>\n\t\t\t\t<div class=\"elementor-element elementor-element-56b9fce elementor-widget elementor-widget-icon-box\" data-id=\"56b9fce\" data-element_type=\"widget\" data-widget_type=\"icon-box.default\">\n\t\t\t\t<div class=\"elementor-widget-container\">\n\t\t\t\t\t\t\t<div class=\"elementor-icon-box-wrapper\">\n\n\t\t\t\n\t\t\t\t\t\t<div class=\"elementor-icon-box-content\">\n\n\t\t\t\t\t\t\t\t\t<h3 class=\"elementor-icon-box-title\">\n\t\t\t\t\t\t<span  >\n\t\t\t\t\t\t\tCompromiso con la transparencia y la confianza de los inversores\t\t\t\t\t\t<\/span>\n\t\t\t\t\t<\/h3>\n\t\t\t\t\n\t\t\t\t\t\t\t\t\t<p class=\"elementor-icon-box-description\">\n\t\t\t\t\t\tBlossom Fund se compromete a ofrecer total transparencia a sus inversores:<br><br>\n\n1.\t<b>Informes trimestrales de los fondos:<\/b> Los informes detallados sobre la rentabilidad de los fondos se pondr\u00e1n a disposici\u00f3n del p\u00fablico en nuestro sitio web.<br><br>\n\n2.\t<b>Red de seguridad de precios:<\/b> Blossom Fund apoyar\u00e1 el precio del token BLOS comprando tokens <b>a un precio m\u00ednimo de $0,02<\/b>. Una parte del fondo se destinar\u00e1 a mantener esta red de seguridad, contribuyendo as\u00ed a reforzar la confianza del mercado.<br>\n<br>\n3.\t<b>Quemar la visibilidad de la direcci\u00f3n: <\/b>La direcci\u00f3n de la quema ser\u00e1 visible en el sitio web de Blossom Fund, lo que permitir\u00e1 a los inversores hacer un seguimiento en l\u00ednea de cada quema de fichas.<br>\n<br>\n4. <b>Contrato de token seguro: <\/b>El contrato de tokens BLOS ha sido verificado por Skynet Certik y ha recibido una puntuaci\u00f3n de 100: <a href=\"https:\/\/skynet.certik.com\/tools\/token-scan\/eth\/0x22585c8E2A7822a770fAe63B80BA0907bec837d0\">https:\/\/skynet.certik.com<\/a>\n\n\t\t\t\t\t<\/p>\n\t\t\t\t\n\t\t\t<\/div>\n\t\t\t\n\t\t<\/div>\n\t\t\t\t\t\t<\/div>\n\t\t\t\t<\/div>\n\t\t\t\t<\/div>\n\t\t<div class=\"elementor-element elementor-element-0c893ef e-con-full e-flex e-con e-child\" data-id=\"0c893ef\" data-element_type=\"container\" data-settings=\"{&quot;background_background&quot;:&quot;classic&quot;}\">\n\t\t\t\t<div class=\"elementor-element elementor-element-aa25285 elementor-widget elementor-widget-heading\" data-id=\"aa25285\" data-element_type=\"widget\" data-widget_type=\"heading.default\">\n\t\t\t\t<div class=\"elementor-widget-container\">\n\t\t\t\t\t<h4 class=\"elementor-heading-title elementor-size-default\">Puntuaci\u00f3n perfecta del esc\u00e1ner de tokens de Skynet Certik \n\n<\/h4>\t\t\t\t<\/div>\n\t\t\t\t<\/div>\n\t\t\t\t<div class=\"elementor-element elementor-element-2959c4b elementor-widget elementor-widget-image\" data-id=\"2959c4b\" data-element_type=\"widget\" data-widget_type=\"image.default\">\n\t\t\t\t<div class=\"elementor-widget-container\">\n\t\t\t\t\t\t\t\t\t\t\t\t\t\t\t\t<a href=\"https:\/\/skynet.certik.com\/tools\/token-scan\/eth\/0x22585c8E2A7822a770fAe63B80BA0907bec837d0\">\n\t\t\t\t\t\t\t<img alt=\"\" fetchpriority=\"high\" decoding=\"async\" width=\"820\" height=\"820\" src=\"https:\/\/www.blossom-fund.com\/wp-content\/uploads\/2025\/07\/Blos-Certik-Skynet-100-820.png\" class=\"attachment-large size-large wp-image-2004\" srcset=\"https:\/\/www.blossom-fund.com\/wp-content\/uploads\/2025\/07\/Blos-Certik-Skynet-100-820.png 820w, https:\/\/www.blossom-fund.com\/wp-content\/uploads\/2025\/07\/Blos-Certik-Skynet-100-820-300x300.png 300w, https:\/\/www.blossom-fund.com\/wp-content\/uploads\/2025\/07\/Blos-Certik-Skynet-100-820-150x150.png 150w, https:\/\/www.blossom-fund.com\/wp-content\/uploads\/2025\/07\/Blos-Certik-Skynet-100-820-768x768.png 768w, https:\/\/www.blossom-fund.com\/wp-content\/uploads\/2025\/07\/Blos-Certik-Skynet-100-820-12x12.png 12w\" sizes=\"(max-width: 820px) 100vw, 820px\" \/>\t\t\t\t\t\t\t\t<\/a>\n\t\t\t\t\t\t\t\t\t\t\t\t\t\t\t<\/div>\n\t\t\t\t<\/div>\n\t\t\t\t<\/div>\n\t\t\t\t<\/div>\n\t\t\t\t<div class=\"elementor-element elementor-element-034f111 elementor-widget__width-inherit elementor-widget-divider--view-line elementor-widget elementor-widget-divider\" data-id=\"034f111\" data-element_type=\"widget\" data-widget_type=\"divider.default\">\n\t\t\t\t<div class=\"elementor-widget-container\">\n\t\t\t\t\t\t\t<div class=\"elementor-divider\">\n\t\t\t<span class=\"elementor-divider-separator\">\n\t\t\t\t\t\t<\/span>\n\t\t<\/div>\n\t\t\t\t\t\t<\/div>\n\t\t\t\t<\/div>\n\t\t<div class=\"elementor-element elementor-element-c58e727 e-con-full e-flex e-con e-child\" data-id=\"c58e727\" data-element_type=\"container\" data-settings=\"{&quot;background_background&quot;:&quot;classic&quot;}\">\n\t\t\t\t<\/div>\n\t\t<div class=\"elementor-element elementor-element-1e71b20 e-con-full e-flex e-con e-child\" data-id=\"1e71b20\" data-element_type=\"container\">\n\t\t\t\t<div class=\"elementor-element elementor-element-8ad108a elementor-widget elementor-widget-heading\" data-id=\"8ad108a\" data-element_type=\"widget\" data-widget_type=\"heading.default\">\n\t\t\t\t<div class=\"elementor-widget-container\">\n\t\t\t\t\t<h6 class=\"elementor-heading-title elementor-size-default\">02<\/h6>\t\t\t\t<\/div>\n\t\t\t\t<\/div>\n\t\t\t\t<div class=\"elementor-element elementor-element-348ee14 elementor-widget elementor-widget-icon-box\" data-id=\"348ee14\" data-element_type=\"widget\" data-widget_type=\"icon-box.default\">\n\t\t\t\t<div class=\"elementor-widget-container\">\n\t\t\t\t\t\t\t<div class=\"elementor-icon-box-wrapper\">\n\n\t\t\t\n\t\t\t\t\t\t<div class=\"elementor-icon-box-content\">\n\n\t\t\t\t\t\t\t\t\t<h3 class=\"elementor-icon-box-title\">\n\t\t\t\t\t\t<span  >\n\t\t\t\t\t\t\tGesti\u00f3n profesional de fondos\t\t\t\t\t\t<\/span>\n\t\t\t\t\t<\/h3>\n\t\t\t\t\n\t\t\t\t\t\t\t\t\t<p class=\"elementor-icon-box-description\">\n\t\t\t\t\t\tBlossom Fund invierte en fondos de renta variable consolidados y gestionados profesionalmente. Los inversores pueden consultar informes mensuales sobre la rentabilidad del fondo, con datos detallados sobre el rendimiento y el valor total del fondo.<br><br>\n\nVinculando el token BLOS directamente a un fondo de acciones, <b>Blossom Fund proporciona una base segura y profesional<\/b> para la creaci\u00f3n de valor a largo plazo. La transparencia es fundamental: en nuestro sitio web se publicar\u00e1n actualizaciones peri\u00f3dicas sobre la evoluci\u00f3n del fondo.<br>\n\t\t\t\t\t<\/p>\n\t\t\t\t\n\t\t\t<\/div>\n\t\t\t\n\t\t<\/div>\n\t\t\t\t\t\t<\/div>\n\t\t\t\t<\/div>\n\t\t\t\t<\/div>\n\t\t\t\t<div class=\"elementor-element elementor-element-e542bb1 elementor-widget__width-inherit elementor-widget-divider--view-line elementor-widget elementor-widget-divider\" data-id=\"e542bb1\" data-element_type=\"widget\" data-widget_type=\"divider.default\">\n\t\t\t\t<div class=\"elementor-widget-container\">\n\t\t\t\t\t\t\t<div class=\"elementor-divider\">\n\t\t\t<span class=\"elementor-divider-separator\">\n\t\t\t\t\t\t<\/span>\n\t\t<\/div>\n\t\t\t\t\t\t<\/div>\n\t\t\t\t<\/div>\n\t\t<div class=\"elementor-element elementor-element-34075b8 e-con-full e-flex e-con e-child\" data-id=\"34075b8\" data-element_type=\"container\">\n\t\t<div class=\"elementor-element elementor-element-82643f7 e-con-full e-flex e-con e-child\" data-id=\"82643f7\" data-element_type=\"container\">\n\t\t\t\t<div class=\"elementor-element elementor-element-497ceff elementor-widget elementor-widget-heading\" data-id=\"497ceff\" data-element_type=\"widget\" data-widget_type=\"heading.default\">\n\t\t\t\t<div class=\"elementor-widget-container\">\n\t\t\t\t\t<h6 class=\"elementor-heading-title elementor-size-default\">03<\/h6>\t\t\t\t<\/div>\n\t\t\t\t<\/div>\n\t\t\t\t<div class=\"elementor-element elementor-element-d0eaca3 elementor-widget elementor-widget-icon-box\" data-id=\"d0eaca3\" data-element_type=\"widget\" data-widget_type=\"icon-box.default\">\n\t\t\t\t<div class=\"elementor-widget-container\">\n\t\t\t\t\t\t\t<div class=\"elementor-icon-box-wrapper\">\n\n\t\t\t\n\t\t\t\t\t\t<div class=\"elementor-icon-box-content\">\n\n\t\t\t\t\t\t\t\t\t<h3 class=\"elementor-icon-box-title\">\n\t\t\t\t\t\t<span  >\n\t\t\t\t\t\t\tMecanismo de recompra y quema\n\n\t\t\t\t\t\t<\/span>\n\t\t\t\t\t<\/h3>\n\t\t\t\t\n\t\t\t\t\t\t\t\t\t<p class=\"elementor-icon-box-description\">\n\t\t\t\t\t\tA diferencia de otros criptoproyectos que recompensan a los inversores mediante apuestas, Blossom Fund adopta un enfoque diferente.\n\nBlossom Fund utilizar\u00e1 los beneficios del fondo de acciones para recomprar y quemar tokens BLOS, <b>reduciendo la oferta y aumentando la demanda.<\/b><br><br>Por ejemplo, si el fondo obtiene un beneficio anual de 7,5% ($1,5M * 7,5% = $112.500), aproximadamente <b>Se quemar\u00e1n 1,4 millones de fichas al a\u00f1o <\/b> basado en el precio de lanzamiento de $0,08. Esto podr\u00eda reducir la oferta total de 50 millones a 43 millones de fichas en cinco a\u00f1os.<br><br>\nPara mantener la liquidez, el mecanismo de recompra y quema cesar\u00e1 cuando la oferta total alcance los 25 millones de fichas.\n\t\t\t\t\t<\/p>\n\t\t\t\t\n\t\t\t<\/div>\n\t\t\t\n\t\t<\/div>\n\t\t\t\t\t\t<\/div>\n\t\t\t\t<\/div>\n\t\t\t\t<\/div>\n\t\t<div class=\"elementor-element elementor-element-e25012f e-con-full e-flex e-con e-child\" data-id=\"e25012f\" data-element_type=\"container\" data-settings=\"{&quot;background_background&quot;:&quot;classic&quot;}\">\n\t\t\t\t<\/div>\n\t\t\t\t<\/div>\n\t\t\t\t<div class=\"elementor-element elementor-element-d61312f elementor-widget__width-inherit elementor-widget-divider--view-line elementor-widget elementor-widget-divider\" data-id=\"d61312f\" data-element_type=\"widget\" data-widget_type=\"divider.default\">\n\t\t\t\t<div class=\"elementor-widget-container\">\n\t\t\t\t\t\t\t<div class=\"elementor-divider\">\n\t\t\t<span class=\"elementor-divider-separator\">\n\t\t\t\t\t\t<\/span>\n\t\t<\/div>\n\t\t\t\t\t\t<\/div>\n\t\t\t\t<\/div>\n\t\t<div class=\"elementor-element elementor-element-c50e49a e-con-full e-flex e-con e-child\" data-id=\"c50e49a\" data-element_type=\"container\" data-settings=\"{&quot;background_background&quot;:&quot;classic&quot;}\">\n\t\t\t\t<\/div>\n\t\t<div class=\"elementor-element elementor-element-a457687 e-con-full e-flex e-con e-child\" data-id=\"a457687\" data-element_type=\"container\">\n\t\t\t\t<div class=\"elementor-element elementor-element-85db5a8 elementor-widget elementor-widget-heading\" data-id=\"85db5a8\" data-element_type=\"widget\" data-widget_type=\"heading.default\">\n\t\t\t\t<div class=\"elementor-widget-container\">\n\t\t\t\t\t<h6 class=\"elementor-heading-title elementor-size-default\">04<\/h6>\t\t\t\t<\/div>\n\t\t\t\t<\/div>\n\t\t\t\t<div class=\"elementor-element elementor-element-bf73553 elementor-widget elementor-widget-icon-box\" data-id=\"bf73553\" data-element_type=\"widget\" data-widget_type=\"icon-box.default\">\n\t\t\t\t<div class=\"elementor-widget-container\">\n\t\t\t\t\t\t\t<div class=\"elementor-icon-box-wrapper\">\n\n\t\t\t\n\t\t\t\t\t\t<div class=\"elementor-icon-box-content\">\n\n\t\t\t\t\t\t\t\t\t<h3 class=\"elementor-icon-box-title\">\n\t\t\t\t\t\t<span  >\n\t\t\t\t\t\t\tEstrategia de marketing\t\t\t\t\t\t<\/span>\n\t\t\t\t\t<\/h3>\n\t\t\t\t\n\t\t\t\t\t\t\t\t\t<p class=\"elementor-icon-box-description\">\n\t\t\t\t\t\tBlossom Fund desplegar\u00e1 diversas t\u00e1cticas de marketing durante la fase de preventa, entre las que se incluyen:<br><br>\n\n-\t<b>Publicidad en sitios web relevantes<\/b><br><br>\n-\t<b>Comunicados de prensa en sitios de noticias sobre criptomonedas a trav\u00e9s de Chainwire: <a href=\"https:\/\/app.chainwire.org\/report\/LNyrwtjc\">Informe de cobertura<\/a><\/b><br><br>\n-\t<b>Promociones Dexscreener<\/b><br><br>\n-\t<b>Colaboraciones con personas influyentes<\/b> en YouTube, X (antes Twitter) y otras redes sociales<br>\n<br>\nA los influencers se les ofrecer\u00e1 una compensaci\u00f3n, que incluye un pago inicial de $50\/$100 (dependiendo del n\u00famero de seguidores) y 2 x 50.000 tokens BLOS distribuidos 1 y 3 meses despu\u00e9s del lanzamiento. <b>Los influencers deben promocionar el proyecto al menos 3 veces por semana.<\/b> para seguir optando a las recompensas.\n\t\t\t\t\t<\/p>\n\t\t\t\t\n\t\t\t<\/div>\n\t\t\t\n\t\t<\/div>\n\t\t\t\t\t\t<\/div>\n\t\t\t\t<\/div>\n\t\t\t\t<\/div>\n\t\t\t\t\t<\/div>\n\t\t\t\t<\/div>\n\t\t\t\t<\/div>","protected":false},"excerpt":{"rendered":"<p>Our promises 01 Commitment to transparency and investor confidence Blossom Fund is committed to providing complete transparency to its investors: [&hellip;]<\/p>","protected":false},"author":1,"featured_media":0,"parent":0,"menu_order":0,"comment_status":"closed","ping_status":"closed","template":"","meta":{"_seopress_robots_primary_cat":"","_seopress_titles_title":"Our promises: commitment, investor confidence, transparency","_seopress_titles_desc":"Our team is committed to deliver transparency, extensive marketing and built a strong community with confidence","_seopress_robots_index":"","site-sidebar-layout":"no-sidebar","site-content-layout":"","ast-site-content-layout":"full-width-container","site-content-style":"default","site-sidebar-style":"default","ast-global-header-display":"","ast-banner-title-visibility":"","ast-main-header-display":"","ast-hfb-above-header-display":"","ast-hfb-below-header-display":"","ast-hfb-mobile-header-display":"","site-post-title":"disabled","ast-breadcrumbs-content":"","ast-featured-img":"disabled","footer-sml-layout":"","theme-transparent-header-meta":"enabled","adv-header-id-meta":"","stick-header-meta":"","header-above-stick-meta":"","header-main-stick-meta":"","header-below-stick-meta":"","astra-migrate-meta-layouts":"default","ast-page-background-enabled":"default","ast-page-background-meta":{"desktop":{"background-color":"var(--ast-global-color-4)","background-image":"","background-repeat":"repeat","background-position":"center center","background-size":"auto","background-attachment":"scroll","background-type":"","background-media":"","overlay-type":"","overlay-color":"","overlay-opacity":"","overlay-gradient":""},"tablet":{"background-color":"","background-image":"","background-repeat":"repeat","background-position":"center center","background-size":"auto","background-attachment":"scroll","background-type":"","background-media":"","overlay-type":"","overlay-color":"","overlay-opacity":"","overlay-gradient":""},"mobile":{"background-color":"","background-image":"","background-repeat":"repeat","background-position":"center center","background-size":"auto","background-attachment":"scroll","background-type":"","background-media":"","overlay-type":"","overlay-color":"","overlay-opacity":"","overlay-gradient":""}},"ast-content-background-meta":{"desktop":{"background-color":"var(--ast-global-color-5)","background-image":"","background-repeat":"repeat","background-position":"center center","background-size":"auto","background-attachment":"scroll","background-type":"","background-media":"","overlay-type":"","overlay-color":"","overlay-opacity":"","overlay-gradient":""},"tablet":{"background-color":"var(--ast-global-color-5)","background-image":"","background-repeat":"repeat","background-position":"center center","background-size":"auto","background-attachment":"scroll","background-type":"","background-media":"","overlay-type":"","overlay-color":"","overlay-opacity":"","overlay-gradient":""},"mobile":{"background-color":"var(--ast-global-color-5)","background-image":"","background-repeat":"repeat","background-position":"center center","background-size":"auto","background-attachment":"scroll","background-type":"","background-media":"","overlay-type":"","overlay-color":"","overlay-opacity":"","overlay-gradient":""}},"footnotes":""},"class_list":["post-765","page","type-page","status-publish","hentry"],"_links":{"self":[{"href":"https:\/\/www.blossom-fund.com\/es\/wp-json\/wp\/v2\/pages\/765","targetHints":{"allow":["GET"]}}],"collection":[{"href":"https:\/\/www.blossom-fund.com\/es\/wp-json\/wp\/v2\/pages"}],"about":[{"href":"https:\/\/www.blossom-fund.com\/es\/wp-json\/wp\/v2\/types\/page"}],"author":[{"embeddable":true,"href":"https:\/\/www.blossom-fund.com\/es\/wp-json\/wp\/v2\/users\/1"}],"replies":[{"embeddable":true,"href":"https:\/\/www.blossom-fund.com\/es\/wp-json\/wp\/v2\/comments?post=765"}],"version-history":[{"count":48,"href":"https:\/\/www.blossom-fund.com\/es\/wp-json\/wp\/v2\/pages\/765\/revisions"}],"predecessor-version":[{"id":2452,"href":"https:\/\/www.blossom-fund.com\/es\/wp-json\/wp\/v2\/pages\/765\/revisions\/2452"}],"wp:attachment":[{"href":"https:\/\/www.blossom-fund.com\/es\/wp-json\/wp\/v2\/media?parent=765"}],"curies":[{"name":"wp","href":"https:\/\/api.w.org\/{rel}","templated":true}]}}