{"id":1664,"date":"2025-07-16T15:26:25","date_gmt":"2025-07-16T13:26:25","guid":{"rendered":"https:\/\/www.blossom-fund.com\/?page_id=1664"},"modified":"2025-08-25T12:43:14","modified_gmt":"2025-08-25T10:43:14","slug":"monedas-meme","status":"publish","type":"page","link":"https:\/\/www.blossom-fund.com\/es\/monedas-meme\/","title":{"rendered":"Monedas Meme"},"content":{"rendered":"<div data-elementor-type=\"wp-page\" data-elementor-id=\"1664\" class=\"elementor elementor-1664\">\n\t\t\t\t<div class=\"elementor-element elementor-element-3ab7125c e-flex e-con-boxed e-con e-parent\" data-id=\"3ab7125c\" data-element_type=\"container\" data-settings=\"{&quot;background_background&quot;:&quot;classic&quot;}\">\n\t\t\t\t\t<div class=\"e-con-inner\">\n\t\t\t\t<div class=\"elementor-element elementor-element-3a2b9f18 elementor-widget elementor-widget-heading\" data-id=\"3a2b9f18\" data-element_type=\"widget\" data-widget_type=\"heading.default\">\n\t\t\t\t<div class=\"elementor-widget-container\">\n\t\t\t\t\t<h1 class=\"elementor-heading-title elementor-size-default\">Monedas Meme<\/h1>\t\t\t\t<\/div>\n\t\t\t\t<\/div>\n\t\t\t\t<div class=\"elementor-element elementor-element-35c6976a elementor-widget-divider--view-line elementor-widget elementor-widget-divider\" data-id=\"35c6976a\" data-element_type=\"widget\" data-widget_type=\"divider.default\">\n\t\t\t\t<div class=\"elementor-widget-container\">\n\t\t\t\t\t\t\t<div class=\"elementor-divider\">\n\t\t\t<span class=\"elementor-divider-separator\">\n\t\t\t\t\t\t<\/span>\n\t\t<\/div>\n\t\t\t\t\t\t<\/div>\n\t\t\t\t<\/div>\n\t\t\t\t\t<\/div>\n\t\t\t\t<\/div>\n\t\t<div class=\"elementor-element elementor-element-575f950 e-flex e-con-boxed e-con e-parent\" data-id=\"575f950\" data-element_type=\"container\" data-settings=\"{&quot;background_background&quot;:&quot;gradient&quot;}\">\n\t\t\t\t\t<div class=\"e-con-inner\">\n\t\t\t\t<div class=\"elementor-element elementor-element-fdc513d elementor-widget elementor-widget-text-editor\" data-id=\"fdc513d\" data-element_type=\"widget\" data-widget_type=\"text-editor.default\">\n\t\t\t\t<div class=\"elementor-widget-container\">\n\t\t\t\t\t\t\t\t\t<h3>Monedas Meme<\/h3><h4>Pump=Fun<\/h4><h4>Dump not so much<\/h4>\t\t\t\t\t\t\t\t<\/div>\n\t\t\t\t<\/div>\n\t\t\t\t<div class=\"elementor-element elementor-element-63d6539 elementor-widget elementor-widget-text-editor\" data-id=\"63d6539\" data-element_type=\"widget\" data-widget_type=\"text-editor.default\">\n\t\t\t\t<div class=\"elementor-widget-container\">\n\t\t\t\t\t\t\t\t\t<h3>Meme Coins es un juego de suma cero<\/h3><p>Las monedas meme est\u00e1n de moda. Cada d\u00eda se lanzan cientos de monedas nuevas. Todo el mundo busca la pr\u00f3xima <strong>Pepe, Dogo o Shiba Inu<\/strong> moneda para obtener enormes beneficios. Cualquier subida de precios se debe al miedo a perderse algo o al pump-and-dump. <strong>Pero s\u00f3lo unos pocos operadores ganar\u00e1n dinero,<\/strong> la mayor\u00eda tendr\u00e1 p\u00e9rdidas.<\/p><p><strong>Es un juego de suma cero. Si t\u00fa ganas x100, otro gana -99%.<\/strong><\/p><p>En el Fondo Blossom creemos que un buen proyecto debe dar<strong> un ROI decente para todos los inversores<\/strong>. No s\u00f3lo los inteligentes. <strong>El crecimiento del valor beneficia a todos<\/strong> \u00a1con Blossom Fund!<\/p>\t\t\t\t\t\t\t\t<\/div>\n\t\t\t\t<\/div>\n\t\t\t\t<div class=\"elementor-element elementor-element-470679b elementor-widget elementor-widget-text-editor\" data-id=\"470679b\" data-element_type=\"widget\" data-widget_type=\"text-editor.default\">\n\t\t\t\t<div class=\"elementor-widget-container\">\n\t\t\t\t\t\t\t\t\t<h4>Pump.fun<\/h4><p>Pump.fun es una plataforma dise\u00f1ada para facilitar la creaci\u00f3n y el comercio r\u00e1pidos de memecoins en la blockchain Solana. Permite a los usuarios lanzar tokens con el m\u00ednimo esfuerzo y coste, lo que la hace atractiva para aquellos que buscan capitalizar las tendencias virales de los tokens.<\/p><p>Estos son los principales riesgos al operar en pump.fun:<\/p><ol><li>El car\u00e1cter descentralizado y an\u00f3nimo de pump.fun la convierte en una plataforma atractiva para <strong>estafadores y piratas inform\u00e1ticos.<\/strong><\/li><li>Los usuarios corren el riesgo de <strong>ser v\u00edctima de \"tirones de alfombra\".<\/strong> cuando los promotores abandonan un proyecto y se van con los fondos de los inversores.<\/li><li>Las vulnerabilidades de los contratos inteligentes tambi\u00e9n pueden aprovecharse para robar tokens o <strong>manipular los precios de las fichas.<\/strong><\/li><li>Los tokens Pump.fun est\u00e1n dise\u00f1ados principalmente para el comercio especulativo a corto plazo, impulsado por el bombo publicitario y la posibilidad de obtener beneficios r\u00e1pidos.<\/li><li>Los inversores se exponen al riesgo de sufrir p\u00e9rdidas significativas si no aciertan a medir el tiempo del mercado o son v\u00edctimas de <strong>manipulaci\u00f3n del mercado<\/strong>.<\/li><li>El inter\u00e9s por las ganancias a corto plazo suele ir en detrimento del desarrollo sostenible de los proyectos y la creaci\u00f3n de valor a largo plazo.<\/li><li>Debido a la combinaci\u00f3n de los riesgos anteriores, <strong>invertir en fichas pump.fun conlleva un alto riesgo de p\u00e9rdida financiera<\/strong>.<\/li><\/ol>\t\t\t\t\t\t\t\t<\/div>\n\t\t\t\t<\/div>\n\t\t\t\t<div class=\"elementor-element elementor-element-b39db22 elementor-widget elementor-widget-text-editor\" data-id=\"b39db22\" data-element_type=\"widget\" data-widget_type=\"text-editor.default\">\n\t\t\t\t<div class=\"elementor-widget-container\">\n\t\t\t\t\t\t\t\t\t<h4><strong>Web3payments<\/strong><\/h4><p>Web3payments es un creador profesional de sitios web de meme coin, incluyendo el servicio completo de pagos de oferta inicial de monedas. Han lanzado un gran n\u00famero de proyectos como: <strong>Flockerz, Wall Street Pepe, Meme Games, PlayDoge, DogeCoin20, DogLibre, Pepe Unchained, Crypto All-Stars, Star Chain, Pepeto, Influencer Pepe, Doge2014, Multiverse Monkey, Frenz With Money<\/strong> etc.<\/p><p>Despu\u00e9s de investigar un poco, resulta que algunos de estos proyectos son una estafa, algunos sitios web han sido desactivados y la mayor\u00eda de los proyectos resultaron en un ROI negativo.<\/p>\t\t\t\t\t\t\t\t<\/div>\n\t\t\t\t<\/div>\n\t\t\t\t\t<\/div>\n\t\t\t\t<\/div>\n\t\t<div class=\"elementor-element elementor-element-46fe75d1 e-flex e-con-boxed e-con e-parent\" data-id=\"46fe75d1\" data-element_type=\"container\" data-settings=\"{&quot;background_background&quot;:&quot;classic&quot;}\">\n\t\t\t\t\t<div class=\"e-con-inner\">\n\t\t\t\t<div class=\"elementor-element elementor-element-d029a76 elementor-widget-divider--view-line elementor-widget elementor-widget-divider\" data-id=\"d029a76\" data-element_type=\"widget\" data-widget_type=\"divider.default\">\n\t\t\t\t<div class=\"elementor-widget-container\">\n\t\t\t\t\t\t\t<div class=\"elementor-divider\">\n\t\t\t<span class=\"elementor-divider-separator\">\n\t\t\t\t\t\t<\/span>\n\t\t<\/div>\n\t\t\t\t\t\t<\/div>\n\t\t\t\t<\/div>\n\t\t\t\t<div class=\"elementor-element elementor-element-4a7bfdf8 elementor-widget elementor-widget-heading\" data-id=\"4a7bfdf8\" data-element_type=\"widget\" data-widget_type=\"heading.default\">\n\t\t\t\t<div class=\"elementor-widget-container\">\n\t\t\t\t\t<h4 class=\"elementor-heading-title elementor-size-default\">\"Invertir en meme coins es muy arriesgado y la mayor\u00eda de los inversores perder\u00e1n dinero. Lo bueno de Blossom Fund es que los inversores no luchan entre s\u00ed, sino que unen sus fuerzas. Los beneficios de la econom\u00eda tradicional fluyen hacia el valor del token BLOS. Cada trimestre esos beneficios se utilizar\u00e1n para recomprar y quemar el token. Esto resultar\u00e1 en un crecimiento sostenible del valor para todos\".<\/h4>\t\t\t\t<\/div>\n\t\t\t\t<\/div>\n\t\t\t\t<div class=\"elementor-element elementor-element-3c7a75a9 elementor-widget elementor-widget-heading\" data-id=\"3c7a75a9\" data-element_type=\"widget\" data-widget_type=\"heading.default\">\n\t\t\t\t<div class=\"elementor-widget-container\">\n\t\t\t\t\t<h6 class=\"elementor-heading-title elementor-size-default\">No juegues con tu dinero<\/h6>\t\t\t\t<\/div>\n\t\t\t\t<\/div>\n\t\t\t\t\t<\/div>\n\t\t\t\t<\/div>\n\t\t<div class=\"elementor-element elementor-element-5da42ae e-grid e-con-boxed e-con e-parent\" data-id=\"5da42ae\" data-element_type=\"container\" data-settings=\"{&quot;background_background&quot;:&quot;classic&quot;}\">\n\t\t\t\t\t<div class=\"e-con-inner\">\n\t\t\t\t<div class=\"elementor-element elementor-element-a4525f8 elementor-widget elementor-widget-heading\" data-id=\"a4525f8\" data-element_type=\"widget\" data-widget_type=\"heading.default\">\n\t\t\t\t<div class=\"elementor-widget-container\">\n\t\t\t\t\t<h2 class=\"elementor-heading-title elementor-size-default\">An\u00e1lisis del ROI de Meme Coins<\/h2>\t\t\t\t<\/div>\n\t\t\t\t<\/div>\n\t\t\t\t\t<\/div>\n\t\t\t\t<\/div>\n\t\t<div class=\"elementor-element elementor-element-3ea802c e-grid e-con-boxed e-con e-parent\" data-id=\"3ea802c\" data-element_type=\"container\" data-settings=\"{&quot;background_background&quot;:&quot;classic&quot;}\">\n\t\t\t\t\t<div class=\"e-con-inner\">\n\t\t\t\t<div class=\"elementor-element elementor-element-ce77f86 elementor-widget elementor-widget-text-editor\" data-id=\"ce77f86\" data-element_type=\"widget\" data-widget_type=\"text-editor.default\">\n\t\t\t\t<div class=\"elementor-widget-container\">\n\t\t\t\t\t\t\t\t\t<h6>Proyecto: Wall Street Pepe<\/h6><h6><a href=\"https:\/\/wallstreetpepe.com\/en\">https:\/\/wallstreetpepe.com\/en<\/a><\/h6><h6>Recaudado: $70.000.000<\/h6><h4>ROI: -67%<\/h4><p>por 16-07-25<\/p>\t\t\t\t\t\t\t\t<\/div>\n\t\t\t\t<\/div>\n\t\t\t\t<div class=\"elementor-element elementor-element-6d1a7d5 elementor-widget elementor-widget-image\" data-id=\"6d1a7d5\" data-element_type=\"widget\" data-widget_type=\"image.default\">\n\t\t\t\t<div class=\"elementor-widget-container\">\n\t\t\t\t\t\t\t\t\t\t\t\t\t\t\t<img alt=\"\" fetchpriority=\"high\" decoding=\"async\" width=\"1024\" height=\"743\" src=\"https:\/\/www.blossom-fund.com\/wp-content\/uploads\/2025\/07\/Wallstreet-Pepe-Main-1024x743.png\" class=\"attachment-large size-large wp-image-2125\" srcset=\"https:\/\/www.blossom-fund.com\/wp-content\/uploads\/2025\/07\/Wallstreet-Pepe-Main-1024x743.png 1024w, https:\/\/www.blossom-fund.com\/wp-content\/uploads\/2025\/07\/Wallstreet-Pepe-Main-300x218.png 300w, https:\/\/www.blossom-fund.com\/wp-content\/uploads\/2025\/07\/Wallstreet-Pepe-Main-768x557.png 768w, https:\/\/www.blossom-fund.com\/wp-content\/uploads\/2025\/07\/Wallstreet-Pepe-Main-18x12.png 18w, https:\/\/www.blossom-fund.com\/wp-content\/uploads\/2025\/07\/Wallstreet-Pepe-Main.png 1267w\" sizes=\"(max-width: 1024px) 100vw, 1024px\" \/>\t\t\t\t\t\t\t\t\t\t\t\t\t\t\t<\/div>\n\t\t\t\t<\/div>\n\t\t\t\t<div class=\"elementor-element elementor-element-46a596f elementor-widget elementor-widget-image\" data-id=\"46a596f\" data-element_type=\"widget\" data-widget_type=\"image.default\">\n\t\t\t\t<div class=\"elementor-widget-container\">\n\t\t\t\t\t\t\t\t\t\t\t\t\t\t\t<img alt=\"\" decoding=\"async\" width=\"1024\" height=\"577\" src=\"https:\/\/www.blossom-fund.com\/wp-content\/uploads\/2025\/07\/wallstreetpepechart-1024x577.jpg\" class=\"attachment-large size-large wp-image-1699\" srcset=\"https:\/\/www.blossom-fund.com\/wp-content\/uploads\/2025\/07\/wallstreetpepechart-1024x577.jpg 1024w, https:\/\/www.blossom-fund.com\/wp-content\/uploads\/2025\/07\/wallstreetpepechart-300x169.jpg 300w, https:\/\/www.blossom-fund.com\/wp-content\/uploads\/2025\/07\/wallstreetpepechart-768x432.jpg 768w, https:\/\/www.blossom-fund.com\/wp-content\/uploads\/2025\/07\/wallstreetpepechart-18x10.jpg 18w, https:\/\/www.blossom-fund.com\/wp-content\/uploads\/2025\/07\/wallstreetpepechart.jpg 1357w\" sizes=\"(max-width: 1024px) 100vw, 1024px\" \/>\t\t\t\t\t\t\t\t\t\t\t\t\t\t\t<\/div>\n\t\t\t\t<\/div>\n\t\t\t\t<div class=\"elementor-element elementor-element-897bb2e elementor-widget elementor-widget-text-editor\" data-id=\"897bb2e\" data-element_type=\"widget\" data-widget_type=\"text-editor.default\">\n\t\t\t\t<div class=\"elementor-widget-container\">\n\t\t\t\t\t\t\t\t\t<h6>Proyecto Flockerz<\/h6><h6><a href=\"https:\/\/flockerz.com\/en\">https:\/\/flockerz.com\/en<\/a><\/h6><h6>Recaudado: $13.298.819<\/h6><h4>ROI: -90%<\/h4><p>por 16-07-25<\/p>\t\t\t\t\t\t\t\t<\/div>\n\t\t\t\t<\/div>\n\t\t\t\t<div class=\"elementor-element elementor-element-5ae3559 elementor-widget elementor-widget-image\" data-id=\"5ae3559\" data-element_type=\"widget\" data-widget_type=\"image.default\">\n\t\t\t\t<div class=\"elementor-widget-container\">\n\t\t\t\t\t\t\t\t\t\t\t\t\t\t\t<img alt=\"\" decoding=\"async\" width=\"1024\" height=\"654\" src=\"https:\/\/www.blossom-fund.com\/wp-content\/uploads\/2025\/07\/flockerzmain-1-1024x654.jpg\" class=\"attachment-large size-large wp-image-2123\" srcset=\"https:\/\/www.blossom-fund.com\/wp-content\/uploads\/2025\/07\/flockerzmain-1-1024x654.jpg 1024w, https:\/\/www.blossom-fund.com\/wp-content\/uploads\/2025\/07\/flockerzmain-1-300x191.jpg 300w, https:\/\/www.blossom-fund.com\/wp-content\/uploads\/2025\/07\/flockerzmain-1-768x490.jpg 768w, https:\/\/www.blossom-fund.com\/wp-content\/uploads\/2025\/07\/flockerzmain-1-18x12.jpg 18w, https:\/\/www.blossom-fund.com\/wp-content\/uploads\/2025\/07\/flockerzmain-1.jpg 1371w\" sizes=\"(max-width: 1024px) 100vw, 1024px\" \/>\t\t\t\t\t\t\t\t\t\t\t\t\t\t\t<\/div>\n\t\t\t\t<\/div>\n\t\t\t\t<div class=\"elementor-element elementor-element-5e099bb elementor-widget elementor-widget-image\" data-id=\"5e099bb\" data-element_type=\"widget\" data-widget_type=\"image.default\">\n\t\t\t\t<div class=\"elementor-widget-container\">\n\t\t\t\t\t\t\t\t\t\t\t\t\t\t\t<img alt=\"\" loading=\"lazy\" decoding=\"async\" width=\"1024\" height=\"580\" src=\"https:\/\/www.blossom-fund.com\/wp-content\/uploads\/2025\/07\/flockerzchart-1024x580.jpg\" class=\"attachment-large size-large wp-image-1689\" srcset=\"https:\/\/www.blossom-fund.com\/wp-content\/uploads\/2025\/07\/flockerzchart-1024x580.jpg 1024w, https:\/\/www.blossom-fund.com\/wp-content\/uploads\/2025\/07\/flockerzchart-300x170.jpg 300w, https:\/\/www.blossom-fund.com\/wp-content\/uploads\/2025\/07\/flockerzchart-768x435.jpg 768w, https:\/\/www.blossom-fund.com\/wp-content\/uploads\/2025\/07\/flockerzchart-18x10.jpg 18w, https:\/\/www.blossom-fund.com\/wp-content\/uploads\/2025\/07\/flockerzchart.jpg 1363w\" sizes=\"(max-width: 1024px) 100vw, 1024px\" \/>\t\t\t\t\t\t\t\t\t\t\t\t\t\t\t<\/div>\n\t\t\t\t<\/div>\n\t\t\t\t<div class=\"elementor-element elementor-element-6bb0f36 elementor-widget elementor-widget-text-editor\" data-id=\"6bb0f36\" data-element_type=\"widget\" data-widget_type=\"text-editor.default\">\n\t\t\t\t<div class=\"elementor-widget-container\">\n\t\t\t\t\t\t\t\t\t<h6>Proyecto: Dogecoin20<\/h6><h6><a href=\"https:\/\/dogecoin20token.com\/en\">https:\/\/dogecoin20token.com\/en<\/a><\/h6><h4>ROI: -92%<\/h4><div>por 16-07-25<\/div>\t\t\t\t\t\t\t\t<\/div>\n\t\t\t\t<\/div>\n\t\t\t\t<div class=\"elementor-element elementor-element-1c5b12e elementor-widget elementor-widget-image\" data-id=\"1c5b12e\" data-element_type=\"widget\" data-widget_type=\"image.default\">\n\t\t\t\t<div class=\"elementor-widget-container\">\n\t\t\t\t\t\t\t\t\t\t\t\t\t\t\t<img alt=\"\" loading=\"lazy\" decoding=\"async\" width=\"1024\" height=\"686\" src=\"https:\/\/www.blossom-fund.com\/wp-content\/uploads\/2025\/07\/dogecoin20main-1024x686.jpg\" class=\"attachment-large size-large wp-image-1688\" srcset=\"https:\/\/www.blossom-fund.com\/wp-content\/uploads\/2025\/07\/dogecoin20main-1024x686.jpg 1024w, https:\/\/www.blossom-fund.com\/wp-content\/uploads\/2025\/07\/dogecoin20main-300x201.jpg 300w, https:\/\/www.blossom-fund.com\/wp-content\/uploads\/2025\/07\/dogecoin20main-768x515.jpg 768w, https:\/\/www.blossom-fund.com\/wp-content\/uploads\/2025\/07\/dogecoin20main-18x12.jpg 18w, https:\/\/www.blossom-fund.com\/wp-content\/uploads\/2025\/07\/dogecoin20main.jpg 1356w\" sizes=\"(max-width: 1024px) 100vw, 1024px\" \/>\t\t\t\t\t\t\t\t\t\t\t\t\t\t\t<\/div>\n\t\t\t\t<\/div>\n\t\t\t\t<div class=\"elementor-element elementor-element-e0a1933 elementor-widget elementor-widget-image\" data-id=\"e0a1933\" data-element_type=\"widget\" data-widget_type=\"image.default\">\n\t\t\t\t<div class=\"elementor-widget-container\">\n\t\t\t\t\t\t\t\t\t\t\t\t\t\t\t<img alt=\"\" loading=\"lazy\" decoding=\"async\" width=\"1024\" height=\"573\" src=\"https:\/\/www.blossom-fund.com\/wp-content\/uploads\/2025\/07\/dogecoin20chart-1024x573.jpg\" class=\"attachment-large size-large wp-image-1687\" srcset=\"https:\/\/www.blossom-fund.com\/wp-content\/uploads\/2025\/07\/dogecoin20chart-1024x573.jpg 1024w, https:\/\/www.blossom-fund.com\/wp-content\/uploads\/2025\/07\/dogecoin20chart-300x168.jpg 300w, https:\/\/www.blossom-fund.com\/wp-content\/uploads\/2025\/07\/dogecoin20chart-768x430.jpg 768w, https:\/\/www.blossom-fund.com\/wp-content\/uploads\/2025\/07\/dogecoin20chart-18x10.jpg 18w, https:\/\/www.blossom-fund.com\/wp-content\/uploads\/2025\/07\/dogecoin20chart.jpg 1364w\" sizes=\"(max-width: 1024px) 100vw, 1024px\" \/>\t\t\t\t\t\t\t\t\t\t\t\t\t\t\t<\/div>\n\t\t\t\t<\/div>\n\t\t\t\t<div class=\"elementor-element elementor-element-de4d500 elementor-widget elementor-widget-text-editor\" data-id=\"de4d500\" data-element_type=\"widget\" data-widget_type=\"text-editor.default\">\n\t\t\t\t<div class=\"elementor-widget-container\">\n\t\t\t\t\t\t\t\t\t<h6>Proyecto: Pepe Unchained<\/h6><h6><a href=\"https:\/\/pepeunchained.com\/\">https:\/\/pepeunchained.com\/<\/a><\/h6><h6>Recaudado: $73.924.433<\/h6><h4>ROI: -63%<\/h4><div>por 16-07-25<\/div>\t\t\t\t\t\t\t\t<\/div>\n\t\t\t\t<\/div>\n\t\t\t\t<div class=\"elementor-element elementor-element-62dded0 elementor-widget elementor-widget-image\" data-id=\"62dded0\" data-element_type=\"widget\" data-widget_type=\"image.default\">\n\t\t\t\t<div class=\"elementor-widget-container\">\n\t\t\t\t\t\t\t\t\t\t\t\t\t\t\t<img alt=\"\" loading=\"lazy\" decoding=\"async\" width=\"1024\" height=\"706\" src=\"https:\/\/www.blossom-fund.com\/wp-content\/uploads\/2025\/07\/Pepe-unchained-main-1024x706.png\" class=\"attachment-large size-large wp-image-2124\" srcset=\"https:\/\/www.blossom-fund.com\/wp-content\/uploads\/2025\/07\/Pepe-unchained-main-1024x706.png 1024w, https:\/\/www.blossom-fund.com\/wp-content\/uploads\/2025\/07\/Pepe-unchained-main-300x207.png 300w, https:\/\/www.blossom-fund.com\/wp-content\/uploads\/2025\/07\/Pepe-unchained-main-768x529.png 768w, https:\/\/www.blossom-fund.com\/wp-content\/uploads\/2025\/07\/Pepe-unchained-main-18x12.png 18w, https:\/\/www.blossom-fund.com\/wp-content\/uploads\/2025\/07\/Pepe-unchained-main.png 1338w\" sizes=\"(max-width: 1024px) 100vw, 1024px\" \/>\t\t\t\t\t\t\t\t\t\t\t\t\t\t\t<\/div>\n\t\t\t\t<\/div>\n\t\t\t\t<div class=\"elementor-element elementor-element-a0c2afd elementor-widget elementor-widget-image\" data-id=\"a0c2afd\" data-element_type=\"widget\" data-widget_type=\"image.default\">\n\t\t\t\t<div class=\"elementor-widget-container\">\n\t\t\t\t\t\t\t\t\t\t\t\t\t\t\t<img alt=\"\" loading=\"lazy\" decoding=\"async\" width=\"1024\" height=\"483\" src=\"https:\/\/www.blossom-fund.com\/wp-content\/uploads\/2025\/07\/pepeunchainedchart-1024x483.jpg\" class=\"attachment-large size-large wp-image-1697\" srcset=\"https:\/\/www.blossom-fund.com\/wp-content\/uploads\/2025\/07\/pepeunchainedchart-1024x483.jpg 1024w, https:\/\/www.blossom-fund.com\/wp-content\/uploads\/2025\/07\/pepeunchainedchart-300x142.jpg 300w, https:\/\/www.blossom-fund.com\/wp-content\/uploads\/2025\/07\/pepeunchainedchart-768x362.jpg 768w, https:\/\/www.blossom-fund.com\/wp-content\/uploads\/2025\/07\/pepeunchainedchart-18x8.jpg 18w, https:\/\/www.blossom-fund.com\/wp-content\/uploads\/2025\/07\/pepeunchainedchart.jpg 1356w\" sizes=\"(max-width: 1024px) 100vw, 1024px\" \/>\t\t\t\t\t\t\t\t\t\t\t\t\t\t\t<\/div>\n\t\t\t\t<\/div>\n\t\t\t\t\t<\/div>\n\t\t\t\t<\/div>\n\t\t\t\t<\/div>","protected":false},"excerpt":{"rendered":"<p>Meme Coins Meme Coins Bomba=Divertido Vertedero no tanto Meme Coins son un juego de suma cero Las monedas Meme est\u00e1n de moda. [...]<\/p>","protected":false},"author":1,"featured_media":0,"parent":0,"menu_order":0,"comment_status":"closed","ping_status":"closed","template":"","meta":{"_seopress_robots_primary_cat":"","_seopress_titles_title":"Meme Coins are not always pump and fun","_seopress_titles_desc":"Popular platforms like pump.fun and web3payments offer high risk meme coin investments","_seopress_robots_index":"","site-sidebar-layout":"no-sidebar","site-content-layout":"","ast-site-content-layout":"full-width-container","site-content-style":"default","site-sidebar-style":"default","ast-global-header-display":"","ast-banner-title-visibility":"","ast-main-header-display":"","ast-hfb-above-header-display":"","ast-hfb-below-header-display":"","ast-hfb-mobile-header-display":"","site-post-title":"disabled","ast-breadcrumbs-content":"","ast-featured-img":"disabled","footer-sml-layout":"","theme-transparent-header-meta":"","adv-header-id-meta":"","stick-header-meta":"","header-above-stick-meta":"","header-main-stick-meta":"","header-below-stick-meta":"","astra-migrate-meta-layouts":"default","ast-page-background-enabled":"default","ast-page-background-meta":{"desktop":{"background-color":"var(--ast-global-color-4)","background-image":"","background-repeat":"repeat","background-position":"center center","background-size":"auto","background-attachment":"scroll","background-type":"","background-media":"","overlay-type":"","overlay-color":"","overlay-opacity":"","overlay-gradient":""},"tablet":{"background-color":"","background-image":"","background-repeat":"repeat","background-position":"center center","background-size":"auto","background-attachment":"scroll","background-type":"","background-media":"","overlay-type":"","overlay-color":"","overlay-opacity":"","overlay-gradient":""},"mobile":{"background-color":"","background-image":"","background-repeat":"repeat","background-position":"center center","background-size":"auto","background-attachment":"scroll","background-type":"","background-media":"","overlay-type":"","overlay-color":"","overlay-opacity":"","overlay-gradient":""}},"ast-content-background-meta":{"desktop":{"background-color":"var(--ast-global-color-5)","background-image":"","background-repeat":"repeat","background-position":"center center","background-size":"auto","background-attachment":"scroll","background-type":"","background-media":"","overlay-type":"","overlay-color":"","overlay-opacity":"","overlay-gradient":""},"tablet":{"background-color":"var(--ast-global-color-5)","background-image":"","background-repeat":"repeat","background-position":"center center","background-size":"auto","background-attachment":"scroll","background-type":"","background-media":"","overlay-type":"","overlay-color":"","overlay-opacity":"","overlay-gradient":""},"mobile":{"background-color":"var(--ast-global-color-5)","background-image":"","background-repeat":"repeat","background-position":"center center","background-size":"auto","background-attachment":"scroll","background-type":"","background-media":"","overlay-type":"","overlay-color":"","overlay-opacity":"","overlay-gradient":""}},"footnotes":""},"class_list":["post-1664","page","type-page","status-publish","hentry"],"_links":{"self":[{"href":"https:\/\/www.blossom-fund.com\/es\/wp-json\/wp\/v2\/pages\/1664","targetHints":{"allow":["GET"]}}],"collection":[{"href":"https:\/\/www.blossom-fund.com\/es\/wp-json\/wp\/v2\/pages"}],"about":[{"href":"https:\/\/www.blossom-fund.com\/es\/wp-json\/wp\/v2\/types\/page"}],"author":[{"embeddable":true,"href":"https:\/\/www.blossom-fund.com\/es\/wp-json\/wp\/v2\/users\/1"}],"replies":[{"embeddable":true,"href":"https:\/\/www.blossom-fund.com\/es\/wp-json\/wp\/v2\/comments?post=1664"}],"version-history":[{"count":80,"href":"https:\/\/www.blossom-fund.com\/es\/wp-json\/wp\/v2\/pages\/1664\/revisions"}],"predecessor-version":[{"id":2458,"href":"https:\/\/www.blossom-fund.com\/es\/wp-json\/wp\/v2\/pages\/1664\/revisions\/2458"}],"wp:attachment":[{"href":"https:\/\/www.blossom-fund.com\/es\/wp-json\/wp\/v2\/media?parent=1664"}],"curies":[{"name":"wp","href":"https:\/\/api.w.org\/{rel}","templated":true}]}}