{"id":1126,"date":"2025-03-31T09:23:25","date_gmt":"2025-03-31T09:23:25","guid":{"rendered":"https:\/\/www.blossom-fund.com\/?page_id=1126"},"modified":"2025-08-12T11:02:46","modified_gmt":"2025-08-12T09:02:46","slug":"papel-blanco","status":"publish","type":"page","link":"https:\/\/www.blossom-fund.com\/es\/papel-blanco\/","title":{"rendered":"Libro blanco"},"content":{"rendered":"<div data-elementor-type=\"wp-page\" data-elementor-id=\"1126\" class=\"elementor elementor-1126\">\n\t\t\t\t<div class=\"elementor-element elementor-element-a698cfe e-flex e-con-boxed e-con e-parent\" data-id=\"a698cfe\" data-element_type=\"container\" data-settings=\"{&quot;background_background&quot;:&quot;classic&quot;}\">\n\t\t\t\t\t<div class=\"e-con-inner\">\n\t\t\t\t<div class=\"elementor-element elementor-element-6ed2f69 elementor-widget elementor-widget-heading\" data-id=\"6ed2f69\" data-element_type=\"widget\" data-widget_type=\"heading.default\">\n\t\t\t\t<div class=\"elementor-widget-container\">\n\t\t\t\t\t<h2 class=\"elementor-heading-title elementor-size-default\">Libro Blanco<\/h2>\t\t\t\t<\/div>\n\t\t\t\t<\/div>\n\t\t\t\t\t<\/div>\n\t\t\t\t<\/div>\n\t\t<div class=\"elementor-element elementor-element-5bee07af e-flex e-con-boxed e-con e-parent\" data-id=\"5bee07af\" data-element_type=\"container\" data-settings=\"{&quot;background_background&quot;:&quot;classic&quot;}\">\n\t\t\t\t\t<div class=\"e-con-inner\">\n\t\t\t\t<div class=\"elementor-element elementor-element-7df4b637 elementor-widget elementor-widget-text-editor\" data-id=\"7df4b637\" data-element_type=\"widget\" data-widget_type=\"text-editor.default\">\n\t\t\t\t<div class=\"elementor-widget-container\">\n\t\t\t\t\t\t\t\t\t<p><strong>Introducci\u00f3n<\/strong><\/p><p><!-- \/wp:paragraph --><!-- wp:paragraph --><\/p><p>Blossom Fund (BLOS) ofrece una oportunidad \u00fanica de participar en un fondo de acciones gestionado profesionalmente a trav\u00e9s de un cripto token. A diferencia de las t\u00edpicas criptoempresas de alto riesgo como las meme coins, Blossom Fund sigue un enfoque constante y medido para la creaci\u00f3n de riqueza. Nuestra filosof\u00eda es simple: <strong>No se trata de \"hacerse rico r\u00e1pidamente\", sino de \"enriquecerse poco a poco\".<\/strong>.<\/p><p><!-- \/wp:paragraph --><!-- wp:paragraph --><\/p><p class=\"translation-block\">Nuestra misi\u00f3n es sencilla: permitir que cualquiera haga florecer sus inversiones aprovechando la experiencia de gestores de fondos de primer nivel. Tradicionalmente, este tipo de gesti\u00f3n financiera est\u00e1 reservada a los inversores institucionales, pero con Blossom Fund todo el mundo puede beneficiarse.<\/p><p><!-- \/wp:paragraph --><!-- wp:separator --><\/p><hr \/><p><!-- \/wp:separator --><!-- wp:paragraph --><\/p><p><strong>\u00a0<\/strong><\/p><p><strong>Una oportunidad \u00fanica para los inversores<\/strong><\/p><p><!-- \/wp:paragraph --><!-- wp:paragraph --><\/p><p>El acceso a la gesti\u00f3n profesional de fondos requiere una inversi\u00f3n significativa, a menudo del orden de $500.000 o m\u00e1s. <strong>El Fondo Blossom rompe esta barrera<\/strong>, permitiendo a cualquiera beneficiarse de la gesti\u00f3n experta de fondos con la compra de tokens BLOS.<\/p><p><!-- \/wp:paragraph --><!-- wp:paragraph --><\/p><p>Con Blossom Fund, los inversores pueden \"comprar y mantener\" mientras se benefician de las continuas recompras y quemas de tokens que reducir\u00e1n constantemente la oferta y aumentar\u00e1n la demanda. Esta estrategia pasiva a largo plazo est\u00e1 dise\u00f1ada para generar importantes rendimientos a lo largo del tiempo.<\/p><hr \/><p><strong>\u00a0<\/strong><\/p><p><strong>Los beneficios y el valor de la econom\u00eda tradicional impulsan el crecimiento del token BLOS<\/strong><\/p><p>Las monedas meme no tienen valor intr\u00ednseco. Cualquier aumento de precio se debe al miedo a perderse algo. En realidad, el dinero tonto fluye hacia el dinero inteligente.<\/p><p><strong>BLOS no es una moneda meme<\/strong>. Es un cripto token que crece en valor debido a la recompra y quema financiado con el rendimiento de las acciones de la econom\u00eda tradicional. Cada trimestre el rendimiento del Fondo Blossom se utilizar\u00e1 para recomprar el token BLOS en Uniswap y enviar esos tokens a una direcci\u00f3n de burn. Con el tiempo <strong>todos los poseedores de la ficha BLOS<\/strong> se beneficiar\u00e1n de este mecanismo.<\/p><p><!-- \/wp:paragraph --><!-- wp:separator --><\/p><hr \/><p><!-- \/wp:separator --><!-- wp:paragraph --><\/p><p><strong>\u00a0<\/strong><\/p><p><!-- \/wp:paragraph --><!-- wp:paragraph --><\/p><p><strong>Concepto<\/strong><\/p><p><!-- \/wp:paragraph --><!-- wp:paragraph --><\/p><p>Blossom Fund opera con 80% de su suministro total de tokens (50 millones de tokens) trabajando activamente para generar valor para los inversores a trav\u00e9s de los siguientes mecanismos:<\/p><p><!-- \/wp:paragraph --><!-- wp:list {\"ordered\":true,\"start\":1} --><\/p><ol start=\"1\"><li style=\"list-style-type: none;\"><ol start=\"1\"><!-- wp:list-item --><\/ol><\/li><\/ol><ol start=\"1\"><li style=\"list-style-type: none;\"><ol start=\"1\"><li class=\"translation-block\"><strong>Inversi\u00f3n en Fondos Profesionales:<\/strong> $1,5 millones se invertir\u00e1n en fondos de acciones gestionados profesionalmente. Cada trimestre, los beneficios de estas inversiones se utilizar\u00e1n para recomprar y quemar tokens BLOS, reduciendo gradualmente la oferta de tokens y haci\u00e9ndolos m\u00e1s escasos. Con el tiempo, este mecanismo est\u00e1 dise\u00f1ado para aumentar el valor del token BLOS.<\/li><\/ol><\/li><\/ol><p><!-- \/wp:list-item --><\/p><p><!-- \/wp:list --><!-- wp:list {\"ordered\":true,\"start\":2} --><\/p><ol start=\"2\"><li style=\"list-style-type: none;\"><ol start=\"2\"><!-- wp:list-item --><\/ol><\/li><\/ol><ol start=\"2\"><li style=\"list-style-type: none;\"><ol start=\"2\"><li><strong>Gesti\u00f3n de fondos y costes operativos: <\/strong>\u00a0$15.000 se reservan para los gastos corrientes de gesti\u00f3n del fondo, garantizando que \u00e9ste siga siendo gestionado y operado profesionalmente.<\/li><\/ol><\/li><\/ol><p><!-- \/wp:list-item --><\/p><p><!-- \/wp:list --><!-- wp:list {\"ordered\":true,\"start\":3} --><\/p><ol start=\"3\"><li style=\"list-style-type: none;\"><ol start=\"3\"><!-- wp:list-item --><\/ol><\/li><\/ol><ol start=\"3\"><li style=\"list-style-type: none;\"><ol start=\"3\"><li><strong>Marketing:<\/strong> Se destinar\u00e1n $15.000 m\u00e1s a cubrir los gastos de marketing necesarios.<\/li><\/ol><\/li><\/ol><p><!-- \/wp:list-item --><\/p><p><!-- \/wp:list --><!-- wp:list {\"ordered\":true,\"start\":4} --><\/p><ol start=\"4\"><li style=\"list-style-type: none;\"><ol start=\"4\"><!-- wp:list-item --><\/ol><\/li><\/ol><ol start=\"4\"><li style=\"list-style-type: none;\"><ol start=\"4\"><li><strong>Fondo de liquidez en Uniswa:<\/strong> Un fondo de liquidez de $120.000 y BLOS 1.500.000 en Uniswap garantizar\u00e1 la fluidez y la estabilidad de las operaciones.<\/li><\/ol><\/li><\/ol><p><!-- \/wp:list-item --><\/p><p><!-- \/wp:list --><!-- wp:list {\"ordered\":true,\"start\":5} --><\/p><ol start=\"5\"><li style=\"list-style-type: none;\"><ol start=\"5\"><!-- wp:list-item --><\/ol><\/li><\/ol><ol start=\"5\"><li style=\"list-style-type: none;\">Los 20% restantes del suministro de tokens se destinan a funciones clave, como la cotizaci\u00f3n en bolsas centralizadas (CEX) y descentralizadas (DEX), bonificaciones e incentivos para equipos.<\/li><\/ol><p><!-- \/wp:paragraph --><!-- wp:separator --><\/p><hr \/><p><!-- \/wp:separator --><!-- wp:paragraph --><\/p><p><strong>\u00a0<\/strong><\/p><p><strong>Venta de tokens y detalles del lanzamiento<\/strong><\/p><p><!-- \/wp:paragraph --><!-- wp:paragraph --><\/p><p><strong>Preventa (comienza el 01-08-2025)<\/strong><\/p><p><!-- \/wp:paragraph --><!-- wp:paragraph --><\/p><p>La preventa de fichas BLOS se realizar\u00e1 en 10 etapas con incrementos de $0,0025:<\/p><p><!-- \/wp:paragraph --><!-- wp:list {\"ordered\":true,\"start\":1} --><\/p><ol start=\"1\"><li style=\"list-style-type: none;\"><ol start=\"1\"><!-- wp:list-item --><\/ol><\/li><\/ol><ul><li><strong>Etapa 1:<\/strong> 4 millones de fichas a $0,03<\/li><li><strong>Etapa 2:<\/strong> 4 millones de fichas a $0,0325<\/li><li><strong>Etapa 3:<\/strong> 4 millones de fichas a $0,035<\/li><li><strong>Etapa 10:<\/strong> 4 millones de fichas a $0,0525<\/li><\/ul><p><!-- \/wp:list-item --><!-- wp:list-item --><\/p><p><!-- \/wp:list-item --><!-- wp:list-item --><\/p><p><!-- \/wp:list-item --><!-- wp:list-item --><\/p><p><!-- \/wp:list-item --><\/p><p><!-- \/wp:list --><!-- wp:paragraph --><\/p><p><span lang=\"EN-US\" style=\"font-size: 11.0pt; font-family: 'Verdana',sans-serif; mso-fareast-font-family: Calibri; mso-fareast-theme-font: minor-latin; mso-bidi-font-family: 'Times New Roman'; mso-bidi-theme-font: minor-bidi; mso-ansi-language: EN-US; mso-fareast-language: EN-US; mso-bidi-language: AR-SA;\">\u00a0<\/span><\/p><p><strong>Lanzamiento<\/strong><\/p><p><!-- \/wp:paragraph --><!-- wp:paragraph --><\/p><p><strong>El token BLOS se lanzar\u00e1 oficialmente a un precio de $0,08<\/strong>. Un fondo de liquidez por valor de <b>$120.000 y 1,5 millones de fichas BLOS<\/b>se crear\u00e1n en Uniswap, lo que garantizar\u00e1 la liquidez para el comercio de fichas. <strong>El fondo de liquidez Uniswap se bloquear\u00e1 durante 2 a\u00f1os<\/strong> .<\/p><p><!-- \/wp:paragraph --><!-- wp:separator --><\/p><hr \/><p><!-- \/wp:separator --><!-- wp:paragraph --><\/p><p><strong>\u00a0<\/strong><\/p><p><strong>Red<\/strong><\/p><p><!-- \/wp:paragraph --><!-- wp:paragraph --><\/p><p>Blossom Fund opera en la red Ethereum, conocida por su solidez, seguridad y accesibilidad. Las tarifas de transacci\u00f3n razonables de Ethereum y su amplia base de usuarios la convierten en la opci\u00f3n ideal para el token BLOS.<\/p><p><!-- \/wp:paragraph --><!-- wp:separator --><\/p><hr \/><p><!-- \/wp:separator --><!-- wp:paragraph --><\/p><p><strong>\u00a0<\/strong><\/p><p><strong>Tokenomics<\/strong><\/p><p><!-- \/wp:paragraph --><!-- wp:list --><\/p><ul><li style=\"list-style-type: none;\"><ul><!-- wp:list-item --><\/ul><\/li><\/ul><ul><li style=\"list-style-type: none;\"><ul><li><strong>Suministro total:<\/strong> 50.000.000 de fichas<\/li><\/ul><\/li><\/ul><p><!-- \/wp:list-item --><!-- wp:list-item --><\/p><ul><li style=\"list-style-type: none;\"><ul><li><strong>Venta anticipada:<\/strong> 40.000.000 de fichas<\/li><\/ul><\/li><\/ul><p><!-- \/wp:list-item --><!-- wp:list-item --><\/p><ul><li style=\"list-style-type: none;\"><ul><li><strong>Listados DEX\/CEX:<\/strong> 4.000.000 de fichas<\/li><\/ul><\/li><\/ul><p><!-- \/wp:list-item --><!-- wp:list-item --><\/p><ul><li style=\"list-style-type: none;\"><ul><li><strong>Bonificaciones\/Referencias:<\/strong> 4.000.000 de fichas<\/li><\/ul><\/li><\/ul><p><!-- \/wp:list-item --><!-- wp:list-item --><\/p><ul><li style=\"list-style-type: none;\"><ul><li><strong>Equipo:<\/strong> 2.000.000 de fichas<\/li><\/ul><\/li><\/ul><p><!-- \/wp:list-item --><\/p><p><!-- \/wp:list --><!-- wp:paragraph --><\/p><p><strong>Direcci\u00f3n de la ficha BLOS<\/strong>: 0x22585c8E2A7822a770fAe63B80BA0907bec837d0<\/p><p><!-- \/wp:paragraph --><!-- wp:separator --><\/p><hr \/><p><!-- \/wp:separator --><!-- wp:paragraph --><\/p><p><strong>\u00a0<\/strong><\/p><p><strong>Gesti\u00f3n de fondos y transparencia<\/strong><\/p><p><!-- \/wp:paragraph --><!-- wp:paragraph --><\/p><p>Blossom Fund invierte en fondos de renta variable establecidos y gestionados profesionalmente. Los inversores pueden revisar <strong>informes trimestrales<\/strong> sobre la rentabilidad del fondo, incluidos datos detallados sobre el rendimiento y el valor total del fondo.<\/p><p><!-- \/wp:paragraph --><!-- wp:paragraph --><\/p><p>Al vincular el token BLOS directamente a un fondo de acciones, Blossom proporciona <strong>una base segura y profesional<\/strong> para la creaci\u00f3n de valor a largo plazo. La transparencia es clave: en nuestro sitio web se publicar\u00e1n actualizaciones peri\u00f3dicas sobre la evoluci\u00f3n del fondo.<\/p><p><!-- \/wp:paragraph --><!-- wp:separator --><\/p><hr \/><p><!-- \/wp:separator --><!-- wp:paragraph --><\/p><p><strong>\u00a0<\/strong><\/p><p><strong>Mecanismo de recompra y quema<\/strong><\/p><p><!-- \/wp:paragraph --><!-- wp:paragraph --><\/p><p>A diferencia de otros criptoproyectos que recompensan a los inversores mediante apuestas, Blossom Fund adopta un enfoque diferente. Blossom Fund utilizar\u00e1 <strong>beneficios del fondo de acciones<\/strong> para recomprar y quemar fichas BLOS, <strong>reducir la oferta y aumentar la demanda<\/strong>d. Por ejemplo, si el fondo obtiene unos beneficios anuales de 7,5% ($1,5M * 7,5% = $112.500), aproximadamente <strong>1,4 millones de fichas<\/strong> <strong>podr\u00eda quemarse anualmente<\/strong> al precio de lanzamiento de $0,08. Esto podr\u00eda reducir la oferta total de 50 millones a 43 millones de fichas en cinco a\u00f1os.<\/p><p><!-- \/wp:list-item --><\/p><p><!-- \/wp:list --><!-- wp:paragraph --><\/p><p><!-- \/wp:paragraph --><!-- wp:paragraph --><\/p><p>Para mantener la liquidez, el mecanismo de recompra y quema cesar\u00e1 cuando la oferta total alcance los 25 millones de fichas.<\/p><p><!-- \/wp:paragraph --><!-- wp:separator --><\/p><hr \/><p><!-- \/wp:separator --><!-- wp:paragraph --><\/p><p><strong>\u00a0<\/strong><\/p><p><!-- \/wp:paragraph --><!-- wp:paragraph --><\/p><p><strong>Estrategia de marketing<\/strong><\/p><p><!-- \/wp:paragraph --><!-- wp:paragraph --><\/p><p>Blossom Fund desplegar\u00e1 diversas t\u00e1cticas de marketing durante la fase de preventa, entre las que se incluyen:<\/p><p><!-- \/wp:paragraph --><!-- wp:list --><\/p><ul><li style=\"list-style-type: none;\"><ul><!-- wp:list-item --><\/ul><\/li><\/ul><ul><li style=\"list-style-type: none;\"><ul><li>Publicidad en sitios web relevantes<\/li><\/ul><\/li><\/ul><p><!-- \/wp:list-item --><!-- wp:list-item --><\/p><ul><li style=\"list-style-type: none;\"><ul><li>Promociones Dexscreener<\/li><\/ul><\/li><\/ul><p><!-- \/wp:list-item --><!-- wp:list-item --><\/p><ul><li style=\"list-style-type: none;\"><ul><li>Colaboraciones con personas influyentes en YouTube, X (antes Twitter) y otras plataformas de medios sociales<\/li><\/ul><\/li><\/ul><p><!-- \/wp:list-item --><\/p><p><!-- \/wp:list --><!-- wp:paragraph --><\/p><p>A los influyentes se les ofrecer\u00e1 una compensaci\u00f3n, <strong>incluyendo un pago inicial de $100 y 2 x 50.000 tokens BLOS<\/strong> distribuidos 1 y 3 meses despu\u00e9s del lanzamiento.<\/p><p><!-- \/wp:paragraph --><!-- wp:separator --><\/p><hr \/><p><!-- \/wp:separator --><!-- wp:paragraph --><\/p><p><strong>\u00a0<\/strong><\/p><p><strong>El equipo Blossom<\/strong><\/p><p><!-- \/wp:paragraph --><!-- wp:list --><\/p><ul><li style=\"list-style-type: none;\"><ul><!-- wp:list-item --><\/ul><\/li><\/ul><ul><li style=\"list-style-type: none;\"><ul><li><strong>Director del proyecto:<\/strong> John (john@blossom-fund.com)<\/li><\/ul><\/li><\/ul><p><!-- \/wp:list-item --><!-- wp:list-item --><\/p><ul><li style=\"list-style-type: none;\"><ul><li><strong>Director de Marketing:<\/strong> Renata (renata@blossom-fund.com)<\/li><\/ul><\/li><\/ul><p><!-- \/wp:list-item --><!-- wp:list-item --><\/p><ul><li style=\"list-style-type: none;\"><ul><li><strong>Responsable t\u00e9cnico:<\/strong> Morris (morris@blossom-fund.com)<\/li><\/ul><\/li><\/ul><p><!-- \/wp:list-item --><\/p><p><!-- \/wp:list --><!-- wp:separator --><\/p><hr \/><p><!-- \/wp:separator --><!-- wp:paragraph --><\/p><p><strong>\u00a0<\/strong><\/p><p><strong>Compromiso con la transparencia y la confianza de los inversores<\/strong><\/p><p><!-- \/wp:paragraph --><!-- wp:paragraph --><\/p><p>Blossom Fund se compromete a proporcionar <strong>total transparencia<\/strong> a sus inversores:<\/p><p><!-- \/wp:paragraph --><!-- wp:list {\"ordered\":true,\"start\":1} --><\/p><ol start=\"1\"><li style=\"list-style-type: none;\"><ol start=\"1\"><!-- wp:list-item --><\/ol><\/li><\/ol><ol start=\"1\"><li style=\"list-style-type: none;\"><ol start=\"1\"><li><strong>Informes trimestrales de los fondos:<\/strong> Los informes detallados sobre la rentabilidad de los fondos se pondr\u00e1n a disposici\u00f3n del p\u00fablico en nuestro sitio web.<\/li><\/ol><\/li><\/ol><p><!-- \/wp:list-item --><\/p><p><!-- \/wp:list --><!-- wp:list {\"ordered\":true,\"start\":2} --><\/p><ol start=\"2\"><li style=\"list-style-type: none;\"><ol start=\"2\"><!-- wp:list-item --><\/ol><\/li><\/ol><ol start=\"2\"><li style=\"list-style-type: none;\"><ol start=\"2\"><li><strong>Red de seguridad de precios:<\/strong> Blossom Fund apoyar\u00e1 el precio del token BLOS comprando tokens a un <strong>precio m\u00ednimo de $0.02<\/strong>. Una parte del fondo se destinar\u00e1 a <strong>mantener esta red de seguridad<\/strong>contribuyendo a reforzar la confianza del mercado.<\/li><\/ol><\/li><\/ol><p><!-- \/wp:list-item --><\/p><p><!-- \/wp:list --><!-- wp:list {\"ordered\":true,\"start\":3} --><\/p><ol start=\"3\"><li style=\"list-style-type: none;\"><ol start=\"3\"><!-- wp:list-item --><\/ol><\/li><\/ol><ol start=\"3\"><li style=\"list-style-type: none;\"><ol start=\"3\"><li><strong>Quemar la visibilidad de la direcci\u00f3n:<\/strong> La direcci\u00f3n de la quema ser\u00e1 visible p\u00fablicamente en el sitio web de Blossom Fund, lo que permitir\u00e1 a los inversores hacer un seguimiento de cada quema de tokens.<\/li><\/ol><\/li><\/ol><p><!-- \/wp:list-item --><\/p><p><!-- \/wp:list --><!-- wp:separator --><\/p><hr \/><p><!-- \/wp:separator --><!-- wp:paragraph --><\/p><p><strong>PREGUNTAS FRECUENTES<\/strong><\/p><p><!-- \/wp:paragraph --><!-- wp:list {\"ordered\":true,\"start\":1} --><\/p><ol start=\"1\"><li style=\"list-style-type: none;\"><ol start=\"1\"><!-- wp:list-item --><\/ol><\/li><\/ol><ol start=\"1\"><li style=\"list-style-type: none;\"><ol start=\"1\"><li><strong>\u00bfD\u00f3nde puedo controlar los monederos del proyecto?<\/strong><\/li><\/ol><\/li><\/ol><p><!-- \/wp:list-item --><\/p><p><!-- \/wp:list --><!-- wp:paragraph --><\/p><p>Puedes utilizar un explorador de blockchain como etherscan para ver y monitorizar los monederos del proyecto. Nosotros usamos 4 monederos diferentes:<\/p><p><!-- \/wp:paragraph --><!-- wp:paragraph --><\/p><p>1. Monedero de preventa: 0xC0Fb55c12eAa5aF22A86A0FB3Bc1F2145776C02C<\/p><p><!-- \/wp:paragraph --><!-- wp:paragraph --><\/p><p>2. Cartera de marketing: 0xdFcAF43CE9AE57412AABF42683eEE4d313AeB74E<\/p><p><!-- \/wp:paragraph --><!-- wp:paragraph --><\/p><p>3. Cartera del equipo: 0xd2fC87D35A03c976e50BdcDA8e662B24EED7851E<\/p><p><!-- \/wp:paragraph --><!-- wp:paragraph --><\/p><p>4. Recomprar y quemar cartera: 0x1C67b17270c3236AD9f2b0857E6524A838a3Ab21<\/p><p><!-- \/wp:paragraph --><!-- wp:list {\"ordered\":true,\"start\":2} --><\/p><ol start=\"2\"><li style=\"list-style-type: none;\"><ol start=\"2\"><!-- wp:list-item --><\/ol><\/li><\/ol><ol start=\"2\"><li style=\"list-style-type: none;\"><ol start=\"2\"><li><strong>\u00bfPor qu\u00e9 es limitado el riesgo de invertir en el token BLOS?<\/strong><\/li><\/ol><\/li><\/ol><p><!-- \/wp:list-item --><\/p><p><!-- \/wp:list --><!-- wp:paragraph --><\/p><p>Cada trimestre, el beneficio (rendimiento) del fondo blossom se utilizar\u00e1 para recomprar y quemar el token BLOS. Esto limitar\u00e1 la oferta y, con una demanda decente, el precio del token subir\u00e1.<\/p><p><!-- \/wp:paragraph --><!-- wp:paragraph --><\/p><p>Otro factor es que el equipo apoyar\u00e1 el precio del token BLOS comprando tokens si el precio alcanza $0,02. Una parte del fondo se destinar\u00e1 a mantener esta red de seguridad, contribuyendo a generar confianza en el mercado.<\/p><p><!-- \/wp:paragraph --><!-- wp:list {\"ordered\":true,\"start\":3} --><\/p><ol start=\"3\"><li style=\"list-style-type: none;\"><ol start=\"3\"><!-- wp:list-item --><\/ol><\/li><\/ol><ol start=\"3\"><li style=\"list-style-type: none;\"><ol start=\"3\"><li><strong>\u00bfEn qu\u00e9 redes sociales puedo seguir sus actividades?<\/strong><\/li><\/ol><\/li><\/ol><p><!-- \/wp:list-item --><\/p><p><!-- \/wp:list --><!-- wp:paragraph --><\/p><p>Ofrecemos asistencia en nuestro canal p\u00fablico de Telegram:\u00a0<a href=\"https:\/\/t.me\/+mhgx-yZUTu44OWNk\"><span style=\"font-family: Verdana, sans-serif; font-size: 11pt; text-align: var(--text-align); background-color: var( --e-global-color-astglobalcolor4 ); color: var(--ast-global-color-3);\">https:\/\/t.me\/+mhgx-yZUTu44OWNk<\/span><\/a><\/p><p><!-- \/wp:paragraph --><!-- wp:paragraph --><\/p><p>Nuestros esfuerzos de marketing pueden seguirse en X: <a href=\"https:\/\/x.com\/Renata_blos\">https:\/\/x.com\/Renata_blos<\/a><\/p><p><!-- \/wp:paragraph --><!-- wp:list {\"ordered\":true,\"start\":4} --><\/p><ol start=\"4\"><li style=\"list-style-type: none;\"><ol start=\"4\"><!-- wp:list-item --><\/ol><\/li><\/ol><ol start=\"4\"><li style=\"list-style-type: none;\"><ol start=\"4\"><li><strong>\u00bfCu\u00e1ndo finalizar\u00e1 la preventa?<\/strong><\/li><\/ol><\/li><\/ol><p><!-- \/wp:list-item --><\/p><p><!-- \/wp:list --><!-- wp:paragraph --><\/p><p>La preventa finalizar\u00e1 cuando se hayan vendido los 40.000.000 de fichas.<\/p><p><!-- \/wp:paragraph --><!-- wp:list {\"ordered\":true,\"start\":5} --><\/p><ol start=\"5\"><li style=\"list-style-type: none;\"><ol start=\"5\"><!-- wp:list-item --><\/ol><\/li><\/ol><ol start=\"5\"><li style=\"list-style-type: none;\"><ol start=\"5\"><li><strong>\u00bfCu\u00e1l es la direcci\u00f3n de la ficha y en qu\u00e9 red se lanzar\u00e1?<\/strong>\u00a0<\/li><\/ol><\/li><\/ol><p>El token se lanzar\u00e1 en la red Ethereum, conocida por su solidez, seguridad y accesibilidad. Las tarifas de transacci\u00f3n razonables de Ethereum y su amplia base de usuarios la convierten en la opci\u00f3n ideal para el token BLOS.<\/p><p><!-- \/wp:list-item --><\/p><p><!-- \/wp:list --><!-- wp:paragraph --><\/p><p><strong>La direcci\u00f3n del token es: 0x22585c8E2A7822a770fAe63B80BA0907bec837d0<\/strong><\/p><p><!-- \/wp:paragraph --><!-- wp:paragraph --><\/p><p><strong>Este Libro Blanco puede descargarse en ingl\u00e9s aqu\u00ed:\u00a0 <a href=\"https:\/\/www.blossom-fund.com\/wp-content\/uploads\/2025\/08\/BLOSSOM-FUND-Whitepaper.pdf\">Libro Blanco del Fondo Blossom<\/a><\/strong><\/p><p><!-- \/wp:paragraph --><\/p>\t\t\t\t\t\t\t\t<\/div>\n\t\t\t\t<\/div>\n\t\t\t\t\t<\/div>\n\t\t\t\t<\/div>\n\t\t\t\t<\/div>","protected":false},"excerpt":{"rendered":"<p>White Paper Introduction The Blossom Fund (BLOS) offers a unique opportunity to participate in a professionally managed stock fund through [&hellip;]<\/p>","protected":false},"author":1,"featured_media":0,"parent":0,"menu_order":0,"comment_status":"closed","ping_status":"closed","template":"","meta":{"_seopress_robots_primary_cat":"","_seopress_titles_title":"This white paper explains all details about the project","_seopress_titles_desc":"The blossom fund white paper explains all details about the blossom fund project","_seopress_robots_index":"","site-sidebar-layout":"no-sidebar","site-content-layout":"","ast-site-content-layout":"normal-width-container","site-content-style":"default","site-sidebar-style":"default","ast-global-header-display":"","ast-banner-title-visibility":"","ast-main-header-display":"","ast-hfb-above-header-display":"","ast-hfb-below-header-display":"","ast-hfb-mobile-header-display":"","site-post-title":"disabled","ast-breadcrumbs-content":"","ast-featured-img":"","footer-sml-layout":"","theme-transparent-header-meta":"enabled","adv-header-id-meta":"","stick-header-meta":"","header-above-stick-meta":"","header-main-stick-meta":"","header-below-stick-meta":"","astra-migrate-meta-layouts":"default","ast-page-background-enabled":"default","ast-page-background-meta":{"desktop":{"background-color":"var(--ast-global-color-4)","background-image":"","background-repeat":"repeat","background-position":"center center","background-size":"auto","background-attachment":"scroll","background-type":"","background-media":"","overlay-type":"","overlay-color":"","overlay-opacity":"","overlay-gradient":""},"tablet":{"background-color":"","background-image":"","background-repeat":"repeat","background-position":"center center","background-size":"auto","background-attachment":"scroll","background-type":"","background-media":"","overlay-type":"","overlay-color":"","overlay-opacity":"","overlay-gradient":""},"mobile":{"background-color":"","background-image":"","background-repeat":"repeat","background-position":"center center","background-size":"auto","background-attachment":"scroll","background-type":"","background-media":"","overlay-type":"","overlay-color":"","overlay-opacity":"","overlay-gradient":""}},"ast-content-background-meta":{"desktop":{"background-color":"var(--ast-global-color-5)","background-image":"","background-repeat":"repeat","background-position":"center center","background-size":"auto","background-attachment":"scroll","background-type":"","background-media":"","overlay-type":"","overlay-color":"","overlay-opacity":"","overlay-gradient":""},"tablet":{"background-color":"var(--ast-global-color-5)","background-image":"","background-repeat":"repeat","background-position":"center center","background-size":"auto","background-attachment":"scroll","background-type":"","background-media":"","overlay-type":"","overlay-color":"","overlay-opacity":"","overlay-gradient":""},"mobile":{"background-color":"var(--ast-global-color-5)","background-image":"","background-repeat":"repeat","background-position":"center center","background-size":"auto","background-attachment":"scroll","background-type":"","background-media":"","overlay-type":"","overlay-color":"","overlay-opacity":"","overlay-gradient":""}},"footnotes":""},"class_list":["post-1126","page","type-page","status-publish","hentry"],"_links":{"self":[{"href":"https:\/\/www.blossom-fund.com\/es\/wp-json\/wp\/v2\/pages\/1126","targetHints":{"allow":["GET"]}}],"collection":[{"href":"https:\/\/www.blossom-fund.com\/es\/wp-json\/wp\/v2\/pages"}],"about":[{"href":"https:\/\/www.blossom-fund.com\/es\/wp-json\/wp\/v2\/types\/page"}],"author":[{"embeddable":true,"href":"https:\/\/www.blossom-fund.com\/es\/wp-json\/wp\/v2\/users\/1"}],"replies":[{"embeddable":true,"href":"https:\/\/www.blossom-fund.com\/es\/wp-json\/wp\/v2\/comments?post=1126"}],"version-history":[{"count":28,"href":"https:\/\/www.blossom-fund.com\/es\/wp-json\/wp\/v2\/pages\/1126\/revisions"}],"predecessor-version":[{"id":2447,"href":"https:\/\/www.blossom-fund.com\/es\/wp-json\/wp\/v2\/pages\/1126\/revisions\/2447"}],"wp:attachment":[{"href":"https:\/\/www.blossom-fund.com\/es\/wp-json\/wp\/v2\/media?parent=1126"}],"curies":[{"name":"wp","href":"https:\/\/api.w.org\/{rel}","templated":true}]}}