{"id":765,"date":"2024-11-29T12:20:32","date_gmt":"2024-11-29T12:20:32","guid":{"rendered":"https:\/\/www.blossom-fund.com\/index.php\/services\/"},"modified":"2025-08-20T12:31:10","modified_gmt":"2025-08-20T10:31:10","slug":"verspricht","status":"publish","type":"page","link":"https:\/\/www.blossom-fund.com\/de\/verspricht\/","title":{"rendered":"Unser Versprechen"},"content":{"rendered":"<div data-elementor-type=\"wp-page\" data-elementor-id=\"765\" class=\"elementor elementor-765\">\n\t\t\t\t<div class=\"elementor-element elementor-element-69de8c0 e-flex e-con-boxed e-con e-parent\" data-id=\"69de8c0\" data-element_type=\"container\" data-settings=\"{&quot;background_background&quot;:&quot;classic&quot;}\">\n\t\t\t\t\t<div class=\"e-con-inner\">\n\t\t\t\t<div class=\"elementor-element elementor-element-53e8d7b elementor-widget elementor-widget-heading\" data-id=\"53e8d7b\" data-element_type=\"widget\" data-widget_type=\"heading.default\">\n\t\t\t\t<div class=\"elementor-widget-container\">\n\t\t\t\t\t<h1 class=\"elementor-heading-title elementor-size-default\">Unsere Versprechen<\/h1>\t\t\t\t<\/div>\n\t\t\t\t<\/div>\n\t\t\t\t<div class=\"elementor-element elementor-element-2757b43 elementor-widget-divider--view-line elementor-widget elementor-widget-divider\" data-id=\"2757b43\" data-element_type=\"widget\" data-widget_type=\"divider.default\">\n\t\t\t\t<div class=\"elementor-widget-container\">\n\t\t\t\t\t\t\t<div class=\"elementor-divider\">\n\t\t\t<span class=\"elementor-divider-separator\">\n\t\t\t\t\t\t<\/span>\n\t\t<\/div>\n\t\t\t\t\t\t<\/div>\n\t\t\t\t<\/div>\n\t\t\t\t\t<\/div>\n\t\t\t\t<\/div>\n\t\t<div class=\"elementor-element elementor-element-7e50b6d e-flex e-con-boxed e-con e-parent\" data-id=\"7e50b6d\" data-element_type=\"container\" data-settings=\"{&quot;background_background&quot;:&quot;classic&quot;}\">\n\t\t\t\t\t<div class=\"e-con-inner\">\n\t\t<div class=\"elementor-element elementor-element-d901e05 e-con-full e-flex e-con e-child\" data-id=\"d901e05\" data-element_type=\"container\">\n\t\t<div class=\"elementor-element elementor-element-26e6360 e-con-full e-flex e-con e-child\" data-id=\"26e6360\" data-element_type=\"container\">\n\t\t\t\t<div class=\"elementor-element elementor-element-45f24cf elementor-widget elementor-widget-heading\" data-id=\"45f24cf\" data-element_type=\"widget\" data-widget_type=\"heading.default\">\n\t\t\t\t<div class=\"elementor-widget-container\">\n\t\t\t\t\t<h6 class=\"elementor-heading-title elementor-size-default\">01<\/h6>\t\t\t\t<\/div>\n\t\t\t\t<\/div>\n\t\t\t\t<div class=\"elementor-element elementor-element-56b9fce elementor-widget elementor-widget-icon-box\" data-id=\"56b9fce\" data-element_type=\"widget\" data-widget_type=\"icon-box.default\">\n\t\t\t\t<div class=\"elementor-widget-container\">\n\t\t\t\t\t\t\t<div class=\"elementor-icon-box-wrapper\">\n\n\t\t\t\n\t\t\t\t\t\t<div class=\"elementor-icon-box-content\">\n\n\t\t\t\t\t\t\t\t\t<h3 class=\"elementor-icon-box-title\">\n\t\t\t\t\t\t<span  >\n\t\t\t\t\t\t\tEngagement f\u00fcr Transparenz und Vertrauen der Anleger\t\t\t\t\t\t<\/span>\n\t\t\t\t\t<\/h3>\n\t\t\t\t\n\t\t\t\t\t\t\t\t\t<p class=\"elementor-icon-box-description\">\n\t\t\t\t\t\tBlossom Fund ist bestrebt, seinen Anlegern vollst\u00e4ndige Transparenz zu bieten:<br><br>\n\n1.\t<b>Viertelj\u00e4hrliche Fondsberichte:<\/b> Detaillierte Berichte \u00fcber die Wertentwicklung der Fonds werden der \u00d6ffentlichkeit auf unserer Website zur Verf\u00fcgung gestellt.<br><br>\n\n2.\t<b>Preis-Sicherheitsnetz:<\/b> Blossom Fund wird den Preis der BLOS-Token durch den Kauf von Token unterst\u00fctzen <b>zu einem Mindestpreis von $0,02<\/b>. Ein Teil des Fonds wird f\u00fcr die Aufrechterhaltung dieses Sicherheitsnetzes verwendet, um das Vertrauen des Marktes zu st\u00e4rken.<br>\n<br>\n3.\t<b>Sichtbarkeit der Brennadresse: <\/b>Die Adresse f\u00fcr die Verbrennung wird auf der Blossom Fund-Website angezeigt, so dass die Anleger jede Token-Verbrennung online verfolgen k\u00f6nnen.<br>\n<br>\n4. <b>Safe-Token-Vertrag: <\/b>Der BLOS-Token-Vertrag wurde von Skynet Certik verifiziert und erhielt eine Punktzahl von 100: <a href=\"https:\/\/skynet.certik.com\/tools\/token-scan\/eth\/0x22585c8E2A7822a770fAe63B80BA0907bec837d0\">https:\/\/skynet.certik.com<\/a>\n\n\t\t\t\t\t<\/p>\n\t\t\t\t\n\t\t\t<\/div>\n\t\t\t\n\t\t<\/div>\n\t\t\t\t\t\t<\/div>\n\t\t\t\t<\/div>\n\t\t\t\t<\/div>\n\t\t<div class=\"elementor-element elementor-element-0c893ef e-con-full e-flex e-con e-child\" data-id=\"0c893ef\" data-element_type=\"container\" data-settings=\"{&quot;background_background&quot;:&quot;classic&quot;}\">\n\t\t\t\t<div class=\"elementor-element elementor-element-aa25285 elementor-widget elementor-widget-heading\" data-id=\"aa25285\" data-element_type=\"widget\" data-widget_type=\"heading.default\">\n\t\t\t\t<div class=\"elementor-widget-container\">\n\t\t\t\t\t<h4 class=\"elementor-heading-title elementor-size-default\">Perfektes Token-Scan-Ergebnis von Skynet Certik \n\n<\/h4>\t\t\t\t<\/div>\n\t\t\t\t<\/div>\n\t\t\t\t<div class=\"elementor-element elementor-element-2959c4b elementor-widget elementor-widget-image\" data-id=\"2959c4b\" data-element_type=\"widget\" data-widget_type=\"image.default\">\n\t\t\t\t<div class=\"elementor-widget-container\">\n\t\t\t\t\t\t\t\t\t\t\t\t\t\t\t\t<a href=\"https:\/\/skynet.certik.com\/tools\/token-scan\/eth\/0x22585c8E2A7822a770fAe63B80BA0907bec837d0\">\n\t\t\t\t\t\t\t<img alt=\"\" fetchpriority=\"high\" decoding=\"async\" width=\"820\" height=\"820\" src=\"https:\/\/www.blossom-fund.com\/wp-content\/uploads\/2025\/07\/Blos-Certik-Skynet-100-820.png\" class=\"attachment-large size-large wp-image-2004\" srcset=\"https:\/\/www.blossom-fund.com\/wp-content\/uploads\/2025\/07\/Blos-Certik-Skynet-100-820.png 820w, https:\/\/www.blossom-fund.com\/wp-content\/uploads\/2025\/07\/Blos-Certik-Skynet-100-820-300x300.png 300w, https:\/\/www.blossom-fund.com\/wp-content\/uploads\/2025\/07\/Blos-Certik-Skynet-100-820-150x150.png 150w, https:\/\/www.blossom-fund.com\/wp-content\/uploads\/2025\/07\/Blos-Certik-Skynet-100-820-768x768.png 768w, https:\/\/www.blossom-fund.com\/wp-content\/uploads\/2025\/07\/Blos-Certik-Skynet-100-820-12x12.png 12w\" sizes=\"(max-width: 820px) 100vw, 820px\" \/>\t\t\t\t\t\t\t\t<\/a>\n\t\t\t\t\t\t\t\t\t\t\t\t\t\t\t<\/div>\n\t\t\t\t<\/div>\n\t\t\t\t<\/div>\n\t\t\t\t<\/div>\n\t\t\t\t<div class=\"elementor-element elementor-element-034f111 elementor-widget__width-inherit elementor-widget-divider--view-line elementor-widget elementor-widget-divider\" data-id=\"034f111\" data-element_type=\"widget\" data-widget_type=\"divider.default\">\n\t\t\t\t<div class=\"elementor-widget-container\">\n\t\t\t\t\t\t\t<div class=\"elementor-divider\">\n\t\t\t<span class=\"elementor-divider-separator\">\n\t\t\t\t\t\t<\/span>\n\t\t<\/div>\n\t\t\t\t\t\t<\/div>\n\t\t\t\t<\/div>\n\t\t<div class=\"elementor-element elementor-element-c58e727 e-con-full e-flex e-con e-child\" data-id=\"c58e727\" data-element_type=\"container\" data-settings=\"{&quot;background_background&quot;:&quot;classic&quot;}\">\n\t\t\t\t<\/div>\n\t\t<div class=\"elementor-element elementor-element-1e71b20 e-con-full e-flex e-con e-child\" data-id=\"1e71b20\" data-element_type=\"container\">\n\t\t\t\t<div class=\"elementor-element elementor-element-8ad108a elementor-widget elementor-widget-heading\" data-id=\"8ad108a\" data-element_type=\"widget\" data-widget_type=\"heading.default\">\n\t\t\t\t<div class=\"elementor-widget-container\">\n\t\t\t\t\t<h6 class=\"elementor-heading-title elementor-size-default\">02<\/h6>\t\t\t\t<\/div>\n\t\t\t\t<\/div>\n\t\t\t\t<div class=\"elementor-element elementor-element-348ee14 elementor-widget elementor-widget-icon-box\" data-id=\"348ee14\" data-element_type=\"widget\" data-widget_type=\"icon-box.default\">\n\t\t\t\t<div class=\"elementor-widget-container\">\n\t\t\t\t\t\t\t<div class=\"elementor-icon-box-wrapper\">\n\n\t\t\t\n\t\t\t\t\t\t<div class=\"elementor-icon-box-content\">\n\n\t\t\t\t\t\t\t\t\t<h3 class=\"elementor-icon-box-title\">\n\t\t\t\t\t\t<span  >\n\t\t\t\t\t\t\tProfessionelles Fondsmanagement\t\t\t\t\t\t<\/span>\n\t\t\t\t\t<\/h3>\n\t\t\t\t\n\t\t\t\t\t\t\t\t\t<p class=\"elementor-icon-box-description\">\n\t\t\t\t\t\tBlossom Fund investiert in etablierte und professionell verwaltete Aktienfonds. Die Anleger k\u00f6nnen monatliche Berichte \u00fcber die Wertentwicklung des Fonds einsehen, einschlie\u00dflich detaillierter Daten zu Rendite und Gesamtwert des Fonds.<br><br>\n\nIndem der BLOS-Token direkt mit einem Aktienfonds verkn\u00fcpft wird, <b>Blossom Fund bietet eine sichere und professionelle Grundlage<\/b> f\u00fcr eine langfristige Wertsch\u00f6pfung. Transparenz ist der Schl\u00fcssel - regelm\u00e4\u00dfige Updates \u00fcber die Fortschritte des Fonds werden auf unserer Website ver\u00f6ffentlicht<br>\n\t\t\t\t\t<\/p>\n\t\t\t\t\n\t\t\t<\/div>\n\t\t\t\n\t\t<\/div>\n\t\t\t\t\t\t<\/div>\n\t\t\t\t<\/div>\n\t\t\t\t<\/div>\n\t\t\t\t<div class=\"elementor-element elementor-element-e542bb1 elementor-widget__width-inherit elementor-widget-divider--view-line elementor-widget elementor-widget-divider\" data-id=\"e542bb1\" data-element_type=\"widget\" data-widget_type=\"divider.default\">\n\t\t\t\t<div class=\"elementor-widget-container\">\n\t\t\t\t\t\t\t<div class=\"elementor-divider\">\n\t\t\t<span class=\"elementor-divider-separator\">\n\t\t\t\t\t\t<\/span>\n\t\t<\/div>\n\t\t\t\t\t\t<\/div>\n\t\t\t\t<\/div>\n\t\t<div class=\"elementor-element elementor-element-34075b8 e-con-full e-flex e-con e-child\" data-id=\"34075b8\" data-element_type=\"container\">\n\t\t<div class=\"elementor-element elementor-element-82643f7 e-con-full e-flex e-con e-child\" data-id=\"82643f7\" data-element_type=\"container\">\n\t\t\t\t<div class=\"elementor-element elementor-element-497ceff elementor-widget elementor-widget-heading\" data-id=\"497ceff\" data-element_type=\"widget\" data-widget_type=\"heading.default\">\n\t\t\t\t<div class=\"elementor-widget-container\">\n\t\t\t\t\t<h6 class=\"elementor-heading-title elementor-size-default\">03<\/h6>\t\t\t\t<\/div>\n\t\t\t\t<\/div>\n\t\t\t\t<div class=\"elementor-element elementor-element-d0eaca3 elementor-widget elementor-widget-icon-box\" data-id=\"d0eaca3\" data-element_type=\"widget\" data-widget_type=\"icon-box.default\">\n\t\t\t\t<div class=\"elementor-widget-container\">\n\t\t\t\t\t\t\t<div class=\"elementor-icon-box-wrapper\">\n\n\t\t\t\n\t\t\t\t\t\t<div class=\"elementor-icon-box-content\">\n\n\t\t\t\t\t\t\t\t\t<h3 class=\"elementor-icon-box-title\">\n\t\t\t\t\t\t<span  >\n\t\t\t\t\t\t\tR\u00fcckkauf- und Verbrennungsmechanismus\n\n\t\t\t\t\t\t<\/span>\n\t\t\t\t\t<\/h3>\n\t\t\t\t\n\t\t\t\t\t\t\t\t\t<p class=\"elementor-icon-box-description\">\n\t\t\t\t\t\tIm Gegensatz zu anderen Krypto-Projekten, bei denen Investoren durch Eins\u00e4tze belohnt werden, verfolgt Blossom Fund einen anderen Ansatz.\n\nBlossom Fund wird die Gewinne aus dem Aktienfonds verwenden, um BLOS-Token zur\u00fcckzukaufen und zu verbrennen, <b>Verringerung des Angebots und Erh\u00f6hung der Nachfrage.<\/b><br><br>Erzielt der Fonds beispielsweise einen j\u00e4hrlichen Gewinn von 7,5% ($1,5M * 7,5% = $112.500), so sind etwa <b>1,4 Millionen Token werden j\u00e4hrlich verbrannt <\/b> basierend auf dem Einf\u00fchrungspreis von $0,08. Dies k\u00f6nnte das Gesamtangebot innerhalb von f\u00fcnf Jahren von 50 Millionen auf 43 Millionen Token reduzieren.<br><br>\nUm die Liquidit\u00e4t aufrechtzuerhalten, wird der R\u00fcckkauf- und Verbrennungsmechanismus eingestellt, sobald das Gesamtangebot 25 Millionen Token erreicht.\n\t\t\t\t\t<\/p>\n\t\t\t\t\n\t\t\t<\/div>\n\t\t\t\n\t\t<\/div>\n\t\t\t\t\t\t<\/div>\n\t\t\t\t<\/div>\n\t\t\t\t<\/div>\n\t\t<div class=\"elementor-element elementor-element-e25012f e-con-full e-flex e-con e-child\" data-id=\"e25012f\" data-element_type=\"container\" data-settings=\"{&quot;background_background&quot;:&quot;classic&quot;}\">\n\t\t\t\t<\/div>\n\t\t\t\t<\/div>\n\t\t\t\t<div class=\"elementor-element elementor-element-d61312f elementor-widget__width-inherit elementor-widget-divider--view-line elementor-widget elementor-widget-divider\" data-id=\"d61312f\" data-element_type=\"widget\" data-widget_type=\"divider.default\">\n\t\t\t\t<div class=\"elementor-widget-container\">\n\t\t\t\t\t\t\t<div class=\"elementor-divider\">\n\t\t\t<span class=\"elementor-divider-separator\">\n\t\t\t\t\t\t<\/span>\n\t\t<\/div>\n\t\t\t\t\t\t<\/div>\n\t\t\t\t<\/div>\n\t\t<div class=\"elementor-element elementor-element-c50e49a e-con-full e-flex e-con e-child\" data-id=\"c50e49a\" data-element_type=\"container\" data-settings=\"{&quot;background_background&quot;:&quot;classic&quot;}\">\n\t\t\t\t<\/div>\n\t\t<div class=\"elementor-element elementor-element-a457687 e-con-full e-flex e-con e-child\" data-id=\"a457687\" data-element_type=\"container\">\n\t\t\t\t<div class=\"elementor-element elementor-element-85db5a8 elementor-widget elementor-widget-heading\" data-id=\"85db5a8\" data-element_type=\"widget\" data-widget_type=\"heading.default\">\n\t\t\t\t<div class=\"elementor-widget-container\">\n\t\t\t\t\t<h6 class=\"elementor-heading-title elementor-size-default\">04<\/h6>\t\t\t\t<\/div>\n\t\t\t\t<\/div>\n\t\t\t\t<div class=\"elementor-element elementor-element-bf73553 elementor-widget elementor-widget-icon-box\" data-id=\"bf73553\" data-element_type=\"widget\" data-widget_type=\"icon-box.default\">\n\t\t\t\t<div class=\"elementor-widget-container\">\n\t\t\t\t\t\t\t<div class=\"elementor-icon-box-wrapper\">\n\n\t\t\t\n\t\t\t\t\t\t<div class=\"elementor-icon-box-content\">\n\n\t\t\t\t\t\t\t\t\t<h3 class=\"elementor-icon-box-title\">\n\t\t\t\t\t\t<span  >\n\t\t\t\t\t\t\tMarketing-Strategie\t\t\t\t\t\t<\/span>\n\t\t\t\t\t<\/h3>\n\t\t\t\t\n\t\t\t\t\t\t\t\t\t<p class=\"elementor-icon-box-description\">\n\t\t\t\t\t\tBlossom Fund wird in der Vorverkaufsphase eine Reihe von Marketingma\u00dfnahmen ergreifen, unter anderem:<br><br>\n\n-\t<b>Werbung auf einschl\u00e4gigen Websites<\/b><br><br>\n-\t<b>Pressemitteilungen auf Krypto-Nachrichtenseiten \u00fcber Chainwire: <a href=\"https:\/\/app.chainwire.org\/report\/LNyrwtjc\">Bericht \u00fcber die Deckung<\/a><\/b><br><br>\n-\t<b>Dexscreener-Aktionen<\/b><br><br>\n-\t<b>Kooperationen mit Influencern<\/b> auf YouTube, X (fr\u00fcher Twitter) und anderen Plattformen f\u00fcr soziale Medien<br>\n<br>\nInfluencern wird eine Entsch\u00e4digung angeboten, einschlie\u00dflich einer anf\u00e4nglichen Zahlung von $50\/$100 (je nach Anzahl der Follower) und 2 x 50.000 BLOS-Tokens, die 1 und 3 Monate nach dem Start verteilt werden. <b>Die Influencer m\u00fcssen mindestens 3 Mal pro Woche f\u00fcr das Projekt werben.<\/b> um f\u00fcr die Pr\u00e4mien in Frage zu kommen.\n\t\t\t\t\t<\/p>\n\t\t\t\t\n\t\t\t<\/div>\n\t\t\t\n\t\t<\/div>\n\t\t\t\t\t\t<\/div>\n\t\t\t\t<\/div>\n\t\t\t\t<\/div>\n\t\t\t\t\t<\/div>\n\t\t\t\t<\/div>\n\t\t\t\t<\/div>","protected":false},"excerpt":{"rendered":"<p>Our promises 01 Commitment to transparency and investor confidence Blossom Fund is committed to providing complete transparency to its investors: [&hellip;]<\/p>","protected":false},"author":1,"featured_media":0,"parent":0,"menu_order":0,"comment_status":"closed","ping_status":"closed","template":"","meta":{"_seopress_robots_primary_cat":"","_seopress_titles_title":"Our promises: commitment, investor confidence, transparency","_seopress_titles_desc":"Our team is committed to deliver transparency, extensive marketing and built a strong community with confidence","_seopress_robots_index":"","site-sidebar-layout":"no-sidebar","site-content-layout":"","ast-site-content-layout":"full-width-container","site-content-style":"default","site-sidebar-style":"default","ast-global-header-display":"","ast-banner-title-visibility":"","ast-main-header-display":"","ast-hfb-above-header-display":"","ast-hfb-below-header-display":"","ast-hfb-mobile-header-display":"","site-post-title":"disabled","ast-breadcrumbs-content":"","ast-featured-img":"disabled","footer-sml-layout":"","theme-transparent-header-meta":"enabled","adv-header-id-meta":"","stick-header-meta":"","header-above-stick-meta":"","header-main-stick-meta":"","header-below-stick-meta":"","astra-migrate-meta-layouts":"default","ast-page-background-enabled":"default","ast-page-background-meta":{"desktop":{"background-color":"var(--ast-global-color-4)","background-image":"","background-repeat":"repeat","background-position":"center center","background-size":"auto","background-attachment":"scroll","background-type":"","background-media":"","overlay-type":"","overlay-color":"","overlay-opacity":"","overlay-gradient":""},"tablet":{"background-color":"","background-image":"","background-repeat":"repeat","background-position":"center center","background-size":"auto","background-attachment":"scroll","background-type":"","background-media":"","overlay-type":"","overlay-color":"","overlay-opacity":"","overlay-gradient":""},"mobile":{"background-color":"","background-image":"","background-repeat":"repeat","background-position":"center center","background-size":"auto","background-attachment":"scroll","background-type":"","background-media":"","overlay-type":"","overlay-color":"","overlay-opacity":"","overlay-gradient":""}},"ast-content-background-meta":{"desktop":{"background-color":"var(--ast-global-color-5)","background-image":"","background-repeat":"repeat","background-position":"center center","background-size":"auto","background-attachment":"scroll","background-type":"","background-media":"","overlay-type":"","overlay-color":"","overlay-opacity":"","overlay-gradient":""},"tablet":{"background-color":"var(--ast-global-color-5)","background-image":"","background-repeat":"repeat","background-position":"center center","background-size":"auto","background-attachment":"scroll","background-type":"","background-media":"","overlay-type":"","overlay-color":"","overlay-opacity":"","overlay-gradient":""},"mobile":{"background-color":"var(--ast-global-color-5)","background-image":"","background-repeat":"repeat","background-position":"center center","background-size":"auto","background-attachment":"scroll","background-type":"","background-media":"","overlay-type":"","overlay-color":"","overlay-opacity":"","overlay-gradient":""}},"footnotes":""},"class_list":["post-765","page","type-page","status-publish","hentry"],"_links":{"self":[{"href":"https:\/\/www.blossom-fund.com\/de\/wp-json\/wp\/v2\/pages\/765","targetHints":{"allow":["GET"]}}],"collection":[{"href":"https:\/\/www.blossom-fund.com\/de\/wp-json\/wp\/v2\/pages"}],"about":[{"href":"https:\/\/www.blossom-fund.com\/de\/wp-json\/wp\/v2\/types\/page"}],"author":[{"embeddable":true,"href":"https:\/\/www.blossom-fund.com\/de\/wp-json\/wp\/v2\/users\/1"}],"replies":[{"embeddable":true,"href":"https:\/\/www.blossom-fund.com\/de\/wp-json\/wp\/v2\/comments?post=765"}],"version-history":[{"count":48,"href":"https:\/\/www.blossom-fund.com\/de\/wp-json\/wp\/v2\/pages\/765\/revisions"}],"predecessor-version":[{"id":2452,"href":"https:\/\/www.blossom-fund.com\/de\/wp-json\/wp\/v2\/pages\/765\/revisions\/2452"}],"wp:attachment":[{"href":"https:\/\/www.blossom-fund.com\/de\/wp-json\/wp\/v2\/media?parent=765"}],"curies":[{"name":"wp","href":"https:\/\/api.w.org\/{rel}","templated":true}]}}