{"id":764,"date":"2024-11-29T12:20:32","date_gmt":"2024-11-29T12:20:32","guid":{"rendered":"https:\/\/www.blossom-fund.com\/index.php\/about\/"},"modified":"2025-08-06T15:37:57","modified_gmt":"2025-08-06T13:37:57","slug":"uber","status":"publish","type":"page","link":"https:\/\/www.blossom-fund.com\/de\/uber\/","title":{"rendered":"\u00dcber uns"},"content":{"rendered":"<div data-elementor-type=\"wp-page\" data-elementor-id=\"764\" class=\"elementor elementor-764\">\n\t\t\t\t<div class=\"elementor-element elementor-element-3837895 e-flex e-con-boxed e-con e-parent\" data-id=\"3837895\" data-element_type=\"container\" data-settings=\"{&quot;background_background&quot;:&quot;classic&quot;}\">\n\t\t\t\t\t<div class=\"e-con-inner\">\n\t\t\t\t<div class=\"elementor-element elementor-element-b02c909 elementor-widget elementor-widget-heading\" data-id=\"b02c909\" data-element_type=\"widget\" data-widget_type=\"heading.default\">\n\t\t\t\t<div class=\"elementor-widget-container\">\n\t\t\t\t\t<h1 class=\"elementor-heading-title elementor-size-default\">\u00dcber uns<\/h1>\t\t\t\t<\/div>\n\t\t\t\t<\/div>\n\t\t\t\t<div class=\"elementor-element elementor-element-4da1209 elementor-widget-divider--view-line elementor-widget elementor-widget-divider\" data-id=\"4da1209\" data-element_type=\"widget\" data-widget_type=\"divider.default\">\n\t\t\t\t<div class=\"elementor-widget-container\">\n\t\t\t\t\t\t\t<div class=\"elementor-divider\">\n\t\t\t<span class=\"elementor-divider-separator\">\n\t\t\t\t\t\t<\/span>\n\t\t<\/div>\n\t\t\t\t\t\t<\/div>\n\t\t\t\t<\/div>\n\t\t\t\t\t<\/div>\n\t\t\t\t<\/div>\n\t\t<div class=\"elementor-element elementor-element-c12b3f5 e-flex e-con-boxed e-con e-parent\" data-id=\"c12b3f5\" data-element_type=\"container\" data-settings=\"{&quot;background_background&quot;:&quot;classic&quot;}\">\n\t\t\t\t\t<div class=\"e-con-inner\">\n\t\t<div class=\"elementor-element elementor-element-c0c07f0 e-con-full e-flex e-con e-child\" data-id=\"c0c07f0\" data-element_type=\"container\">\n\t\t\t\t<div class=\"elementor-element elementor-element-90c20f5 elementor-widget elementor-widget-heading\" data-id=\"90c20f5\" data-element_type=\"widget\" data-widget_type=\"heading.default\">\n\t\t\t\t<div class=\"elementor-widget-container\">\n\t\t\t\t\t<h6 class=\"elementor-heading-title elementor-size-default\">Wer wir sind<\/h6>\t\t\t\t<\/div>\n\t\t\t\t<\/div>\n\t\t\t\t<div class=\"elementor-element elementor-element-7722c63 elementor-widget elementor-widget-heading\" data-id=\"7722c63\" data-element_type=\"widget\" data-widget_type=\"heading.default\">\n\t\t\t\t<div class=\"elementor-widget-container\">\n\t\t\t\t\t<h5 class=\"elementor-heading-title elementor-size-default\">Wir sind ein engagiertes Team mit jahrelanger Erfahrung in den Bereichen Marketing, Krypto und Gobal-Finanzanlagen.<\/h5>\t\t\t\t<\/div>\n\t\t\t\t<\/div>\n\t\t\t\t<\/div>\n\t\t<div class=\"elementor-element elementor-element-101d3f4 e-con-full e-flex e-con e-child\" data-id=\"101d3f4\" data-element_type=\"container\">\n\t\t\t\t<div class=\"elementor-element elementor-element-ff6bfc2 elementor-widget elementor-widget-icon-box\" data-id=\"ff6bfc2\" data-element_type=\"widget\" data-widget_type=\"icon-box.default\">\n\t\t\t\t<div class=\"elementor-widget-container\">\n\t\t\t\t\t\t\t<div class=\"elementor-icon-box-wrapper\">\n\n\t\t\t\n\t\t\t\t\t\t<div class=\"elementor-icon-box-content\">\n\n\t\t\t\t\t\t\t\t\t<h3 class=\"elementor-icon-box-title\">\n\t\t\t\t\t\t<span  >\n\t\t\t\t\t\t\tEine einmalige Gelegenheit f\u00fcr Investoren\t\t\t\t\t\t<\/span>\n\t\t\t\t\t<\/h3>\n\t\t\t\t\n\t\t\t\t\t\t\t\t\t<p class=\"elementor-icon-box-description\">\n\t\t\t\t\t\tTraditionell erfordert der Zugang zu professionellem Fondsmanagement\neine betr\u00e4chtliche Investition - oft in H\u00f6he von $500.000 oder mehr. \n\n<b>Blossom Fund \u00fcberwindet diese Barriere<\/b>, und erm\u00f6glicht es jedem, durch den Kauf von BLOS-Token von einem fachkundigen Fondsmanagement zu profitieren.\n<br><br>\n\n\nMit Blossom Fund k\u00f6nnen Anleger \"kaufen und\nhalten\" und dabei von laufenden Token-R\u00fcckk\u00e4ufen und -Verbrennungen profitieren, die\nAngebot stetig reduzieren und die Nachfrage erh\u00f6hen. <b>Diese passive, langfristige Strategie ist\ndarauf ausgelegt, erhebliche Ertr\u00e4ge zu erzielen<\/b> im Laufe der Zeit.\t\t\t\t\t<\/p>\n\t\t\t\t\n\t\t\t<\/div>\n\t\t\t\n\t\t<\/div>\n\t\t\t\t\t\t<\/div>\n\t\t\t\t<\/div>\n\t\t\t\t<\/div>\n\t\t\t\t<div class=\"elementor-element elementor-element-fee9e83 elementor-widget-divider--view-line elementor-widget elementor-widget-divider\" data-id=\"fee9e83\" data-element_type=\"widget\" data-widget_type=\"divider.default\">\n\t\t\t\t<div class=\"elementor-widget-container\">\n\t\t\t\t\t\t\t<div class=\"elementor-divider\">\n\t\t\t<span class=\"elementor-divider-separator\">\n\t\t\t\t\t\t<\/span>\n\t\t<\/div>\n\t\t\t\t\t\t<\/div>\n\t\t\t\t<\/div>\n\t\t<div class=\"elementor-element elementor-element-f73764e e-con-full e-flex e-con e-child\" data-id=\"f73764e\" data-element_type=\"container\">\n\t\t\t\t<div class=\"elementor-element elementor-element-0669969 elementor-widget elementor-widget-icon-box\" data-id=\"0669969\" data-element_type=\"widget\" data-widget_type=\"icon-box.default\">\n\t\t\t\t<div class=\"elementor-widget-container\">\n\t\t\t\t\t\t\t<div class=\"elementor-icon-box-wrapper\">\n\n\t\t\t\n\t\t\t\t\t\t<div class=\"elementor-icon-box-content\">\n\n\t\t\t\t\t\t\t\t\t<h3 class=\"elementor-icon-box-title\">\n\t\t\t\t\t\t<span  >\n\t\t\t\t\t\t\tFachliche Kompetenz\t\t\t\t\t\t<\/span>\n\t\t\t\t\t<\/h3>\n\t\t\t\t\n\t\t\t\t\t\t\t\t\t<p class=\"elementor-icon-box-description\">\n\t\t\t\t\t\tJeder kann von unserer umfangreichen Erfahrung im Bereich Krypto und Finanzmarkt profitieren.\t\t\t\t\t<\/p>\n\t\t\t\t\n\t\t\t<\/div>\n\t\t\t\n\t\t<\/div>\n\t\t\t\t\t\t<\/div>\n\t\t\t\t<\/div>\n\t\t\t\t<\/div>\n\t\t<div class=\"elementor-element elementor-element-bcc1eec e-con-full e-flex e-con e-child\" data-id=\"bcc1eec\" data-element_type=\"container\">\n\t\t\t\t<div class=\"elementor-element elementor-element-9a95309 elementor-widget elementor-widget-icon-box\" data-id=\"9a95309\" data-element_type=\"widget\" data-widget_type=\"icon-box.default\">\n\t\t\t\t<div class=\"elementor-widget-container\">\n\t\t\t\t\t\t\t<div class=\"elementor-icon-box-wrapper\">\n\n\t\t\t\n\t\t\t\t\t\t<div class=\"elementor-icon-box-content\">\n\n\t\t\t\t\t\t\t\t\t<h3 class=\"elementor-icon-box-title\">\n\t\t\t\t\t\t<span  >\n\t\t\t\t\t\t\tBew\u00e4hrte Strategien\t\t\t\t\t\t<\/span>\n\t\t\t\t\t<\/h3>\n\t\t\t\t\n\t\t\t\t\t\t\t\t\t<p class=\"elementor-icon-box-description\">\n\t\t\t\t\t\tWir reden nicht nur dar\u00fcber, wir gehen auch danach. Unsere Anlagestrategien sind erprobt, getestet und liefern nachweislich Ergebnisse.\t\t\t\t\t<\/p>\n\t\t\t\t\n\t\t\t<\/div>\n\t\t\t\n\t\t<\/div>\n\t\t\t\t\t\t<\/div>\n\t\t\t\t<\/div>\n\t\t\t\t<\/div>\n\t\t<div class=\"elementor-element elementor-element-270beb9 e-con-full e-flex e-con e-child\" data-id=\"270beb9\" data-element_type=\"container\">\n\t\t\t\t<div class=\"elementor-element elementor-element-bfa2b84 elementor-widget elementor-widget-icon-box\" data-id=\"bfa2b84\" data-element_type=\"widget\" data-widget_type=\"icon-box.default\">\n\t\t\t\t<div class=\"elementor-widget-container\">\n\t\t\t\t\t\t\t<div class=\"elementor-icon-box-wrapper\">\n\n\t\t\t\n\t\t\t\t\t\t<div class=\"elementor-icon-box-content\">\n\n\t\t\t\t\t\t\t\t\t<h3 class=\"elementor-icon-box-title\">\n\t\t\t\t\t\t<span  >\n\t\t\t\t\t\t\tPersonalisierte Unterst\u00fctzung\t\t\t\t\t\t<\/span>\n\t\t\t\t\t<\/h3>\n\t\t\t\t\n\t\t\t\t\t\t\t\t\t<p class=\"elementor-icon-box-description\">\n\t\t\t\t\t\tWir bieten pers\u00f6nliche Unterst\u00fctzung und Anleitung auf unserem \u00f6ffentlichen Telegrammkanal.\t\t\t\t\t<\/p>\n\t\t\t\t\n\t\t\t<\/div>\n\t\t\t\n\t\t<\/div>\n\t\t\t\t\t\t<\/div>\n\t\t\t\t<\/div>\n\t\t\t\t<\/div>\n\t\t\t\t\t<\/div>\n\t\t\t\t<\/div>\n\t\t<div class=\"elementor-element elementor-element-bc3b5ed e-flex e-con-boxed e-con e-parent\" data-id=\"bc3b5ed\" data-element_type=\"container\" data-settings=\"{&quot;background_background&quot;:&quot;classic&quot;}\">\n\t\t\t\t\t<div class=\"e-con-inner\">\n\t\t\t\t<div class=\"elementor-element elementor-element-981cb17 elementor-widget-divider--view-line elementor-widget elementor-widget-divider\" data-id=\"981cb17\" data-element_type=\"widget\" data-widget_type=\"divider.default\">\n\t\t\t\t<div class=\"elementor-widget-container\">\n\t\t\t\t\t\t\t<div class=\"elementor-divider\">\n\t\t\t<span class=\"elementor-divider-separator\">\n\t\t\t\t\t\t<\/span>\n\t\t<\/div>\n\t\t\t\t\t\t<\/div>\n\t\t\t\t<\/div>\n\t\t\t\t<div class=\"elementor-element elementor-element-99d72db elementor-widget elementor-widget-heading\" data-id=\"99d72db\" data-element_type=\"widget\" data-widget_type=\"heading.default\">\n\t\t\t\t<div class=\"elementor-widget-container\">\n\t\t\t\t\t<h4 class=\"elementor-heading-title elementor-size-default\">\"Kultivieren Sie Disziplin in Ihrer Strategie, Geduld in Ihrer Herangehensweise und Widerstandsf\u00e4higkeit bei Widrigkeiten. In der volatilen Welt der Krypto-Investitionen geht es nicht nur darum, die richtigen Schritte zu machen, sondern auch darum, den St\u00fcrmen mit unersch\u00fctterlichem Vertrauen zu trotzen. Denken Sie daran, dass es beim Erfolg nicht darum geht, mit Ihrem Geld zu spielen; es geht darum, eine solide Rendite zu erzielen. Bleiben Sie konzentriert, bleiben Sie scharfsinnig und lassen Sie unsere Strategie B\u00e4nde sprechen.\"<\/h4>\t\t\t\t<\/div>\n\t\t\t\t<\/div>\n\t\t\t\t\t<\/div>\n\t\t\t\t<\/div>\n\t\t<div class=\"elementor-element elementor-element-8c6cfc3 e-flex e-con-boxed e-con e-parent\" data-id=\"8c6cfc3\" data-element_type=\"container\" data-settings=\"{&quot;background_background&quot;:&quot;classic&quot;}\">\n\t\t\t\t\t<div class=\"e-con-inner\">\n\t\t\t\t<div class=\"elementor-element elementor-element-60b80bf elementor-widget elementor-widget-heading\" data-id=\"60b80bf\" data-element_type=\"widget\" data-widget_type=\"heading.default\">\n\t\t\t\t<div class=\"elementor-widget-container\">\n\t\t\t\t\t<h6 class=\"elementor-heading-title elementor-size-default\">Unser Auftrag<\/h6>\t\t\t\t<\/div>\n\t\t\t\t<\/div>\n\t\t\t\t<div class=\"elementor-element elementor-element-06ff70e elementor-widget elementor-widget-heading\" data-id=\"06ff70e\" data-element_type=\"widget\" data-widget_type=\"heading.default\">\n\t\t\t\t<div class=\"elementor-widget-container\">\n\t\t\t\t\t<h3 class=\"elementor-heading-title elementor-size-default\">Unsere Mission ist einfach: Wir wollen es jedem erm\u00f6glichen, seine Investitionen aufbl\u00fchen zu lassen, indem wir das Know-how erstklassiger Fondsmanager nutzen und mit den Gewinnen und Dividenden einen nachhaltigen Wert f\u00fcr den BLOS-Token schaffen.<\/h3>\t\t\t\t<\/div>\n\t\t\t\t<\/div>\n\t\t\t\t\t<\/div>\n\t\t\t\t<\/div>\n\t\t<div class=\"elementor-element elementor-element-9ab8572 e-grid e-con-boxed e-con e-parent\" data-id=\"9ab8572\" data-element_type=\"container\" data-settings=\"{&quot;background_background&quot;:&quot;classic&quot;}\">\n\t\t\t\t\t<div class=\"e-con-inner\">\n\t\t\t\t<div class=\"elementor-element elementor-element-75f0892 elementor-widget elementor-widget-text-editor\" data-id=\"75f0892\" data-element_type=\"widget\" data-widget_type=\"text-editor.default\">\n\t\t\t\t<div class=\"elementor-widget-container\">\n\t\t\t\t\t\t\t\t\t<h4>Das Blossom-Team<\/h4><p><b><span lang=\"EN-US\">Projektleiter:<\/span> <\/b><\/p><p><b><span lang=\"EN-US\">John (john@blossom-fund.com)\u00a0 \u00a0 \u00a0 \u00a0 \u00a0 \u00a0 \u00a0 \u00a0 \u00a0 \u00a0 \u00a0<\/span><\/b><img alt=\"\" decoding=\"async\" class=\"size-thumbnail wp-image-935 alignnone\" style=\"font-weight: inherit;\" src=\"https:\/\/www.blossom-fund.com\/wp-content\/uploads\/2025\/03\/Project-manager-nb-150x150.png\" width=\"150\" height=\"150\" srcset=\"https:\/\/www.blossom-fund.com\/wp-content\/uploads\/2025\/03\/Project-manager-nb-150x150.png 150w, https:\/\/www.blossom-fund.com\/wp-content\/uploads\/2025\/03\/Project-manager-nb-300x300.png 300w, https:\/\/www.blossom-fund.com\/wp-content\/uploads\/2025\/03\/Project-manager-nb-768x768.png 768w, https:\/\/www.blossom-fund.com\/wp-content\/uploads\/2025\/03\/Project-manager-nb-12x12.png 12w, https:\/\/www.blossom-fund.com\/wp-content\/uploads\/2025\/03\/Project-manager-nb.png 1024w\" sizes=\"(max-width: 150px) 100vw, 150px\" \/><\/p><p><b><span lang=\"EN-US\">Marketingleiter:<\/span> <\/b><\/p><p><b><span lang=\"EN-US\">Renata (renata@blossom-fund.com)\u00a0 \u00a0 \u00a0 \u00a0 \u00a0 \u00a0<\/span><\/b><img alt=\"\" decoding=\"async\" class=\"alignnone size-thumbnail wp-image-941\" style=\"font-weight: inherit;\" src=\"https:\/\/www.blossom-fund.com\/wp-content\/uploads\/2025\/03\/Marketing-manager-nb-2-150x150.png\" width=\"150\" height=\"150\" srcset=\"https:\/\/www.blossom-fund.com\/wp-content\/uploads\/2025\/03\/Marketing-manager-nb-2-150x150.png 150w, https:\/\/www.blossom-fund.com\/wp-content\/uploads\/2025\/03\/Marketing-manager-nb-2-300x300.png 300w, https:\/\/www.blossom-fund.com\/wp-content\/uploads\/2025\/03\/Marketing-manager-nb-2-768x768.png 768w, https:\/\/www.blossom-fund.com\/wp-content\/uploads\/2025\/03\/Marketing-manager-nb-2-12x12.png 12w, https:\/\/www.blossom-fund.com\/wp-content\/uploads\/2025\/03\/Marketing-manager-nb-2.png 1024w\" sizes=\"(max-width: 150px) 100vw, 150px\" \/><b style=\"font-style: inherit;\"><span lang=\"EN-US\">\u00a0<\/span><\/b><\/p><p><b><span lang=\"EN-US\">Technische Leitung:<\/span> <\/b><\/p><p><b><span lang=\"EN-US\">Morris (morris@blossom-fund.com)\u00a0 \u00a0 \u00a0 \u00a0 \u00a0 \u00a0 \u00a0 <\/span><\/b><img alt=\"\" decoding=\"async\" class=\"alignnone size-thumbnail wp-image-936\" style=\"font-weight: inherit;\" src=\"https:\/\/www.blossom-fund.com\/wp-content\/uploads\/2025\/03\/Technical-lead-nb-150x150.png\" width=\"150\" height=\"150\" srcset=\"https:\/\/www.blossom-fund.com\/wp-content\/uploads\/2025\/03\/Technical-lead-nb-150x150.png 150w, https:\/\/www.blossom-fund.com\/wp-content\/uploads\/2025\/03\/Technical-lead-nb-300x300.png 300w, https:\/\/www.blossom-fund.com\/wp-content\/uploads\/2025\/03\/Technical-lead-nb-768x768.png 768w, https:\/\/www.blossom-fund.com\/wp-content\/uploads\/2025\/03\/Technical-lead-nb-12x12.png 12w, https:\/\/www.blossom-fund.com\/wp-content\/uploads\/2025\/03\/Technical-lead-nb.png 1024w\" sizes=\"(max-width: 150px) 100vw, 150px\" \/><\/p>\t\t\t\t\t\t\t\t<\/div>\n\t\t\t\t<\/div>\n\t\t\t\t\t<\/div>\n\t\t\t\t<\/div>\n\t\t\t\t<\/div>","protected":false},"excerpt":{"rendered":"<p>About us Who we are We are a dedicated team with years of experience in marketing, crypto and gobal financial [&hellip;]<\/p>","protected":false},"author":1,"featured_media":0,"parent":0,"menu_order":0,"comment_status":"closed","ping_status":"closed","template":"","meta":{"_seopress_robots_primary_cat":"","_seopress_titles_title":"Team with experience in marketing, crypto, stock investments","_seopress_titles_desc":"Dedicated team using proven strategies with Blossom Fund's professional management and personalized support","_seopress_robots_index":"","site-sidebar-layout":"no-sidebar","site-content-layout":"","ast-site-content-layout":"full-width-container","site-content-style":"default","site-sidebar-style":"default","ast-global-header-display":"","ast-banner-title-visibility":"","ast-main-header-display":"","ast-hfb-above-header-display":"","ast-hfb-below-header-display":"","ast-hfb-mobile-header-display":"","site-post-title":"disabled","ast-breadcrumbs-content":"","ast-featured-img":"disabled","footer-sml-layout":"","theme-transparent-header-meta":"enabled","adv-header-id-meta":"","stick-header-meta":"","header-above-stick-meta":"","header-main-stick-meta":"","header-below-stick-meta":"","astra-migrate-meta-layouts":"default","ast-page-background-enabled":"default","ast-page-background-meta":{"desktop":{"background-color":"var(--ast-global-color-4)","background-image":"","background-repeat":"repeat","background-position":"center center","background-size":"auto","background-attachment":"scroll","background-type":"","background-media":"","overlay-type":"","overlay-color":"","overlay-opacity":"","overlay-gradient":""},"tablet":{"background-color":"","background-image":"","background-repeat":"repeat","background-position":"center center","background-size":"auto","background-attachment":"scroll","background-type":"","background-media":"","overlay-type":"","overlay-color":"","overlay-opacity":"","overlay-gradient":""},"mobile":{"background-color":"","background-image":"","background-repeat":"repeat","background-position":"center center","background-size":"auto","background-attachment":"scroll","background-type":"","background-media":"","overlay-type":"","overlay-color":"","overlay-opacity":"","overlay-gradient":""}},"ast-content-background-meta":{"desktop":{"background-color":"var(--ast-global-color-5)","background-image":"","background-repeat":"repeat","background-position":"center center","background-size":"auto","background-attachment":"scroll","background-type":"","background-media":"","overlay-type":"","overlay-color":"","overlay-opacity":"","overlay-gradient":""},"tablet":{"background-color":"var(--ast-global-color-5)","background-image":"","background-repeat":"repeat","background-position":"center center","background-size":"auto","background-attachment":"scroll","background-type":"","background-media":"","overlay-type":"","overlay-color":"","overlay-opacity":"","overlay-gradient":""},"mobile":{"background-color":"var(--ast-global-color-5)","background-image":"","background-repeat":"repeat","background-position":"center center","background-size":"auto","background-attachment":"scroll","background-type":"","background-media":"","overlay-type":"","overlay-color":"","overlay-opacity":"","overlay-gradient":""}},"footnotes":""},"class_list":["post-764","page","type-page","status-publish","hentry"],"_links":{"self":[{"href":"https:\/\/www.blossom-fund.com\/de\/wp-json\/wp\/v2\/pages\/764","targetHints":{"allow":["GET"]}}],"collection":[{"href":"https:\/\/www.blossom-fund.com\/de\/wp-json\/wp\/v2\/pages"}],"about":[{"href":"https:\/\/www.blossom-fund.com\/de\/wp-json\/wp\/v2\/types\/page"}],"author":[{"embeddable":true,"href":"https:\/\/www.blossom-fund.com\/de\/wp-json\/wp\/v2\/users\/1"}],"replies":[{"embeddable":true,"href":"https:\/\/www.blossom-fund.com\/de\/wp-json\/wp\/v2\/comments?post=764"}],"version-history":[{"count":20,"href":"https:\/\/www.blossom-fund.com\/de\/wp-json\/wp\/v2\/pages\/764\/revisions"}],"predecessor-version":[{"id":2422,"href":"https:\/\/www.blossom-fund.com\/de\/wp-json\/wp\/v2\/pages\/764\/revisions\/2422"}],"wp:attachment":[{"href":"https:\/\/www.blossom-fund.com\/de\/wp-json\/wp\/v2\/media?parent=764"}],"curies":[{"name":"wp","href":"https:\/\/api.w.org\/{rel}","templated":true}]}}