{"id":1664,"date":"2025-07-16T15:26:25","date_gmt":"2025-07-16T13:26:25","guid":{"rendered":"https:\/\/www.blossom-fund.com\/?page_id=1664"},"modified":"2025-08-25T12:43:14","modified_gmt":"2025-08-25T10:43:14","slug":"meme-munzen","status":"publish","type":"page","link":"https:\/\/www.blossom-fund.com\/de\/meme-munzen\/","title":{"rendered":"Meme-M\u00fcnzen"},"content":{"rendered":"<div data-elementor-type=\"wp-page\" data-elementor-id=\"1664\" class=\"elementor elementor-1664\">\n\t\t\t\t<div class=\"elementor-element elementor-element-3ab7125c e-flex e-con-boxed e-con e-parent\" data-id=\"3ab7125c\" data-element_type=\"container\" data-settings=\"{&quot;background_background&quot;:&quot;classic&quot;}\">\n\t\t\t\t\t<div class=\"e-con-inner\">\n\t\t\t\t<div class=\"elementor-element elementor-element-3a2b9f18 elementor-widget elementor-widget-heading\" data-id=\"3a2b9f18\" data-element_type=\"widget\" data-widget_type=\"heading.default\">\n\t\t\t\t<div class=\"elementor-widget-container\">\n\t\t\t\t\t<h1 class=\"elementor-heading-title elementor-size-default\">Meme-M\u00fcnzen<\/h1>\t\t\t\t<\/div>\n\t\t\t\t<\/div>\n\t\t\t\t<div class=\"elementor-element elementor-element-35c6976a elementor-widget-divider--view-line elementor-widget elementor-widget-divider\" data-id=\"35c6976a\" data-element_type=\"widget\" data-widget_type=\"divider.default\">\n\t\t\t\t<div class=\"elementor-widget-container\">\n\t\t\t\t\t\t\t<div class=\"elementor-divider\">\n\t\t\t<span class=\"elementor-divider-separator\">\n\t\t\t\t\t\t<\/span>\n\t\t<\/div>\n\t\t\t\t\t\t<\/div>\n\t\t\t\t<\/div>\n\t\t\t\t\t<\/div>\n\t\t\t\t<\/div>\n\t\t<div class=\"elementor-element elementor-element-575f950 e-flex e-con-boxed e-con e-parent\" data-id=\"575f950\" data-element_type=\"container\" data-settings=\"{&quot;background_background&quot;:&quot;gradient&quot;}\">\n\t\t\t\t\t<div class=\"e-con-inner\">\n\t\t\t\t<div class=\"elementor-element elementor-element-fdc513d elementor-widget elementor-widget-text-editor\" data-id=\"fdc513d\" data-element_type=\"widget\" data-widget_type=\"text-editor.default\">\n\t\t\t\t<div class=\"elementor-widget-container\">\n\t\t\t\t\t\t\t\t\t<h3>Meme-M\u00fcnzen<\/h3><h4>Pumpe=Spa\u00df<\/h4><h4>Dump not so much<\/h4>\t\t\t\t\t\t\t\t<\/div>\n\t\t\t\t<\/div>\n\t\t\t\t<div class=\"elementor-element elementor-element-63d6539 elementor-widget elementor-widget-text-editor\" data-id=\"63d6539\" data-element_type=\"widget\" data-widget_type=\"text-editor.default\">\n\t\t\t\t<div class=\"elementor-widget-container\">\n\t\t\t\t\t\t\t\t\t<h3>Meme-M\u00fcnzen sind ein Nullsummenspiel<\/h3><p>Meme-M\u00fcnzen sind angesagt. Hunderte von neuen M\u00fcnzen werden jeden Tag auf den Markt gebracht. Jeder ist auf der Suche nach dem n\u00e4chsten <strong>Pepe, Doge oder Shiba Inu<\/strong> M\u00fcnze, um riesige Gewinne zu machen. Jeder Preisanstieg ist auf FOMO (fear of missing out) oder Pump-and-Dump zur\u00fcckzuf\u00fchren. <strong>Aber nur wenige H\u00e4ndler werden Geld verdienen,<\/strong> die Mehrheit wird einen Verlust machen.<\/p><p><strong>Es ist ein Nullsummenspiel. Wenn Sie x100 verdienen, verdient jemand anderes -99%.<\/strong><\/p><p>Wir vom Blossom Fund sind der Meinung, dass ein gutes Projekt Folgendes bewirken sollte<strong> einen angemessenen ROI f\u00fcr alle Investoren<\/strong>. Nicht nur die Schlauen. <strong>Jeder profitiert vom Wertzuwachs<\/strong> mit Blossom Fund!<\/p>\t\t\t\t\t\t\t\t<\/div>\n\t\t\t\t<\/div>\n\t\t\t\t<div class=\"elementor-element elementor-element-470679b elementor-widget elementor-widget-text-editor\" data-id=\"470679b\" data-element_type=\"widget\" data-widget_type=\"text-editor.default\">\n\t\t\t\t<div class=\"elementor-widget-container\">\n\t\t\t\t\t\t\t\t\t<h4>Pump.fun<\/h4><p>Pump.fun ist eine Plattform, die die schnelle Erstellung und den Handel von Memecoins auf der Solana-Blockchain erleichtern soll. Sie erm\u00f6glicht es den Nutzern, Token mit minimalem Aufwand und Kosten zu lancieren, was sie f\u00fcr diejenigen interessant macht, die von viralen Token-Trends profitieren wollen.<\/p><p>Dies sind die Hauptrisiken beim Handel auf pump.fun:<\/p><ol><li>Die dezentrale und anonyme Natur von pump.fun macht es zu einer attraktiven Plattform f\u00fcr <strong>Betr\u00fcger und Hacker.<\/strong><\/li><li>Die Nutzer sind gef\u00e4hrdet durch <strong>Opfer von \"Rug Pulls\" zu werden.<\/strong> wenn Entwickler ein Projekt aufgeben und mit dem Geld der Investoren abreisen.<\/li><li>Schwachstellen in intelligenten Vertr\u00e4gen k\u00f6nnen auch ausgenutzt werden, um Token zu stehlen oder <strong>die Token-Preise zu manipulieren.<\/strong><\/li><li>Pump.fun-Token sind in erster Linie f\u00fcr den kurzfristigen, spekulativen Handel gedacht, der von einem Hype und dem Potenzial f\u00fcr schnelle Gewinne angetrieben wird.<\/li><li>Die Anleger sind dem Risiko erheblicher Verluste ausgesetzt, wenn sie es nicht schaffen, den Markt richtig zu timen, oder wenn sie Opfer von <strong>Marktmanipulation<\/strong>.<\/li><li>Die Konzentration auf kurzfristige Gewinne geht oft auf Kosten der nachhaltigen Projektentwicklung und der langfristigen Wertsch\u00f6pfung.<\/li><li>Aufgrund der Kombination der oben genannten Risiken, <strong>Die Investition in pump.fun-Token birgt ein hohes Risiko eines finanziellen Verlustes<\/strong>.<\/li><\/ol>\t\t\t\t\t\t\t\t<\/div>\n\t\t\t\t<\/div>\n\t\t\t\t<div class=\"elementor-element elementor-element-b39db22 elementor-widget elementor-widget-text-editor\" data-id=\"b39db22\" data-element_type=\"widget\" data-widget_type=\"text-editor.default\">\n\t\t\t\t<div class=\"elementor-widget-container\">\n\t\t\t\t\t\t\t\t\t<h4><strong>Web3payments<\/strong><\/h4><p>Web3payments ist ein professioneller Ersteller von Meme Coin Websites, einschlie\u00dflich Full-Service Initial Coin Offering Zahlungen. Sie haben eine gro\u00dfe Anzahl von Projekten gestartet, wie zum Beispiel: <strong>Flockerz, Wall Street Pepe, Meme Games, PlayDoge, DogeCoin20, DogLibre, Pepe Unchained, Crypto All-Stars, Star Chain, Pepeto, Influencer Pepe, Doge2014, Multiverse Monkey, Frenz With Money<\/strong> usw.<\/p><p>Nach einigen Recherchen stellte sich heraus, dass einige dieser Projekte Betrug sind, einige Websites wurden deaktiviert und die meisten Projekte f\u00fchrten zu einem negativen ROI.<\/p>\t\t\t\t\t\t\t\t<\/div>\n\t\t\t\t<\/div>\n\t\t\t\t\t<\/div>\n\t\t\t\t<\/div>\n\t\t<div class=\"elementor-element elementor-element-46fe75d1 e-flex e-con-boxed e-con e-parent\" data-id=\"46fe75d1\" data-element_type=\"container\" data-settings=\"{&quot;background_background&quot;:&quot;classic&quot;}\">\n\t\t\t\t\t<div class=\"e-con-inner\">\n\t\t\t\t<div class=\"elementor-element elementor-element-d029a76 elementor-widget-divider--view-line elementor-widget elementor-widget-divider\" data-id=\"d029a76\" data-element_type=\"widget\" data-widget_type=\"divider.default\">\n\t\t\t\t<div class=\"elementor-widget-container\">\n\t\t\t\t\t\t\t<div class=\"elementor-divider\">\n\t\t\t<span class=\"elementor-divider-separator\">\n\t\t\t\t\t\t<\/span>\n\t\t<\/div>\n\t\t\t\t\t\t<\/div>\n\t\t\t\t<\/div>\n\t\t\t\t<div class=\"elementor-element elementor-element-4a7bfdf8 elementor-widget elementor-widget-heading\" data-id=\"4a7bfdf8\" data-element_type=\"widget\" data-widget_type=\"heading.default\">\n\t\t\t\t<div class=\"elementor-widget-container\">\n\t\t\t\t\t<h4 class=\"elementor-heading-title elementor-size-default\">\"Investitionen in Meme-M\u00fcnzen sind sehr riskant, und die meisten Anleger werden Geld verlieren. Das Sch\u00f6ne am Blossom Fund ist, dass sich die Investoren nicht gegenseitig bek\u00e4mpfen, sondern ihre Kr\u00e4fte b\u00fcndeln. Die Gewinne aus der traditionellen Wirtschaft flie\u00dfen in den Wert des BLOS-Tokens. Jedes Quartal werden diese Gewinne dazu verwendet, den Token zur\u00fcckzukaufen und zu verbrennen. Dies f\u00fchrt zu einem nachhaltigen Wertzuwachs f\u00fcr alle.\"<\/h4>\t\t\t\t<\/div>\n\t\t\t\t<\/div>\n\t\t\t\t<div class=\"elementor-element elementor-element-3c7a75a9 elementor-widget elementor-widget-heading\" data-id=\"3c7a75a9\" data-element_type=\"widget\" data-widget_type=\"heading.default\">\n\t\t\t\t<div class=\"elementor-widget-container\">\n\t\t\t\t\t<h6 class=\"elementor-heading-title elementor-size-default\">Spielen Sie nicht mit Ihrem Geld<\/h6>\t\t\t\t<\/div>\n\t\t\t\t<\/div>\n\t\t\t\t\t<\/div>\n\t\t\t\t<\/div>\n\t\t<div class=\"elementor-element elementor-element-5da42ae e-grid e-con-boxed e-con e-parent\" data-id=\"5da42ae\" data-element_type=\"container\" data-settings=\"{&quot;background_background&quot;:&quot;classic&quot;}\">\n\t\t\t\t\t<div class=\"e-con-inner\">\n\t\t\t\t<div class=\"elementor-element elementor-element-a4525f8 elementor-widget elementor-widget-heading\" data-id=\"a4525f8\" data-element_type=\"widget\" data-widget_type=\"heading.default\">\n\t\t\t\t<div class=\"elementor-widget-container\">\n\t\t\t\t\t<h2 class=\"elementor-heading-title elementor-size-default\">Meme-M\u00fcnzen ROI-Analyse<\/h2>\t\t\t\t<\/div>\n\t\t\t\t<\/div>\n\t\t\t\t\t<\/div>\n\t\t\t\t<\/div>\n\t\t<div class=\"elementor-element elementor-element-3ea802c e-grid e-con-boxed e-con e-parent\" data-id=\"3ea802c\" data-element_type=\"container\" data-settings=\"{&quot;background_background&quot;:&quot;classic&quot;}\">\n\t\t\t\t\t<div class=\"e-con-inner\">\n\t\t\t\t<div class=\"elementor-element elementor-element-ce77f86 elementor-widget elementor-widget-text-editor\" data-id=\"ce77f86\" data-element_type=\"widget\" data-widget_type=\"text-editor.default\">\n\t\t\t\t<div class=\"elementor-widget-container\">\n\t\t\t\t\t\t\t\t\t<h6>Projekt: Wall Street Pepe<\/h6><h6><a href=\"https:\/\/wallstreetpepe.com\/en\">https:\/\/wallstreetpepe.com\/en<\/a><\/h6><h6>Eingesammelt: $70.000.000<\/h6><h4>ROI: -67%<\/h4><p>per 16-07-25<\/p>\t\t\t\t\t\t\t\t<\/div>\n\t\t\t\t<\/div>\n\t\t\t\t<div class=\"elementor-element elementor-element-6d1a7d5 elementor-widget elementor-widget-image\" data-id=\"6d1a7d5\" data-element_type=\"widget\" data-widget_type=\"image.default\">\n\t\t\t\t<div class=\"elementor-widget-container\">\n\t\t\t\t\t\t\t\t\t\t\t\t\t\t\t<img alt=\"\" fetchpriority=\"high\" decoding=\"async\" width=\"1024\" height=\"743\" src=\"https:\/\/www.blossom-fund.com\/wp-content\/uploads\/2025\/07\/Wallstreet-Pepe-Main-1024x743.png\" class=\"attachment-large size-large wp-image-2125\" srcset=\"https:\/\/www.blossom-fund.com\/wp-content\/uploads\/2025\/07\/Wallstreet-Pepe-Main-1024x743.png 1024w, https:\/\/www.blossom-fund.com\/wp-content\/uploads\/2025\/07\/Wallstreet-Pepe-Main-300x218.png 300w, https:\/\/www.blossom-fund.com\/wp-content\/uploads\/2025\/07\/Wallstreet-Pepe-Main-768x557.png 768w, https:\/\/www.blossom-fund.com\/wp-content\/uploads\/2025\/07\/Wallstreet-Pepe-Main-18x12.png 18w, https:\/\/www.blossom-fund.com\/wp-content\/uploads\/2025\/07\/Wallstreet-Pepe-Main.png 1267w\" sizes=\"(max-width: 1024px) 100vw, 1024px\" \/>\t\t\t\t\t\t\t\t\t\t\t\t\t\t\t<\/div>\n\t\t\t\t<\/div>\n\t\t\t\t<div class=\"elementor-element elementor-element-46a596f elementor-widget elementor-widget-image\" data-id=\"46a596f\" data-element_type=\"widget\" data-widget_type=\"image.default\">\n\t\t\t\t<div class=\"elementor-widget-container\">\n\t\t\t\t\t\t\t\t\t\t\t\t\t\t\t<img alt=\"\" decoding=\"async\" width=\"1024\" height=\"577\" src=\"https:\/\/www.blossom-fund.com\/wp-content\/uploads\/2025\/07\/wallstreetpepechart-1024x577.jpg\" class=\"attachment-large size-large wp-image-1699\" srcset=\"https:\/\/www.blossom-fund.com\/wp-content\/uploads\/2025\/07\/wallstreetpepechart-1024x577.jpg 1024w, https:\/\/www.blossom-fund.com\/wp-content\/uploads\/2025\/07\/wallstreetpepechart-300x169.jpg 300w, https:\/\/www.blossom-fund.com\/wp-content\/uploads\/2025\/07\/wallstreetpepechart-768x432.jpg 768w, https:\/\/www.blossom-fund.com\/wp-content\/uploads\/2025\/07\/wallstreetpepechart-18x10.jpg 18w, https:\/\/www.blossom-fund.com\/wp-content\/uploads\/2025\/07\/wallstreetpepechart.jpg 1357w\" sizes=\"(max-width: 1024px) 100vw, 1024px\" \/>\t\t\t\t\t\t\t\t\t\t\t\t\t\t\t<\/div>\n\t\t\t\t<\/div>\n\t\t\t\t<div class=\"elementor-element elementor-element-897bb2e elementor-widget elementor-widget-text-editor\" data-id=\"897bb2e\" data-element_type=\"widget\" data-widget_type=\"text-editor.default\">\n\t\t\t\t<div class=\"elementor-widget-container\">\n\t\t\t\t\t\t\t\t\t<h6>Projekt: Flockerz<\/h6><h6><a href=\"https:\/\/flockerz.com\/en\">https:\/\/flockerz.com\/en<\/a><\/h6><h6>Eingesammelt: $13.298.819<\/h6><h4>ROI: -90%<\/h4><p>per 16-07-25<\/p>\t\t\t\t\t\t\t\t<\/div>\n\t\t\t\t<\/div>\n\t\t\t\t<div class=\"elementor-element elementor-element-5ae3559 elementor-widget elementor-widget-image\" data-id=\"5ae3559\" data-element_type=\"widget\" data-widget_type=\"image.default\">\n\t\t\t\t<div class=\"elementor-widget-container\">\n\t\t\t\t\t\t\t\t\t\t\t\t\t\t\t<img alt=\"\" decoding=\"async\" width=\"1024\" height=\"654\" src=\"https:\/\/www.blossom-fund.com\/wp-content\/uploads\/2025\/07\/flockerzmain-1-1024x654.jpg\" class=\"attachment-large size-large wp-image-2123\" srcset=\"https:\/\/www.blossom-fund.com\/wp-content\/uploads\/2025\/07\/flockerzmain-1-1024x654.jpg 1024w, https:\/\/www.blossom-fund.com\/wp-content\/uploads\/2025\/07\/flockerzmain-1-300x191.jpg 300w, https:\/\/www.blossom-fund.com\/wp-content\/uploads\/2025\/07\/flockerzmain-1-768x490.jpg 768w, https:\/\/www.blossom-fund.com\/wp-content\/uploads\/2025\/07\/flockerzmain-1-18x12.jpg 18w, https:\/\/www.blossom-fund.com\/wp-content\/uploads\/2025\/07\/flockerzmain-1.jpg 1371w\" sizes=\"(max-width: 1024px) 100vw, 1024px\" \/>\t\t\t\t\t\t\t\t\t\t\t\t\t\t\t<\/div>\n\t\t\t\t<\/div>\n\t\t\t\t<div class=\"elementor-element elementor-element-5e099bb elementor-widget elementor-widget-image\" data-id=\"5e099bb\" data-element_type=\"widget\" data-widget_type=\"image.default\">\n\t\t\t\t<div class=\"elementor-widget-container\">\n\t\t\t\t\t\t\t\t\t\t\t\t\t\t\t<img alt=\"\" loading=\"lazy\" decoding=\"async\" width=\"1024\" height=\"580\" src=\"https:\/\/www.blossom-fund.com\/wp-content\/uploads\/2025\/07\/flockerzchart-1024x580.jpg\" class=\"attachment-large size-large wp-image-1689\" srcset=\"https:\/\/www.blossom-fund.com\/wp-content\/uploads\/2025\/07\/flockerzchart-1024x580.jpg 1024w, https:\/\/www.blossom-fund.com\/wp-content\/uploads\/2025\/07\/flockerzchart-300x170.jpg 300w, https:\/\/www.blossom-fund.com\/wp-content\/uploads\/2025\/07\/flockerzchart-768x435.jpg 768w, https:\/\/www.blossom-fund.com\/wp-content\/uploads\/2025\/07\/flockerzchart-18x10.jpg 18w, https:\/\/www.blossom-fund.com\/wp-content\/uploads\/2025\/07\/flockerzchart.jpg 1363w\" sizes=\"(max-width: 1024px) 100vw, 1024px\" \/>\t\t\t\t\t\t\t\t\t\t\t\t\t\t\t<\/div>\n\t\t\t\t<\/div>\n\t\t\t\t<div class=\"elementor-element elementor-element-6bb0f36 elementor-widget elementor-widget-text-editor\" data-id=\"6bb0f36\" data-element_type=\"widget\" data-widget_type=\"text-editor.default\">\n\t\t\t\t<div class=\"elementor-widget-container\">\n\t\t\t\t\t\t\t\t\t<h6>Projekt: Dogecoin20<\/h6><h6><a href=\"https:\/\/dogecoin20token.com\/en\">https:\/\/dogecoin20token.com\/en<\/a><\/h6><h4>ROI: -92%<\/h4><div>per 16-07-25<\/div>\t\t\t\t\t\t\t\t<\/div>\n\t\t\t\t<\/div>\n\t\t\t\t<div class=\"elementor-element elementor-element-1c5b12e elementor-widget elementor-widget-image\" data-id=\"1c5b12e\" data-element_type=\"widget\" data-widget_type=\"image.default\">\n\t\t\t\t<div class=\"elementor-widget-container\">\n\t\t\t\t\t\t\t\t\t\t\t\t\t\t\t<img alt=\"\" loading=\"lazy\" decoding=\"async\" width=\"1024\" height=\"686\" src=\"https:\/\/www.blossom-fund.com\/wp-content\/uploads\/2025\/07\/dogecoin20main-1024x686.jpg\" class=\"attachment-large size-large wp-image-1688\" srcset=\"https:\/\/www.blossom-fund.com\/wp-content\/uploads\/2025\/07\/dogecoin20main-1024x686.jpg 1024w, https:\/\/www.blossom-fund.com\/wp-content\/uploads\/2025\/07\/dogecoin20main-300x201.jpg 300w, https:\/\/www.blossom-fund.com\/wp-content\/uploads\/2025\/07\/dogecoin20main-768x515.jpg 768w, https:\/\/www.blossom-fund.com\/wp-content\/uploads\/2025\/07\/dogecoin20main-18x12.jpg 18w, https:\/\/www.blossom-fund.com\/wp-content\/uploads\/2025\/07\/dogecoin20main.jpg 1356w\" sizes=\"(max-width: 1024px) 100vw, 1024px\" \/>\t\t\t\t\t\t\t\t\t\t\t\t\t\t\t<\/div>\n\t\t\t\t<\/div>\n\t\t\t\t<div class=\"elementor-element elementor-element-e0a1933 elementor-widget elementor-widget-image\" data-id=\"e0a1933\" data-element_type=\"widget\" data-widget_type=\"image.default\">\n\t\t\t\t<div class=\"elementor-widget-container\">\n\t\t\t\t\t\t\t\t\t\t\t\t\t\t\t<img alt=\"\" loading=\"lazy\" decoding=\"async\" width=\"1024\" height=\"573\" src=\"https:\/\/www.blossom-fund.com\/wp-content\/uploads\/2025\/07\/dogecoin20chart-1024x573.jpg\" class=\"attachment-large size-large wp-image-1687\" srcset=\"https:\/\/www.blossom-fund.com\/wp-content\/uploads\/2025\/07\/dogecoin20chart-1024x573.jpg 1024w, https:\/\/www.blossom-fund.com\/wp-content\/uploads\/2025\/07\/dogecoin20chart-300x168.jpg 300w, https:\/\/www.blossom-fund.com\/wp-content\/uploads\/2025\/07\/dogecoin20chart-768x430.jpg 768w, https:\/\/www.blossom-fund.com\/wp-content\/uploads\/2025\/07\/dogecoin20chart-18x10.jpg 18w, https:\/\/www.blossom-fund.com\/wp-content\/uploads\/2025\/07\/dogecoin20chart.jpg 1364w\" sizes=\"(max-width: 1024px) 100vw, 1024px\" \/>\t\t\t\t\t\t\t\t\t\t\t\t\t\t\t<\/div>\n\t\t\t\t<\/div>\n\t\t\t\t<div class=\"elementor-element elementor-element-de4d500 elementor-widget elementor-widget-text-editor\" data-id=\"de4d500\" data-element_type=\"widget\" data-widget_type=\"text-editor.default\">\n\t\t\t\t<div class=\"elementor-widget-container\">\n\t\t\t\t\t\t\t\t\t<h6>Projekt: Pepe Unchained<\/h6><h6><a href=\"https:\/\/pepeunchained.com\/\">https:\/\/pepeunchained.com\/<\/a><\/h6><h6>Eingesammelt: $73,924,433<\/h6><h4>ROI: -63%<\/h4><div>per 16-07-25<\/div>\t\t\t\t\t\t\t\t<\/div>\n\t\t\t\t<\/div>\n\t\t\t\t<div class=\"elementor-element elementor-element-62dded0 elementor-widget elementor-widget-image\" data-id=\"62dded0\" data-element_type=\"widget\" data-widget_type=\"image.default\">\n\t\t\t\t<div class=\"elementor-widget-container\">\n\t\t\t\t\t\t\t\t\t\t\t\t\t\t\t<img alt=\"\" loading=\"lazy\" decoding=\"async\" width=\"1024\" height=\"706\" src=\"https:\/\/www.blossom-fund.com\/wp-content\/uploads\/2025\/07\/Pepe-unchained-main-1024x706.png\" class=\"attachment-large size-large wp-image-2124\" srcset=\"https:\/\/www.blossom-fund.com\/wp-content\/uploads\/2025\/07\/Pepe-unchained-main-1024x706.png 1024w, https:\/\/www.blossom-fund.com\/wp-content\/uploads\/2025\/07\/Pepe-unchained-main-300x207.png 300w, https:\/\/www.blossom-fund.com\/wp-content\/uploads\/2025\/07\/Pepe-unchained-main-768x529.png 768w, https:\/\/www.blossom-fund.com\/wp-content\/uploads\/2025\/07\/Pepe-unchained-main-18x12.png 18w, https:\/\/www.blossom-fund.com\/wp-content\/uploads\/2025\/07\/Pepe-unchained-main.png 1338w\" sizes=\"(max-width: 1024px) 100vw, 1024px\" \/>\t\t\t\t\t\t\t\t\t\t\t\t\t\t\t<\/div>\n\t\t\t\t<\/div>\n\t\t\t\t<div class=\"elementor-element elementor-element-a0c2afd elementor-widget elementor-widget-image\" data-id=\"a0c2afd\" data-element_type=\"widget\" data-widget_type=\"image.default\">\n\t\t\t\t<div class=\"elementor-widget-container\">\n\t\t\t\t\t\t\t\t\t\t\t\t\t\t\t<img alt=\"\" loading=\"lazy\" decoding=\"async\" width=\"1024\" height=\"483\" src=\"https:\/\/www.blossom-fund.com\/wp-content\/uploads\/2025\/07\/pepeunchainedchart-1024x483.jpg\" class=\"attachment-large size-large wp-image-1697\" srcset=\"https:\/\/www.blossom-fund.com\/wp-content\/uploads\/2025\/07\/pepeunchainedchart-1024x483.jpg 1024w, https:\/\/www.blossom-fund.com\/wp-content\/uploads\/2025\/07\/pepeunchainedchart-300x142.jpg 300w, https:\/\/www.blossom-fund.com\/wp-content\/uploads\/2025\/07\/pepeunchainedchart-768x362.jpg 768w, https:\/\/www.blossom-fund.com\/wp-content\/uploads\/2025\/07\/pepeunchainedchart-18x8.jpg 18w, https:\/\/www.blossom-fund.com\/wp-content\/uploads\/2025\/07\/pepeunchainedchart.jpg 1356w\" sizes=\"(max-width: 1024px) 100vw, 1024px\" \/>\t\t\t\t\t\t\t\t\t\t\t\t\t\t\t<\/div>\n\t\t\t\t<\/div>\n\t\t\t\t\t<\/div>\n\t\t\t\t<\/div>\n\t\t\t\t<\/div>","protected":false},"excerpt":{"rendered":"<p>Meme Coins Meme Coins Pump=Spa\u00df Dump nicht so sehr Meme Coins sind ein Nullsummenspiel Meme Coins sind hei\u00df. [...]<\/p>","protected":false},"author":1,"featured_media":0,"parent":0,"menu_order":0,"comment_status":"closed","ping_status":"closed","template":"","meta":{"_seopress_robots_primary_cat":"","_seopress_titles_title":"Meme Coins are not always pump and fun","_seopress_titles_desc":"Popular platforms like pump.fun and web3payments offer high risk meme coin investments","_seopress_robots_index":"","site-sidebar-layout":"no-sidebar","site-content-layout":"","ast-site-content-layout":"full-width-container","site-content-style":"default","site-sidebar-style":"default","ast-global-header-display":"","ast-banner-title-visibility":"","ast-main-header-display":"","ast-hfb-above-header-display":"","ast-hfb-below-header-display":"","ast-hfb-mobile-header-display":"","site-post-title":"disabled","ast-breadcrumbs-content":"","ast-featured-img":"disabled","footer-sml-layout":"","theme-transparent-header-meta":"","adv-header-id-meta":"","stick-header-meta":"","header-above-stick-meta":"","header-main-stick-meta":"","header-below-stick-meta":"","astra-migrate-meta-layouts":"default","ast-page-background-enabled":"default","ast-page-background-meta":{"desktop":{"background-color":"var(--ast-global-color-4)","background-image":"","background-repeat":"repeat","background-position":"center center","background-size":"auto","background-attachment":"scroll","background-type":"","background-media":"","overlay-type":"","overlay-color":"","overlay-opacity":"","overlay-gradient":""},"tablet":{"background-color":"","background-image":"","background-repeat":"repeat","background-position":"center center","background-size":"auto","background-attachment":"scroll","background-type":"","background-media":"","overlay-type":"","overlay-color":"","overlay-opacity":"","overlay-gradient":""},"mobile":{"background-color":"","background-image":"","background-repeat":"repeat","background-position":"center center","background-size":"auto","background-attachment":"scroll","background-type":"","background-media":"","overlay-type":"","overlay-color":"","overlay-opacity":"","overlay-gradient":""}},"ast-content-background-meta":{"desktop":{"background-color":"var(--ast-global-color-5)","background-image":"","background-repeat":"repeat","background-position":"center center","background-size":"auto","background-attachment":"scroll","background-type":"","background-media":"","overlay-type":"","overlay-color":"","overlay-opacity":"","overlay-gradient":""},"tablet":{"background-color":"var(--ast-global-color-5)","background-image":"","background-repeat":"repeat","background-position":"center center","background-size":"auto","background-attachment":"scroll","background-type":"","background-media":"","overlay-type":"","overlay-color":"","overlay-opacity":"","overlay-gradient":""},"mobile":{"background-color":"var(--ast-global-color-5)","background-image":"","background-repeat":"repeat","background-position":"center center","background-size":"auto","background-attachment":"scroll","background-type":"","background-media":"","overlay-type":"","overlay-color":"","overlay-opacity":"","overlay-gradient":""}},"footnotes":""},"class_list":["post-1664","page","type-page","status-publish","hentry"],"_links":{"self":[{"href":"https:\/\/www.blossom-fund.com\/de\/wp-json\/wp\/v2\/pages\/1664","targetHints":{"allow":["GET"]}}],"collection":[{"href":"https:\/\/www.blossom-fund.com\/de\/wp-json\/wp\/v2\/pages"}],"about":[{"href":"https:\/\/www.blossom-fund.com\/de\/wp-json\/wp\/v2\/types\/page"}],"author":[{"embeddable":true,"href":"https:\/\/www.blossom-fund.com\/de\/wp-json\/wp\/v2\/users\/1"}],"replies":[{"embeddable":true,"href":"https:\/\/www.blossom-fund.com\/de\/wp-json\/wp\/v2\/comments?post=1664"}],"version-history":[{"count":80,"href":"https:\/\/www.blossom-fund.com\/de\/wp-json\/wp\/v2\/pages\/1664\/revisions"}],"predecessor-version":[{"id":2458,"href":"https:\/\/www.blossom-fund.com\/de\/wp-json\/wp\/v2\/pages\/1664\/revisions\/2458"}],"wp:attachment":[{"href":"https:\/\/www.blossom-fund.com\/de\/wp-json\/wp\/v2\/media?parent=1664"}],"curies":[{"name":"wp","href":"https:\/\/api.w.org\/{rel}","templated":true}]}}